{"id":884,"date":"2025-01-29T11:53:57","date_gmt":"2025-01-29T14:53:57","guid":{"rendered":"https:\/\/casasama.org.br\/?page_id=884"},"modified":"2025-01-29T13:53:35","modified_gmt":"2025-01-29T16:53:35","slug":"agendamento-reiki-presencial","status":"publish","type":"page","link":"https:\/\/casasama.org.br\/index.php\/reiki\/agendamento-reiki-presencial\/","title":{"rendered":"Agendamento Reiki Presencial"},"content":{"rendered":"\n<h3><img decoding=\"async\" class=\"aligncenter\" src=\"https:\/\/julianaparlato.com\/wp-content\/uploads\/2017\/06\/cura-reiki.jpg\" alt=\"A energia de cura do Reiki - Juliana Parlato - Terapia Anal\u00edtica\"><\/h3>\n<h3><span style=\"color: #000000;\"><strong>Agendamento de Reiki Presencial Casa S.A.M.A.<\/strong><\/span><\/h3>\n<p><span style=\"color: #000000;\">O fluxo das energias Reiki nas aplica\u00e7\u00f5es presenciais promove bem-estar, renovando e fortalecendo o campo \u00e1urico. A pr\u00e1tica auxilia na recupera\u00e7\u00e3o da sa\u00fade, equilibrando as emo\u00e7\u00f5es, reduzindo pensamentos acelerados e restaurando a vitalidade do corpo f\u00edsico.<\/span><\/p>\n<p><span style=\"color: #000000;\">Ao reorganizar e realinhar os centros energ\u00e9ticos (chakras), o assistido percebe, a cada aplica\u00e7\u00e3o, uma melhora significativa na organiza\u00e7\u00e3o dos pensamentos e sentimentos, al\u00e9m de uma redu\u00e7\u00e3o no estresse, ansiedade e irritabilidade. O Reiki tamb\u00e9m contribui para uma melhor qualidade do sono, atitudes mais equilibradas no dia a dia e proporciona momentos de tranquilidade e paz interior.<\/span><\/p>\n<h3><span style=\"color: #000000;\"><strong>O Reiki como Terapia Complementar<\/strong><\/span><\/h3>\n<p><span style=\"color: #000000;\">O Reiki \u00e9 uma terapia hol\u00edstica energ\u00e9tica que busca a <strong>cura natural<\/strong>, tratando o ser humano de forma integral e multidimensional. No entanto, ele n\u00e3o substitui tratamentos m\u00e9dicos convencionais, mas sim os complementa, potencializando a recupera\u00e7\u00e3o e o equil\u00edbrio energ\u00e9tico.<\/span><\/p>\n<p><span style=\"color: #000000;\">Por ser uma energia universal e sutil, o Reiki n\u00e3o possui efeitos colaterais e auxilia no fortalecimento da energia vital, promovendo uma conex\u00e3o mais profunda consigo mesmo, com sua ess\u00eancia e espiritualidade.<\/span><\/p>\n<p><span style=\"color: #000000;\">A aplica\u00e7\u00e3o do Reiki contribui para desbloqueios e limpeza energ\u00e9tica, promovendo um fluxo vibracional mais harmonioso e restaurando a sa\u00fade e o bem-estar. A energia atua naturalmente na dissolu\u00e7\u00e3o de bloqueios emocionais e f\u00edsicos, permitindo que o corpo f\u00edsico e os corpos sutis entrem em sintonia com frequ\u00eancias vibracionais mais elevadas.<\/span><\/p>\n<h3><span style=\"color: #000000;\"><strong>Benef\u00edcios do Reiki Presencial<\/strong><\/span><\/h3>\n<p><span style=\"color: #000000;\">\u2714 Equil\u00edbrio energ\u00e9tico e emocional<\/span><br><span style=\"color: #000000;\">\u2714 Redu\u00e7\u00e3o do estresse, ansiedade e irritabilidade<\/span><br><span style=\"color: #000000;\">\u2714 Melhora na qualidade do sono<\/span><br><span style=\"color: #000000;\">\u2714 Sensa\u00e7\u00e3o de bem-estar e paz interior<\/span><br><span style=\"color: #000000;\">\u2714 Expans\u00e3o da consci\u00eancia e conex\u00e3o espiritual<\/span><\/p>\n<h3><strong><span style=\"color: #000000;\">Agende sua Sess\u00e3o de Reiki Presencial,<\/span> <span style=\"color: #000000; background-color: #00ff00;\">todas as ter\u00e7as feiras a partir das 19:30 (Por Agendamento).<\/span><\/strong><\/h3>\n<p><span style=\"color: #000000;\">Permita-se vivenciar o poder transformador dessa pr\u00e1tica milenar. Para agendar sua sess\u00e3o de Reiki presencial, clique no bot\u00e3o logo abaixo, voc\u00ea ser\u00e1 direcionado ao nosso whastApp, l\u00e1 voc\u00ea voc\u00ea fa\u00e7a sua solicita\u00e7\u00e3o que vamos realizar seu agendamento e retornaremos seu contato d\u00ea o primeiro passo para restaurar seu equil\u00edbrio, sua sa\u00fade e seu bem-estar.<\/span><\/p>\n<p><a href=\"https:\/\/wa.me\/5517981001944?text=Ol\u00e1%2C%20desejo%20agendar%20uma%20sess\u00e3o%20de%20Reiki%20na%20Casa%20SAMA!\"><span style=\"color: #000000;\">Clique no bot\u00e3o abaixo e fa\u00e7a sua solicita\u00e7\u00e3o.<\/span><\/a><\/p>\n<p><a href=\"https:\/\/wa.me\/5517981001944?text=Ol\u00e1%2C%20desejo%20agendar%20uma%20sess\u00e3o%20de%20Reiki%20na%20Casa%20SAMA!\"><img loading=\"lazy\" decoding=\"async\" class=\"wp-image-905 aligncenter\" src=\"https:\/\/casasama.org.br\/wp-content\/uploads\/2025\/01\/Botao-Reiki.png\" alt=\"\" width=\"508\" height=\"127\" srcset=\"https:\/\/casasama.org.br\/wp-content\/uploads\/2025\/01\/Botao-Reiki.png 800w, https:\/\/casasama.org.br\/wp-content\/uploads\/2025\/01\/Botao-Reiki-300x75.png 300w, https:\/\/casasama.org.br\/wp-content\/uploads\/2025\/01\/Botao-Reiki-768x192.png 768w\" sizes=\"(max-width: 508px) 100vw, 508px\" \/><\/a><\/p>\n<p><span style=\"color: #000000;\">Voc\u00ea merece essa experi\u00eancia!<\/span><\/p>\n<p><span style=\"color: #000000;\"><strong>Eterna Gratid\u00e3o!<\/strong><\/span><\/p>\n<p><span style=\"color: #000000;\"><strong>Casa S.A.M.A<\/strong><\/span><\/p>\n\n\n","protected":false},"excerpt":{"rendered":"<p>Agendamento de Reiki Presencial Casa S.A.M.A. O fluxo das energias Reiki nas aplica\u00e7\u00f5es presenciais promove bem-estar, renovando e fortalecendo o campo \u00e1urico. A pr\u00e1tica auxilia na recupera\u00e7\u00e3o da sa\u00fade, equilibrando as emo\u00e7\u00f5es, reduzindo pensamentos acelerados e restaurando a vitalidade do&hellip; <\/p>\n","protected":false},"author":1,"featured_media":0,"parent":21,"menu_order":5,"comment_status":"closed","ping_status":"closed","template":"","meta":{"om_disable_all_campaigns":false,"ngg_post_thumbnail":0,"_joinchat":[],"footnotes":""},"aioseo_notices":[],"_links":{"self":[{"href":"https:\/\/casasama.org.br\/index.php\/wp-json\/wp\/v2\/pages\/884"}],"collection":[{"href":"https:\/\/casasama.org.br\/index.php\/wp-json\/wp\/v2\/pages"}],"about":[{"href":"https:\/\/casasama.org.br\/index.php\/wp-json\/wp\/v2\/types\/page"}],"author":[{"embeddable":true,"href":"https:\/\/casasama.org.br\/index.php\/wp-json\/wp\/v2\/users\/1"}],"replies":[{"embeddable":true,"href":"https:\/\/casasama.org.br\/index.php\/wp-json\/wp\/v2\/comments?post=884"}],"version-history":[{"count":8,"href":"https:\/\/casasama.org.br\/index.php\/wp-json\/wp\/v2\/pages\/884\/revisions"}],"predecessor-version":[{"id":907,"href":"https:\/\/casasama.org.br\/index.php\/wp-json\/wp\/v2\/pages\/884\/revisions\/907"}],"up":[{"embeddable":true,"href":"https:\/\/casasama.org.br\/index.php\/wp-json\/wp\/v2\/pages\/21"}],"wp:attachment":[{"href":"https:\/\/casasama.org.br\/index.php\/wp-json\/wp\/v2\/media?parent=884"}],"curies":[{"name":"wp","href":"https:\/\/api.w.org\/{rel}","templated":true}]}}