{"id":853,"date":"2024-03-03T19:54:26","date_gmt":"2024-03-03T22:54:26","guid":{"rendered":"https:\/\/casasama.org.br\/?page_id=853"},"modified":"2024-03-13T12:26:23","modified_gmt":"2024-03-13T15:26:23","slug":"reiki-a-distancia","status":"publish","type":"page","link":"https:\/\/casasama.org.br\/index.php\/reiki\/reiki-a-distancia\/","title":{"rendered":"Solicita\u00e7\u00e3o de Reiki \u00e0 Dist\u00e2ncia"},"content":{"rendered":"\n<h2 style=\"text-align: center;\"><span style=\"color: #000000;\"><strong>Reiki \u00e0 Dist\u00e2ncia<\/strong><\/span><\/h2>\n<p>&nbsp;<a href=\"https:\/\/docs.google.com\/forms\/d\/e\/1FAIpQLSdv2ho1Ic60x4HoiZz0G9sOkehSAdAlqbGRc3T3ajA68ClXzg\/viewform?usp=sf_link\"><img loading=\"lazy\" decoding=\"async\" class=\" wp-image-868 aligncenter\" src=\"https:\/\/casasama.org.br\/wp-content\/uploads\/2024\/03\/Clique-aqui-e-envie-sua-solicitacao-Reiki-2-e1709563303436.png\" alt=\"\" width=\"286\" height=\"69\" srcset=\"https:\/\/casasama.org.br\/wp-content\/uploads\/2024\/03\/Clique-aqui-e-envie-sua-solicitacao-Reiki-2-e1709563303436.png 406w, https:\/\/casasama.org.br\/wp-content\/uploads\/2024\/03\/Clique-aqui-e-envie-sua-solicitacao-Reiki-2-e1709563303436-300x72.png 300w\" sizes=\"(max-width: 286px) 100vw, 286px\" \/><\/a><\/p>\n<p><span style=\"color: #000000;\"><strong>Reiki \u00e0 Dist\u00e2ncia<\/strong><\/span><\/p>\n<p><span style=\"color: #000000;\"><strong>&nbsp;<\/strong><\/span><\/p>\n<p><span style=\"color: #000000;\"><strong>O <\/strong><strong>fluxo das energias Reiki nas aplica\u00e7\u00f5es realizadas (presencial ou \u00e0 dist\u00e2ncia) promove bem-estar, renovando e fortalecendo o campo \u00e1urico; resgata a sa\u00fade, priorizando abrandar as emo\u00e7\u00f5es oscilantes bem como a cogita\u00e7\u00e3o mental, os pensamentos acelerados; e consequentemente restaura a vitalidade do&nbsp; corpo f\u00edsico.<\/strong> Ao reorganizar e realinhar os centros energ\u00e9ticos (chakras) do assistido pelo Reiki, o cliente ir\u00e1 perceber a cada aplica\u00e7\u00e3o, presencial ou \u00e0 dist\u00e2ncia, a melhora na organiza\u00e7\u00e3o dos pensamentos, sentimentos; redu\u00e7\u00e3o do n\u00edvel de: estresse, ansiedade, irritabilidade; a melhora na qualidade do sono, nas atitudes do dia-a-dia; e proporciona momentos de maior tranquilidade e paz interior.&nbsp;<\/span><\/p>\n<p><span style=\"color: #000000;\"><strong>Reiki, terapia complementar ao tratamento m\u00e9dico tradicional. <\/strong>O Reiki, Terapia Hol\u00edstica energ\u00e9tica, prima pela Cura Natural, tratando o Ser Humano como um todo e em todas nuances multidimensionais (incluindo o tratamento espiritual), mas jamais ir\u00e1 substituir os tratamentos m\u00e9dicos convencionais.<\/span><\/p>\n<p><span style=\"color: #000000;\">O Reiki \u00e9 uma Terapia Complementar a todo e qualquer tratamento, sem efeitos colaterais, exatamente por ser o Reiki energia \u201cn\u00e3o\u201d polarizada que tonifica a energia vital do assistido, redimensionando a conex\u00e3o consigo mesmo, com a pr\u00f3pria alma e sua espiritualidade; colaborando com o assistido para que flua em boa sintonia com as b\u00ean\u00e7\u00e3os universais, com o Sagrado que habita o Eterno.<\/span><\/p>\n<p><span style=\"color: #000000;\">Sendo assim, os benef\u00edcios da complementa\u00e7\u00e3o da Terap\u00eautica Reiki com outros tratamentos ser\u00e3o sempre bem significativos, podendo restaurar com maior rapidez patologias e les\u00f5es neste processo de recupera\u00e7\u00e3o da sa\u00fade e bem-estar.<\/span><\/p>\n<p><span style=\"color: #000000;\"><strong>Desbloqueios e limpeza energ\u00e9tica:<\/strong> as energias Reiki agem de modo a promover a equaliza\u00e7\u00e3o de seu fluxo vibracional de acordo com o padr\u00e3o energ\u00e9tico inerente a cada indiv\u00edduo. Desse modo a dissolu\u00e7\u00e3o de bloqueios no psiquismo bioenerg\u00e9tico \u00e9 algo que acontece com naturalidade, organizando a intera\u00e7\u00e3o do corpo f\u00edsico com os corpos sutis em frequ\u00eancias vibracionais adequadas \u00e0 boa sa\u00fade e bem-estar, sintonizando e interagindo com os mais variados n\u00edveis de possibilidades de curas, pois compreendemos que a cura, para que ela ocorra, \u00e9 fundamental a restaura\u00e7\u00e3o dos v\u00e1rios n\u00edveis vibracionais do indiv\u00edduo. E vibramos fraternalmente desejando que nossas intera\u00e7\u00f5es sejam bem sucedidas.<\/span><\/p>\n<p><span style=\"color: #000000;\">Reiki, uma pr\u00e1tica de cura energ\u00e9tica origin\u00e1ria do Jap\u00e3o, \u201csem\u201d conota\u00e7\u00e3o religiosa, \u201csem\u201d qualquer v\u00ednculo com credos. Sua flu\u00eancia transcende tempo e espa\u00e7o, principalmente o Reiki \u00e0 dist\u00e2ncia que chega \u00e0quele que deseja receber onde quer que ele esteja, inclusive para desencarnados.<\/span><\/p>\n<p><span style=\"color: #000000;\">Promove tamb\u00e9m ao assistido: expans\u00e3o \u00e1urica, energ\u00e9tica, consciencial e, consequentemente, amplia a percep\u00e7\u00e3o do indiv\u00edduo sobre si mesmo e sobre a pr\u00f3pria vida.<\/span><\/p>\n<p><span style=\"color: #000000;\">O Reiki, por ser um fluxo energ\u00e9tico universal, n\u00e3o se torna obsoleto e, ao receber Reiki, a sensa\u00e7\u00e3o do sentir-se acolhido e pertencente a uma egr\u00e9gora de pacifica\u00e7\u00e3o e estabilidade&nbsp; \u00e9 percebido e comentado pelos assistidos como um momento muito especial.<\/span><\/p>\n<p><span style=\"color: #000000;\">Como dizia <strong>Mikao Usui,<\/strong> o redescobridor do Reiki:<\/span><\/p>\n<p><span style=\"color: #000000;\"><strong>\u201cO Reiki \u00e9 a ferramenta ideal para promover a Paz no mundo. O fluxo da energia Reiki \u00e9 a vibra\u00e7\u00e3o mais elevada de energia vital que existe \u00e0 disposi\u00e7\u00e3o de um ser humano, e ao vivenciar um tratamento, conseguir\u00e1 compreend\u00ea-lo. Ningu\u00e9m pode ignorar os fatos.\u201d<\/strong><\/span><\/p>\n<p><a href=\"https:\/\/docs.google.com\/forms\/d\/e\/1FAIpQLSdv2ho1Ic60x4HoiZz0G9sOkehSAdAlqbGRc3T3ajA68ClXzg\/viewform?usp=sf_link\" data-wplink-edit=\"true\"><span style=\"color: #000000;\"><strong> <img loading=\"lazy\" decoding=\"async\" class=\"wp-image-868  aligncenter\" src=\"https:\/\/casasama.org.br\/wp-content\/uploads\/2024\/03\/Clique-aqui-e-envie-sua-solicitacao-Reiki-2-e1709563303436.png\" alt=\"\" width=\"332\" height=\"80\" srcset=\"https:\/\/casasama.org.br\/wp-content\/uploads\/2024\/03\/Clique-aqui-e-envie-sua-solicitacao-Reiki-2-e1709563303436.png 406w, https:\/\/casasama.org.br\/wp-content\/uploads\/2024\/03\/Clique-aqui-e-envie-sua-solicitacao-Reiki-2-e1709563303436-300x72.png 300w\" sizes=\"(max-width: 332px) 100vw, 332px\" \/><\/strong><\/span><\/a><\/p>\n<p><span style=\"color: #000000;\"><strong>Como Solicitar o Reiki \u00e0 Dist\u00e2ncia:<\/strong><\/span><\/p>\n<p><span style=\"color: #000000;\">Seja para voc\u00ea mesmo ou para algu\u00e9m querido que esteja precisando receber aplica\u00e7\u00f5es de Reiki, solicitar o Reiki \u00e0 dist\u00e2ncia \u00e9 bem simples.<\/span><\/p>\n<p><span style=\"color: #000000;\"><a href=\"https:\/\/docs.google.com\/forms\/d\/e\/1FAIpQLSdv2ho1Ic60x4HoiZz0G9sOkehSAdAlqbGRc3T3ajA68ClXzg\/viewform?usp=sf_link\"><strong>Clique [aqui]<\/strong> <\/a>para preencher um breve formul\u00e1rio com suas inten\u00e7\u00f5es de cura ou de quem voc\u00ea deseja que receba as aplica\u00e7\u00f5es Reiki. Compreenda que este formul\u00e1rio nos auxilia a desenvolvermos um foco mais coerente ao cliente em quest\u00e3o. Todas as informa\u00e7\u00f5es ser\u00e3o mantidas em sigilo e cada cliente receber\u00e1 3 (tr\u00eas) aplica\u00e7\u00f5es de Reiki e ser\u00e1 mantido durante tr\u00eas semanas na \u201cC\u00e2mara de Reiki\u201d para tratamento di\u00e1rio em nossa Casa S.A.M.A.<\/span><\/p>\n<p><span style=\"color: #000000;\">Permita-se receber o fluxo desta energia positiva que transcende barreiras inclusive da fisicalidade, favorecendo cura, paz e equil\u00edbrio para sua vida ou para aqueles a quem voc\u00ea ama.<\/span><\/p>\n<p><span style=\"color: #000000;\">Clique agora e d\u00ea o primeiro passo em dire\u00e7\u00e3o a uma vida mais plena e harmoniosa com sa\u00fade e bem-estar.<\/span><\/p>\n<p><span style=\"color: #000000;\">Acredite! Todos n\u00f3s somos merecedores das b\u00ean\u00e7\u00e3os dispon\u00edveis no universo. E assim \u00e9!<\/span><\/p>\n<p><span style=\"color: #000000;\">Gratid\u00e3o!<\/span><\/p>\n<p><a href=\"https:\/\/docs.google.com\/forms\/d\/e\/1FAIpQLSdv2ho1Ic60x4HoiZz0G9sOkehSAdAlqbGRc3T3ajA68ClXzg\/viewform?usp=sf_link\"><img loading=\"lazy\" decoding=\"async\" class=\"wp-image-868 aligncenter\" src=\"https:\/\/casasama.org.br\/wp-content\/uploads\/2024\/03\/Clique-aqui-e-envie-sua-solicitacao-Reiki-2-e1709563303436.png\" alt=\"\" width=\"331\" height=\"80\" srcset=\"https:\/\/casasama.org.br\/wp-content\/uploads\/2024\/03\/Clique-aqui-e-envie-sua-solicitacao-Reiki-2-e1709563303436.png 406w, https:\/\/casasama.org.br\/wp-content\/uploads\/2024\/03\/Clique-aqui-e-envie-sua-solicitacao-Reiki-2-e1709563303436-300x72.png 300w\" sizes=\"(max-width: 331px) 100vw, 331px\" \/><\/a><\/p>\n","protected":false},"excerpt":{"rendered":"<p>Reiki \u00e0 Dist\u00e2ncia &nbsp; Reiki \u00e0 Dist\u00e2ncia &nbsp; O fluxo das energias Reiki nas aplica\u00e7\u00f5es realizadas (presencial ou \u00e0 dist\u00e2ncia) promove bem-estar, renovando e fortalecendo o campo \u00e1urico; resgata a sa\u00fade, priorizando abrandar as emo\u00e7\u00f5es oscilantes bem como a cogita\u00e7\u00e3o&hellip; <\/p>\n","protected":false},"author":1,"featured_media":0,"parent":21,"menu_order":4,"comment_status":"closed","ping_status":"closed","template":"","meta":{"om_disable_all_campaigns":false,"ngg_post_thumbnail":0,"_joinchat":[],"footnotes":""},"aioseo_notices":[],"_links":{"self":[{"href":"https:\/\/casasama.org.br\/index.php\/wp-json\/wp\/v2\/pages\/853"}],"collection":[{"href":"https:\/\/casasama.org.br\/index.php\/wp-json\/wp\/v2\/pages"}],"about":[{"href":"https:\/\/casasama.org.br\/index.php\/wp-json\/wp\/v2\/types\/page"}],"author":[{"embeddable":true,"href":"https:\/\/casasama.org.br\/index.php\/wp-json\/wp\/v2\/users\/1"}],"replies":[{"embeddable":true,"href":"https:\/\/casasama.org.br\/index.php\/wp-json\/wp\/v2\/comments?post=853"}],"version-history":[{"count":10,"href":"https:\/\/casasama.org.br\/index.php\/wp-json\/wp\/v2\/pages\/853\/revisions"}],"predecessor-version":[{"id":875,"href":"https:\/\/casasama.org.br\/index.php\/wp-json\/wp\/v2\/pages\/853\/revisions\/875"}],"up":[{"embeddable":true,"href":"https:\/\/casasama.org.br\/index.php\/wp-json\/wp\/v2\/pages\/21"}],"wp:attachment":[{"href":"https:\/\/casasama.org.br\/index.php\/wp-json\/wp\/v2\/media?parent=853"}],"curies":[{"name":"wp","href":"https:\/\/api.w.org\/{rel}","templated":true}]}}