{"id":671,"date":"2017-09-19T09:47:53","date_gmt":"2017-09-19T12:47:53","guid":{"rendered":"https:\/\/casasama.org.br\/?page_id=671"},"modified":"2017-09-19T09:51:52","modified_gmt":"2017-09-19T12:51:52","slug":"livre-arbitrio-a-caminho-do-eu-sou","status":"publish","type":"page","link":"https:\/\/casasama.org.br\/index.php\/espiritismo\/mensagens\/livre-arbitrio-a-caminho-do-eu-sou\/","title":{"rendered":"LIVRE ARB\u00cdTRIO A CAMINHO DA CONEX\u00c3O &#8221;EU SOU&#8221;"},"content":{"rendered":"<h2 style=\"text-align: center;\"><span style=\"color: #000000;\">LIVRE ARB\u00cdTRIO A CAMINHO DA CONEX\u00c3O &#8221;EU SOU&#8221;<\/span><\/h2>\n<p><span style=\"font-family: 'book antiqua', palatino, serif; font-size: 14pt; color: #000000;\">Mensagem do esp\u00edrito Zafians, baseada na Palestra de domingo 17\/09\/17<\/span><\/p>\n<p><span style=\"font-family: 'book antiqua', palatino, serif; font-size: 14pt; color: #000000;\">\u00c9 comum ouvir &#8220;a verdade d\u00f3i&#8221; &#8230; mas se lembrarmos que&nbsp;<strong><em>\u201ca dor, principalmente<\/em><\/strong>&nbsp;<strong><em>a dor moral, \u00e9 \u201cprinc\u00edpio ativo\u201d \u00e0 alma em efeito farmacol\u00f3gico \u00e0s distor\u00e7\u00f5es da \u00e9tica e moral \u00e0s rela\u00e7\u00f5es interpessoais e, inclusive em especial \u00e0 rela\u00e7\u00e3o intrapessoal e transpessoal\u201d&nbsp;<\/em><\/strong>e se ponder\u00e1ssemos, acolher\u00edamos a&nbsp;<strong>Verdade<\/strong>&nbsp;como a \u201cbenfazeja anfitri\u00e3\u201d ao alvorecer de novo tempo, Nova Era. Era das Luzes! Consci\u00eancia e auto consci\u00eancia.<\/span><\/p>\n<p><span style=\"font-family: 'book antiqua', palatino, serif; font-size: 14pt; color: #000000;\">A verdade d\u00f3i, quando estamos r\u00edgidos em presun\u00e7\u00e3o, arrog\u00e2ncia, na plenitude do &#8216;ego&#8217;, Ego este, que oferece ao indiv\u00edduo em quest\u00e3o, o aval, a confirmar o ato ou o&nbsp;feito realizado, como l\u00edcito&#8230; Quanta vaidade!<\/span><\/p>\n<p><span style=\"font-family: 'book antiqua', palatino, serif; font-size: 14pt; color: #000000;\">Se viol\u00eancia gera Viol\u00eancia, lembre-se de que a aus\u00eancia de piedade e afeto, gera rigidez, que&nbsp;conduzir\u00e1 o indiv\u00edduo em comunica\u00e7\u00e3o verbal ou n\u00e3o verbal com agressividade e\/ou viol\u00eancia.<\/span><\/p>\n<p><span style=\"font-family: 'book antiqua', palatino, serif; font-size: 14pt; color: #000000;\">Mas temos escolhas. Poderemos sentir a verdade: acolhedora, consoladora, confortadora, se os valores da vida estiverem alicer\u00e7ados na F\u00e9 consciente, Esperan\u00e7a proativa, Reflex\u00f5es renovadoras e edificantes.<\/span><\/p>\n<p><span style=\"font-family: 'book antiqua', palatino, serif; font-size: 14pt; color: #000000;\">O que poderemos considerar como&nbsp;<strong>&#8216;atitudes coerentes&#8217;<\/strong>, s\u00e3o aquelas&nbsp;moldadas pela&nbsp;<strong>sinceridade piedosa em alteridade.<\/strong>&nbsp;Entendendo melhor:<\/span><\/p>\n<p><span style=\"font-family: 'book antiqua', palatino, serif; font-size: 14pt; color: #000000;\">&nbsp;-Seria eu capaz de<strong>&nbsp;receber<\/strong>&nbsp;o que estou oferecendo a outrem, ao meu pr\u00f3ximo? E como&nbsp;este \u2018eu&#8217; (o outro) ficaria ap\u00f3s receber este pacote energ\u00e9tico promovido, gestado pelo &#8216;ego&#8217; com pitadas de orgulho e ego\u00edsmo?&nbsp;<\/span><\/p>\n<p><span style=\"font-family: 'book antiqua', palatino, serif; font-size: 14pt; color: #000000;\">Lembrando que, deveremos n\u00e3o somente nos colocarmos no lugar do outro, mas em mesma condi\u00e7\u00e3o e situa\u00e7\u00e3o:&nbsp;ra\u00e7a, credo, condi\u00e7\u00e3o social, sa\u00fade ou doen\u00e7a, faixa et\u00e1ria, quest\u00f5es financeiras e profissionais, demandas emocionais, espirituais, etc.&nbsp;Este \u00e9 um excelente exerc\u00edcio \u00e0&nbsp;<strong>REFORMA \u00cdNTIMA<\/strong>!<\/span><\/p>\n<p><span style=\"font-family: 'book antiqua', palatino, serif; font-size: 14pt; color: #000000;\">A verdade s\u00f3 libertar\u00e1 aos SIMPLES e L\u00daCIDOS. Jamais aos que usam pessoas como testemunhas de suas justificativas \u00e0 \u2018dor\u2019 que n\u00e3o sentem, ou \u00e0 dor do orgulho ferido. E muitos do plano dos encarnados, adotam o uso da chantagem emocional ou moldam respostas diplom\u00e1ticas para disfar\u00e7ar o desconforto da vaidade atingida&#8230;<\/span><\/p>\n<p><span style=\"font-family: 'book antiqua', palatino, serif; font-size: 14pt; color: #000000;\">A&nbsp;<strong>VERDADE \u00c9 ATRIBUTO da CONSCI\u00caNCIA ATIVA, REFLEXIVA E PROATIVA A CAMINHO DA LUZ&#8230;<\/strong>&nbsp; Ent\u00e3o, quando fazem uso da justificativa para si mesmos, j\u00e1 \u00e9 ind\u00edcio de que sabem que possuem escolhas e pelo menos um caminho melhor a seguir, modos diferenciados \u00e0 condu\u00e7\u00e3o assertiva. Saiba usar seu&nbsp;<strong>Livre Arb\u00edtrio<\/strong>&nbsp;a seu favor e se proporcionar Karmas bons ao inv\u00e9s de Karmas ruins, lembrando que Karma em s\u00e2nscrito significa \u2018a\u00e7\u00f5es\u2019 e a cada a\u00e7\u00e3o, um efeito.<\/span><\/p>\n<p><span style=\"font-family: 'book antiqua', palatino, serif; font-size: 14pt; color: #000000;\">Antes do seu veneno ou da sua doen\u00e7a emocional chegar a outrem, ele j\u00e1 te contaminou&#8230; Cuidado! Afinal,&nbsp;<strong>eu sou o que eu sou,<\/strong>&nbsp;ou melhor, o que expresso no meu \u00edntimo. Cientes de que Segredos N\u00e3o existem para os sencientes ou os que se permitem desenvolver-se em consci\u00eancia e sensibilidade. &nbsp;Acredito ter esclarecido que pretender a conex\u00e3o \u2018eusou\u2019 falseando a verdade \u00e9 algo imposs\u00edvel. EUSOU \u00e9 a centelha em luz e consci\u00eancia concedida pelo Eterno Onisciente, Onipresente e Onipotente e sem essa conex\u00e3o n\u00e3o existe o&nbsp;<strong>\u2018retorno \u00e0 casa de muitas moradas do Eterno Deus\u2019,<\/strong>(novas oportunidades em orbes, estrelas similares ou superiores na escala evolutiva). Por esta raz\u00e3o v\u00f3s s\u00f3is h\u00f3spedes seculares, milenares das zonas umbralinas e tementes \u00e0 morte.<\/span><\/p>\n<p><span style=\"font-family: 'book antiqua', palatino, serif; font-size: 14pt; color: #000000;\">A palavra \u2018VERDADE\u2019, brincando um pouquinho, poderia ser dividida em \u201cVER\u201d + \u201cDADE\u201d. O&nbsp;sufixo&nbsp;\u201c-dade\u201d \u00e9 acrescido a adjetivos para formar substantivos que expressam a ideia de estado; situa\u00e7\u00e3o ou quantidade; em seu idioma. N\u00c3O CABE este tipo de an\u00e1lise neste voc\u00e1bulo \u2018verdade\u2019, mas, vamos brincar de &#8230; \u201ce se\u201d?&nbsp; Talvez neste campo das&nbsp;<strong>\u2018ilus\u00f5es\u2019<\/strong>&nbsp;voc\u00eas consigam compreender melhor a inten\u00e7\u00e3o desta mensagem &#8230;<\/span><\/p>\n<p><span style=\"font-family: 'book antiqua', palatino, serif; font-size: 14pt; color: #000000;\">&#8211; Qual seria o seu estado ou condi\u00e7\u00e3o interessada de \u2018VER\u2019, ou em que frequ\u00eancia voc\u00ea se interessa em realmente \u201cVER\u201d, enxergar cada momento \u2018seu\u2019 de modo transparente? Essa pergunta poderia ser transformada em afirma\u00e7\u00e3o sobre a VIDA em VERDADE, quer dizer a vida em Consci\u00eancia, em Luz, para os interessados em&nbsp;<strong>Regenera\u00e7\u00e3o e Evolu\u00e7\u00e3o<\/strong>&#8230;<\/span><\/p>\n<p><span style=\"font-family: 'book antiqua', palatino, serif; font-size: 14pt; color: #000000;\">Tudo o que se apresenta, Bom ou Ruim, se manifesta pela Luz, e \u00e9 acolhido pela LUZ e pela CONSCI\u00caNCIA, se VERDADEIRO. Use a RESILI\u00caNCIA para minimizar sua rebeldia, revolta, rigidez \u00e0 atitudes de baix\u00edssima vibra\u00e7\u00e3o \u00e0 Karma ruim.<\/span><\/p>\n<p><span style=\"font-family: 'book antiqua', palatino, serif; font-size: 14pt; color: #000000;\"><strong>Fiquem em Deus porque o Eterno em Dias sempre foi por cada uma de suas \u2018centelhas vivas\u2019 e essa \u00e9 uma \u201cVerdade Absoluta\u201d&nbsp;<\/strong><strong>bem diferente de vossas \u2018verdades\u2019.&nbsp;&nbsp;&nbsp;&nbsp;&nbsp;<\/strong>&nbsp;<strong>Sr. Zafians<\/strong><\/span><\/p>\n","protected":false},"excerpt":{"rendered":"<p>LIVRE ARB\u00cdTRIO A CAMINHO DA CONEX\u00c3O &#8221;EU SOU&#8221; Mensagem do esp\u00edrito Zafians, baseada na Palestra de domingo 17\/09\/17 \u00c9 comum ouvir &#8220;a verdade d\u00f3i&#8221; &#8230; mas se lembrarmos que&nbsp;\u201ca dor, principalmente&nbsp;a dor moral, \u00e9 \u201cprinc\u00edpio ativo\u201d \u00e0 alma em efeito&hellip; <\/p>\n","protected":false},"author":1,"featured_media":0,"parent":666,"menu_order":0,"comment_status":"closed","ping_status":"closed","template":"","meta":{"om_disable_all_campaigns":false,"ngg_post_thumbnail":0,"_joinchat":[],"footnotes":""},"aioseo_notices":[],"_links":{"self":[{"href":"https:\/\/casasama.org.br\/index.php\/wp-json\/wp\/v2\/pages\/671"}],"collection":[{"href":"https:\/\/casasama.org.br\/index.php\/wp-json\/wp\/v2\/pages"}],"about":[{"href":"https:\/\/casasama.org.br\/index.php\/wp-json\/wp\/v2\/types\/page"}],"author":[{"embeddable":true,"href":"https:\/\/casasama.org.br\/index.php\/wp-json\/wp\/v2\/users\/1"}],"replies":[{"embeddable":true,"href":"https:\/\/casasama.org.br\/index.php\/wp-json\/wp\/v2\/comments?post=671"}],"version-history":[{"count":3,"href":"https:\/\/casasama.org.br\/index.php\/wp-json\/wp\/v2\/pages\/671\/revisions"}],"predecessor-version":[{"id":677,"href":"https:\/\/casasama.org.br\/index.php\/wp-json\/wp\/v2\/pages\/671\/revisions\/677"}],"up":[{"embeddable":true,"href":"https:\/\/casasama.org.br\/index.php\/wp-json\/wp\/v2\/pages\/666"}],"wp:attachment":[{"href":"https:\/\/casasama.org.br\/index.php\/wp-json\/wp\/v2\/media?parent=671"}],"curies":[{"name":"wp","href":"https:\/\/api.w.org\/{rel}","templated":true}]}}