{"id":65,"date":"2017-06-25T17:40:14","date_gmt":"2017-06-25T20:40:14","guid":{"rendered":"https:\/\/casasama.org.br\/?page_id=65"},"modified":"2023-10-01T20:30:26","modified_gmt":"2023-10-01T23:30:26","slug":"evangelizacao","status":"publish","type":"page","link":"https:\/\/casasama.org.br\/index.php\/evangelizacao\/","title":{"rendered":"Evangeliza\u00e7\u00e3o"},"content":{"rendered":"<p class=\"CDt4Ke zfr3Q\" dir=\"ltr\">Filhos,<\/p>\n<p class=\"CDt4Ke zfr3Q\" dir=\"ltr\">Roguemos a Jesus pela obra que prossegue sob o divino amparo.<\/p>\n<p class=\"CDt4Ke zfr3Q\" dir=\"ltr\">Que n\u00e3o haja des\u00e2nimo nem apressamento mas, acima de tudo, equil\u00edbrio e amor. Muito amor e devotamento!<\/p>\n<p class=\"CDt4Ke zfr3Q\" dir=\"ltr\">A Evangeliza\u00e7\u00e3o Esp\u00edrita Infanto-Juvenil amplia-se como um sol benfazejo aben\u00e7oando os campos ao alvorecer.<\/p>\n<p class=\"CDt4Ke zfr3Q\" dir=\"ltr\">O pr\u00f3prio servi\u00e7o, sem palavras articuladas, mas \u00e0 luz da experi\u00eancia, falar\u00e1 conosco sobre quaisquer altera\u00e7\u00f5es que se fa\u00e7am necess\u00e1rias, enquanto, no sustento da prece, estabeleceremos o con\u00fabio de for\u00e7as com o Alto, de modo a nos sentirmos amparados pelas inspira\u00e7\u00f5es do bem.<\/p>\n<p class=\"CDt4Ke zfr3Q\" dir=\"ltr\">De tempos em tempos ser-nos-\u00e1 necess\u00e1rio uma pausa avaliativa para revermos a extens\u00e3o e a qualidade dos servi\u00e7os prestados e das tarefas realizadas. Somente assim podemos verificar o melhor rendimento de nossos prop\u00f3sitos.<\/p>\n<p class=\"CDt4Ke zfr3Q\" dir=\"ltr\">Unamo-nos, que a tarefa \u00e9 de todos n\u00f3s. Somente a uni\u00e3o nos proporciona for\u00e7as para o cumprimento de nossos servi\u00e7os, trazendo a fraternidade por lema e a humildade por garantia do \u00eaxito.<\/p>\n<p class=\"CDt4Ke zfr3Q\" dir=\"ltr\">Com Jesus nos empreendimentos do Amor e com Kardec na for\u00e7a da Verdade, teremos toda orienta\u00e7\u00e3o aos nossos passos, todo equil\u00edbrio \u00e0 nossa conduta.<\/p>\n<p class=\"CDt4Ke zfr3Q\" dir=\"ltr\">Irmanemo-nos no sublime minist\u00e9rio da evangeliza\u00e7\u00e3o de almas e caminhemos adiante, avan\u00e7ando com otimismo.<\/p>\n<p class=\"CDt4Ke zfr3Q\" dir=\"ltr\">Os amigos e companheiros desencarnados podem inspirar e sugerir, alertar e esclarecer, mas \u00e9 necess\u00e1rio reconhecermos que a oportunidade do trabalho efetivo \u00e9 ensejo bendito junto aos que desfrutam a b\u00ean\u00e7\u00e3o da reencarna\u00e7\u00e3o.<\/p>\n<p class=\"CDt4Ke zfr3Q\" dir=\"ltr\">Jesus aguarda!<\/p>\n<p class=\"CDt4Ke zfr3Q\" dir=\"ltr\">Cooperemos com o Cristo na evangeliza\u00e7\u00e3o do Homem.<\/p>\n<p class=\"CDt4Ke zfr3Q\" dir=\"ltr\">Paz!<\/p>\n<p class=\"CDt4Ke zfr3Q\" dir=\"ltr\"><strong>Bezerra de Menezes<\/strong><\/p>\n","protected":false},"excerpt":{"rendered":"<p>Filhos, Roguemos a Jesus pela obra que prossegue sob o divino amparo. Que n\u00e3o haja des\u00e2nimo nem apressamento mas, acima de tudo, equil\u00edbrio e amor. Muito amor e devotamento! A Evangeliza\u00e7\u00e3o Esp\u00edrita Infanto-Juvenil amplia-se como um sol benfazejo aben\u00e7oando os&hellip; <\/p>\n","protected":false},"author":1,"featured_media":0,"parent":0,"menu_order":7,"comment_status":"closed","ping_status":"closed","template":"","meta":{"om_disable_all_campaigns":false,"ngg_post_thumbnail":0,"_joinchat":[],"footnotes":""},"aioseo_notices":[],"_links":{"self":[{"href":"https:\/\/casasama.org.br\/index.php\/wp-json\/wp\/v2\/pages\/65"}],"collection":[{"href":"https:\/\/casasama.org.br\/index.php\/wp-json\/wp\/v2\/pages"}],"about":[{"href":"https:\/\/casasama.org.br\/index.php\/wp-json\/wp\/v2\/types\/page"}],"author":[{"embeddable":true,"href":"https:\/\/casasama.org.br\/index.php\/wp-json\/wp\/v2\/users\/1"}],"replies":[{"embeddable":true,"href":"https:\/\/casasama.org.br\/index.php\/wp-json\/wp\/v2\/comments?post=65"}],"version-history":[{"count":5,"href":"https:\/\/casasama.org.br\/index.php\/wp-json\/wp\/v2\/pages\/65\/revisions"}],"predecessor-version":[{"id":805,"href":"https:\/\/casasama.org.br\/index.php\/wp-json\/wp\/v2\/pages\/65\/revisions\/805"}],"wp:attachment":[{"href":"https:\/\/casasama.org.br\/index.php\/wp-json\/wp\/v2\/media?parent=65"}],"curies":[{"name":"wp","href":"https:\/\/api.w.org\/{rel}","templated":true}]}}