{"id":628,"date":"2017-08-17T18:10:33","date_gmt":"2017-08-17T21:10:33","guid":{"rendered":"https:\/\/casasama.org.br\/?page_id=628"},"modified":"2017-08-17T18:10:33","modified_gmt":"2017-08-17T21:10:33","slug":"oracao-de-sao-francisco-de-assis","status":"publish","type":"page","link":"https:\/\/casasama.org.br\/index.php\/oracoes\/oracao-de-sao-francisco-de-assis\/","title":{"rendered":"ORA\u00c7\u00c3O DE S\u00c3O FRANCISCO DE ASSIS"},"content":{"rendered":"<h1 style=\"text-align: center;\"><span style=\"font-family: 'book antiqua', palatino, serif; color: #000000;\">Ora\u00e7\u00e3o de S\u00e3o Francisco de Assis<\/span><\/h1>\n<p><img loading=\"lazy\" decoding=\"async\" class=\"alignnone size-medium wp-image-629 aligncenter\" src=\"https:\/\/casasama.org.br\/wp-content\/uploads\/2017\/08\/sao-francisco-de-assis-banner-200x300.jpg\" alt=\"\" width=\"200\" height=\"300\" srcset=\"https:\/\/casasama.org.br\/wp-content\/uploads\/2017\/08\/sao-francisco-de-assis-banner-200x300.jpg 200w, https:\/\/casasama.org.br\/wp-content\/uploads\/2017\/08\/sao-francisco-de-assis-banner.jpg 346w\" sizes=\"(max-width: 200px) 100vw, 200px\" \/><\/p>\n<p style=\"text-align: center;\"><span style=\"font-family: 'book antiqua', palatino, serif; font-size: 14pt; color: #000000;\">Senhor, fazei-me instrumento de vossa paz.<\/span><br \/>\n<span style=\"font-family: 'book antiqua', palatino, serif; font-size: 14pt; color: #000000;\">Onde houver \u00f3dio, que eu leve o amor;<\/span><br \/>\n<span style=\"font-family: 'book antiqua', palatino, serif; font-size: 14pt; color: #000000;\">Onde houver ofensa, que eu leve o perd\u00e3o;<\/span><br \/>\n<span style=\"font-family: 'book antiqua', palatino, serif; font-size: 14pt; color: #000000;\">Onde houver disc\u00f3rdia, que eu leve a uni\u00e3o;<\/span><br \/>\n<span style=\"font-family: 'book antiqua', palatino, serif; font-size: 14pt; color: #000000;\">Onde houver d\u00favida, que eu leve a f\u00e9;<\/span><br \/>\n<span style=\"font-family: 'book antiqua', palatino, serif; font-size: 14pt; color: #000000;\">Onde houver erro, que eu leve a verdade;<\/span><br \/>\n<span style=\"font-family: 'book antiqua', palatino, serif; font-size: 14pt; color: #000000;\">Onde houver desespero, que eu leve a esperan\u00e7a;<\/span><br \/>\n<span style=\"font-family: 'book antiqua', palatino, serif; font-size: 14pt; color: #000000;\">Onde houver tristeza, que eu leve a alegria;<\/span><br \/>\n<span style=\"font-family: 'book antiqua', palatino, serif; font-size: 14pt; color: #000000;\">Onde houver trevas, que eu leve a luz.<\/span><\/p>\n<p style=\"text-align: center;\"><span style=\"font-family: 'book antiqua', palatino, serif; font-size: 14pt; color: #000000;\">\u00d3 Mestre, Fazei que eu procure mais<\/span><br \/>\n<span style=\"font-family: 'book antiqua', palatino, serif; font-size: 14pt; color: #000000;\">Consolar, que ser consolado;<\/span><br \/>\n<span style=\"font-family: 'book antiqua', palatino, serif; font-size: 14pt; color: #000000;\">compreender, que ser compreendido;<\/span><br \/>\n<span style=\"font-family: 'book antiqua', palatino, serif; font-size: 14pt; color: #000000;\">amar, que ser amado.<\/span><br \/>\n<span style=\"font-family: 'book antiqua', palatino, serif; font-size: 14pt; color: #000000;\">Pois \u00e9 dando que se recebe,<\/span><br \/>\n<span style=\"font-family: 'book antiqua', palatino, serif; font-size: 14pt; color: #000000;\">\u00e9 perdoando que se \u00e9 perdoado,<\/span><br \/>\n<span style=\"font-family: 'book antiqua', palatino, serif; font-size: 14pt; color: #000000;\">e \u00e9 morrendo que se vive para a vida eterna.<\/span><\/p>\n<p style=\"text-align: center;\"><span style=\"font-family: 'book antiqua', palatino, serif; font-size: 14pt; color: #000000;\">&#8211; S\u00e3o Francisco de Assis<\/span><\/p>\n","protected":false},"excerpt":{"rendered":"<p>Ora\u00e7\u00e3o de S\u00e3o Francisco de Assis Senhor, fazei-me instrumento de vossa paz. Onde houver \u00f3dio, que eu leve o amor; Onde houver ofensa, que eu leve o perd\u00e3o; Onde houver disc\u00f3rdia, que eu leve a uni\u00e3o; Onde houver d\u00favida, que&hellip; <\/p>\n","protected":false},"author":1,"featured_media":0,"parent":284,"menu_order":11,"comment_status":"closed","ping_status":"closed","template":"","meta":{"om_disable_all_campaigns":false,"ngg_post_thumbnail":0,"_joinchat":[],"footnotes":""},"aioseo_notices":[],"_links":{"self":[{"href":"https:\/\/casasama.org.br\/index.php\/wp-json\/wp\/v2\/pages\/628"}],"collection":[{"href":"https:\/\/casasama.org.br\/index.php\/wp-json\/wp\/v2\/pages"}],"about":[{"href":"https:\/\/casasama.org.br\/index.php\/wp-json\/wp\/v2\/types\/page"}],"author":[{"embeddable":true,"href":"https:\/\/casasama.org.br\/index.php\/wp-json\/wp\/v2\/users\/1"}],"replies":[{"embeddable":true,"href":"https:\/\/casasama.org.br\/index.php\/wp-json\/wp\/v2\/comments?post=628"}],"version-history":[{"count":1,"href":"https:\/\/casasama.org.br\/index.php\/wp-json\/wp\/v2\/pages\/628\/revisions"}],"predecessor-version":[{"id":630,"href":"https:\/\/casasama.org.br\/index.php\/wp-json\/wp\/v2\/pages\/628\/revisions\/630"}],"up":[{"embeddable":true,"href":"https:\/\/casasama.org.br\/index.php\/wp-json\/wp\/v2\/pages\/284"}],"wp:attachment":[{"href":"https:\/\/casasama.org.br\/index.php\/wp-json\/wp\/v2\/media?parent=628"}],"curies":[{"name":"wp","href":"https:\/\/api.w.org\/{rel}","templated":true}]}}