{"id":59,"date":"2017-06-25T17:38:26","date_gmt":"2017-06-25T20:38:26","guid":{"rendered":"https:\/\/casasama.org.br\/?page_id=59"},"modified":"2017-08-21T17:28:37","modified_gmt":"2017-08-21T20:28:37","slug":"espiritismo","status":"publish","type":"page","link":"https:\/\/casasama.org.br\/index.php\/espiritismo\/","title":{"rendered":"Espiritismo"},"content":{"rendered":"<p style=\"text-align: center;\"><span style=\"color: #000000;\"><strong><span style=\"font-family: 'book antiqua', palatino, serif; font-size: 24pt;\">DOUTRINA ESP\u00cdRITA ou ESPIRITISMO<\/span><\/strong><\/span><\/p>\n<p style=\"text-align: center;\"><img loading=\"lazy\" decoding=\"async\" class=\"alignnone size-medium wp-image-647\" src=\"https:\/\/casasama.org.br\/wp-content\/uploads\/2017\/06\/espiritismo001-300x149.jpg\" alt=\"\" width=\"300\" height=\"149\" srcset=\"https:\/\/casasama.org.br\/wp-content\/uploads\/2017\/06\/espiritismo001-300x149.jpg 300w, https:\/\/casasama.org.br\/wp-content\/uploads\/2017\/06\/espiritismo001.jpg 600w\" sizes=\"(max-width: 300px) 100vw, 300px\" \/><\/p>\n<p style=\"margin: 0cm; margin-bottom: .0001pt; line-height: 17.6pt; background: white;\"><span style=\"font-family: 'book antiqua', palatino, serif; color: #000000; font-size: 14pt;\">No s\u00e9culo XIX, um fen\u00f4meno agitou a Europa: as mesas girantes. Nos sal\u00f5es elegantes, ap\u00f3s os saraus, as mesas eram alvo de curiosidade e de extensas reportagens, pois moviam-se, erguiam-se no ar, e respondiam a quest\u00f5es, mediante batidas no ch\u00e3o (tiptologia). O fen\u00f4meno chamou a aten\u00e7\u00e3o de um pesquisador s\u00e9rio, disc\u00edpulo do c\u00e9lebre Johann Pestalozzi: Hippolyte Leon Denizard Rivail, nascido a \u200e3 de outubro de 1804 em Lyon-Fran\u00e7a.<\/span><\/p>\n<p style=\"margin: 0cm; margin-bottom: .0001pt; line-height: 17.6pt; background: white;\">&nbsp;<\/p>\n<p style=\"margin: 0cm; margin-bottom: .0001pt; line-height: 17.6pt; background: white;\"><span style=\"font-family: 'book antiqua', palatino, serif; color: #000000; font-size: 14pt;\">Sr. Rivail, pedagogo franc\u00eas, fluente em diversos idiomas, autor de livros did\u00e1ticos e adepto de rigoroso m\u00e9todo de investiga\u00e7\u00e3o cient\u00edfica, n\u00e3o aceitou de imediato os fen\u00f4menos das mesas girantes, mas estudou-os atentamente, observou que uma for\u00e7a inteligente as movia, e investigou a natureza dessa for\u00e7a, que se identificou como os \u201cEsp\u00edritos dos homens\u201d que haviam morrido. Sr. Rivail fez centenas de perguntas aos Esp\u00edritos, analisou as respostas, comparou-as e codificou-as, tudo submetendo ao crivo da raz\u00e3o, n\u00e3o aceitando e n\u00e3o divulgando nada que n\u00e3o passasse por esse crivo. E na sequ\u00eancia o Sr. Rivail tornou-se uma refer\u00eancia e a ele eram encaminhadas mensagens vindas de v\u00e1rias regi\u00f5es de nosso orbe, mensagens estas recebidas atrav\u00e9s da mediunidade de seus escreventes. E assim nasceu \u201cO Livro dos Esp\u00edritos\u201d, bem como os demais livros do Pentateuco Kardecista. O professor Rivail imortalizou-se adotando o pseud\u00f4nimo de Allan Kardec, nome que ele recebera em uma de suas vidas passadas. E \u00e9 importante comentar e pontuar que o Sr. Rivail jamais fora \u2018m\u00e9dium\u2019.<\/span><\/p>\n<p style=\"margin: 0cm; margin-bottom: .0001pt; line-height: 17.6pt; background: white;\">&nbsp;<\/p>\n<p style=\"margin: 0cm; margin-bottom: .0001pt; line-height: 17.6pt; background: white;\"><span style=\"font-family: 'book antiqua', palatino, serif; color: #000000; font-size: 14pt;\">A Doutrina codificada por ele tem car\u00e1ter cient\u00edfico, religioso e filos\u00f3fico.<\/span><\/p>\n<p style=\"margin: 0cm; margin-bottom: .0001pt; line-height: 17.6pt; background: white;\"><span style=\"font-family: 'book antiqua', palatino, serif; color: #000000; font-size: 14pt;\">Essa proposta de alian\u00e7a da Ci\u00eancia com a Religi\u00e3o est\u00e1 expressa em uma das m\u00e1ximas de Kardec, no livro \u201cA G\u00eanese\u201d:&nbsp;<b>\u201cO espiritismo, marchando com o progresso, jamais ser\u00e1 ultrapassado porque, se novas descobertas demonstrassem estar em erro sobre um certo ponto, ele se modificaria sobre esse ponto; se uma nova verdade se revelar, ele a aceitar\u00e1\u201d.<\/b><\/span><\/p>\n<p style=\"text-align: center;\">&nbsp;<\/p>\n<p style=\"text-align: center;\"><img loading=\"lazy\" decoding=\"async\" class=\"alignnone size-medium wp-image-648\" src=\"https:\/\/casasama.org.br\/wp-content\/uploads\/2017\/06\/espiritismo002.jpg-300x159.png\" alt=\"\" width=\"300\" height=\"159\" srcset=\"https:\/\/casasama.org.br\/wp-content\/uploads\/2017\/06\/espiritismo002.jpg-300x159.png 300w, https:\/\/casasama.org.br\/wp-content\/uploads\/2017\/06\/espiritismo002.jpg.png 486w\" sizes=\"(max-width: 300px) 100vw, 300px\" \/><\/p>\n<p style=\"text-align: center;\">&nbsp;<\/p>\n<p><span style=\"font-family: 'book antiqua', palatino, serif; font-size: 14pt; color: #000000;\">A Doutrina Esp\u00edrita de cunho cient\u00edfico-filos\u00f3fico-religioso voltada para o&nbsp;<a style=\"color: #000000;\" href=\"https:\/\/pt.wikipedia.org\/wiki\/Renova%C3%A7%C3%A3o_moral\">aperfei\u00e7oamento moral<\/a>&nbsp;do homem,&nbsp;\u00e9&nbsp;tamb\u00e9m conhecida&nbsp;por \u2018Cristianismo Redivivo\u2019 por estar edificada, embasada&nbsp;nos ensinamentos de nosso Mestre de Luz Jesus Cristo.<\/span><\/p>\n<p>&nbsp;<\/p>\n<p><span style=\"font-family: 'book antiqua', palatino, serif; font-size: 14pt; color: #000000;\">Ser Esp\u00edrita \u00e9 acreditar na exist\u00eancia de um Deus \u00fanico; na imortalidade da alma (e preexist\u00eancia e sobreviv\u00eancia da alma a esta encarna\u00e7\u00e3o); pluralidade das exist\u00eancias (vivemos muitas vidas) sendo a reencarna\u00e7\u00e3o, processo de crescimento espiritual e justi\u00e7a divina; pluralidade dos mundos (vidas em outros orbes e estrelas); comunicabilidade com os esp\u00edritos (mediunidade); buscando sempre oferecer o desenvolvimento moral, intelectual, emocional da Alma encarnada, bem como a pr\u00e1tica dos ensinamentos sobre amor, perd\u00e3o e caridade, e a manuten\u00e7\u00e3o de uma conduta reta. Seus conceitos s\u00e3o fundamentados na experimenta\u00e7\u00e3o cient\u00edfica e em um fator muito importante, a f\u00e9 raciocinada. Podemos dizer que o&nbsp;<strong>Espiritismo \u00e9 a filosofia doutrin\u00e1ria aplicada \u00e0 ci\u00eancia que tratam suas bases n\u00e3o somente como quest\u00f5es morais, mas tamb\u00e9m, intelectuais e naturais.<\/strong><\/span><\/p>\n<p>&nbsp;<\/p>\n<p><img loading=\"lazy\" decoding=\"async\" class=\"alignnone size-medium wp-image-649 aligncenter\" src=\"https:\/\/casasama.org.br\/wp-content\/uploads\/2017\/06\/espiritismo003-300x225.jpg\" alt=\"\" width=\"300\" height=\"225\" srcset=\"https:\/\/casasama.org.br\/wp-content\/uploads\/2017\/06\/espiritismo003-300x225.jpg 300w, https:\/\/casasama.org.br\/wp-content\/uploads\/2017\/06\/espiritismo003-768x576.jpg 768w, https:\/\/casasama.org.br\/wp-content\/uploads\/2017\/06\/espiritismo003.jpg 960w\" sizes=\"(max-width: 300px) 100vw, 300px\" \/><\/p>\n<p><span style=\"font-family: 'book antiqua', palatino, serif; font-size: 14pt; color: #000000;\">O espiritismo tamb\u00e9m \u00e9 conhecido por influenciar e promover um movimento social de institui\u00e7\u00f5es de caridade e sa\u00fade, que envolve milh\u00f5es de pessoas em dezenas de pa\u00edses; afinal \u201c&#8230;<strong>Fora da caridade n\u00e3o h\u00e1 Salva\u00e7\u00e3o&#8221;<\/strong>&#8230; (cap. XV do Evangelho segundo o Espiritismo).<\/span><\/p>\n<p><span style=\"font-family: 'book antiqua', palatino, serif; font-size: 14pt; color: #000000;\">A Doutrina Esp\u00edrita ou Espiritismo foi compilada por Allan Kardec, quer dizer; que os livros b\u00e1sicos foram constitu\u00eddos de ensinamentos provenientes de fontes diversas do Plano Maior. Ent\u00e3o a &#8220;Codifica\u00e7\u00e3o Esp\u00edrita&#8221; ou seja, quando toma corpo de doutrina,&nbsp;<strong>pela universalidade dos ensinos da compet\u00eancia dos esp\u00edritos de elevadas vibra\u00e7\u00f5es, Esp\u00edritos Superiores<\/strong>, que foram transmitidos por m\u00e9diuns, chegando aos nossos dias pela sistematizada codifica\u00e7\u00e3o feita elo&nbsp;<a style=\"color: #000000;\" href=\"https:\/\/pt.wikipedia.org\/wiki\/Pedagogo\">Pedagogo<\/a>&nbsp;<a style=\"color: #000000;\" href=\"https:\/\/pt.wikipedia.org\/wiki\/Franceses\">franc\u00eas<\/a>&nbsp;Hippolyte L\u00e9on Denizard Rivail, usando o pseud\u00f4nimo&nbsp;<strong>Allan Kardec<\/strong>, que elabora o Pentateuco Kardecista em&nbsp;05&nbsp;(cinco)&nbsp;livros organizados, sem ser m\u00e9dium; fazendo uso de seu virtuoso brilhantismo intelectual, aliado aos&nbsp;seus valores \u00e9ticos morais em total bom senso. O Espiritismo foi constitu\u00eddo em 11&nbsp;(onze)&nbsp;anos de muita dedica\u00e7\u00e3o, na estrutura\u00e7\u00e3o e divulga\u00e7\u00e3o, dos livros do Pentateuco, e seus artigos que deram origem a Revista Esp\u00edrita e ao livro \u201cO que \u00e9 o Espiritismo\u201d.<\/span><\/p>\n<p><span style=\"font-family: 'book antiqua', palatino, serif; font-size: 14pt; color: #000000;\">Em raz\u00e3o de uma vida intelectual intensa, e estando com problemas card\u00edacos que exigiam repouso absoluto, corpo e mente; Sr. Rivail, o nosso querido Allan Kardec, vem a desencarnar a 31 de mar\u00e7o de 1869 (64 anos) em Paris-Fran\u00e7a. Deixando um incomensur\u00e1vel legado de auto resgate, auto supera\u00e7\u00e3o; para compreens\u00e3o das causas e efeitos da intera\u00e7\u00e3o de nossos atos no dia a dia, e de nossa vida com o plano espiritual; e do caminho \u00e0 conex\u00e3o verdadeira com nosso Eterno Deus e toda nossa Espiritualidade Amiga.<\/span><\/p>\n<p><span style=\"font-family: 'book antiqua', palatino, serif; font-size: 14pt; color: #000000;\">Deixamos aqui registrado a nossa Sauda\u00e7\u00e3o a este Esp\u00edrito incompar\u00e1vel em sua extremada grandeza de ser&#8230; Sr. Hippolyte L\u00e9on Denizard Rivail, o nosso estupendo e agigantado Allan Kardec&#8230; Eterna Gratid\u00e3o!!!&#8230;<\/span><\/p>\n<p>&nbsp;<\/p>\n<p><img loading=\"lazy\" decoding=\"async\" class=\"alignnone size-medium wp-image-650 aligncenter\" src=\"https:\/\/casasama.org.br\/wp-content\/uploads\/2017\/06\/espiritismo004-300x225.jpg\" alt=\"\" width=\"300\" height=\"225\" srcset=\"https:\/\/casasama.org.br\/wp-content\/uploads\/2017\/06\/espiritismo004-300x225.jpg 300w, https:\/\/casasama.org.br\/wp-content\/uploads\/2017\/06\/espiritismo004.jpg 750w\" sizes=\"(max-width: 300px) 100vw, 300px\" \/><\/p>\n<p>&nbsp;<\/p>\n<p style=\"text-align: center;\"><span style=\"font-family: 'book antiqua', palatino, serif; font-size: 14pt; color: #000000;\">Aguardem textos sobre:<\/span><\/p>\n<p style=\"text-align: center;\"><span style=\"font-family: 'book antiqua', palatino, serif; font-size: 14pt; color: #000000;\">&nbsp;&#8211; PENTATEUCO da DOUTRINA ESP\u00cdRITA por Allan Kardec<\/span><\/p>\n<p style=\"text-align: center;\"><span style=\"font-family: 'book antiqua', palatino, serif; font-size: 14pt; color: #000000;\">&nbsp;&#8211; Como surgiu a Doutrina Esp\u00edrita&#8230;<\/span><\/p>\n<p style=\"text-align: center;\"><span style=\"font-family: 'book antiqua', palatino, serif; font-size: 14pt; color: #000000;\">&nbsp;&#8211; Vida e Obra de Allan Kardec&#8230;<\/span><\/p>\n<p style=\"text-align: center;\"><span style=\"font-family: 'book antiqua', palatino, serif; font-size: 14pt; color: #000000;\"><strong>Sauda\u00e7\u00f5es Cr\u00edsticas<\/strong><\/span><\/p>\n<p style=\"text-align: center;\"><span style=\"font-family: 'book antiqua', palatino, serif; font-size: 14pt; color: #000000;\"><strong>S.A.M.A. <\/strong><\/span><\/p>\n","protected":false},"excerpt":{"rendered":"<p>DOUTRINA ESP\u00cdRITA ou ESPIRITISMO No s\u00e9culo XIX, um fen\u00f4meno agitou a Europa: as mesas girantes. Nos sal\u00f5es elegantes, ap\u00f3s os saraus, as mesas eram alvo de curiosidade e de extensas reportagens, pois moviam-se, erguiam-se no ar, e respondiam a quest\u00f5es,&hellip; <\/p>\n","protected":false},"author":1,"featured_media":0,"parent":0,"menu_order":3,"comment_status":"closed","ping_status":"closed","template":"","meta":{"om_disable_all_campaigns":false,"ngg_post_thumbnail":0,"_joinchat":[],"footnotes":""},"aioseo_notices":[],"_links":{"self":[{"href":"https:\/\/casasama.org.br\/index.php\/wp-json\/wp\/v2\/pages\/59"}],"collection":[{"href":"https:\/\/casasama.org.br\/index.php\/wp-json\/wp\/v2\/pages"}],"about":[{"href":"https:\/\/casasama.org.br\/index.php\/wp-json\/wp\/v2\/types\/page"}],"author":[{"embeddable":true,"href":"https:\/\/casasama.org.br\/index.php\/wp-json\/wp\/v2\/users\/1"}],"replies":[{"embeddable":true,"href":"https:\/\/casasama.org.br\/index.php\/wp-json\/wp\/v2\/comments?post=59"}],"version-history":[{"count":6,"href":"https:\/\/casasama.org.br\/index.php\/wp-json\/wp\/v2\/pages\/59\/revisions"}],"predecessor-version":[{"id":651,"href":"https:\/\/casasama.org.br\/index.php\/wp-json\/wp\/v2\/pages\/59\/revisions\/651"}],"wp:attachment":[{"href":"https:\/\/casasama.org.br\/index.php\/wp-json\/wp\/v2\/media?parent=59"}],"curies":[{"name":"wp","href":"https:\/\/api.w.org\/{rel}","templated":true}]}}