{"id":583,"date":"2017-07-15T15:12:20","date_gmt":"2017-07-15T18:12:20","guid":{"rendered":"https:\/\/casasama.org.br\/?page_id=583"},"modified":"2017-08-21T23:40:07","modified_gmt":"2017-08-22T02:40:07","slug":"valores","status":"publish","type":"page","link":"https:\/\/casasama.org.br\/index.php\/quem-somos\/quem-somos\/valores\/","title":{"rendered":"Valores"},"content":{"rendered":"<p><span style=\"color: #000000; font-family: 'book antiqua', palatino, serif; font-size: 18pt;\"><strong>VALORES<\/strong><\/span><\/p>\n<p style=\"text-align: center;\"><span style=\"font-family: 'book antiqua', palatino, serif; font-size: 14pt; color: #000000;\">Com <strong>\u00c9tica e Moral<\/strong> desenvolvemos a <strong>Cristandade em Cristicidade<\/strong>, conforme ensinamentos de nosso Mestre <strong>Jesus Cristo<\/strong>. Buscando sempre estar conectados a <strong>Espiritualidade Amiga<\/strong> em <strong>acato<\/strong>, exercitando a <strong>Alteridade e Resili\u00eancia<\/strong> com <strong>devo\u00e7\u00e3o e abnega\u00e7\u00e3o.<\/strong><\/span><\/p>\n<p style=\"text-align: center;\"><span style=\"font-family: 'book antiqua', palatino, serif; font-size: 14pt; color: #000000;\">Ao <strong>aspirarmos Simplicidade no Aux\u00edlio em Manifesta\u00e7\u00e3o Amorosa<\/strong> estaremos elevando nossa <strong>frequ\u00eancia vibracional<\/strong> para as <strong>boas intui\u00e7\u00f5es<\/strong> e viv\u00eancias de muita <strong>\u2018inspira\u00e7\u00e3o\u2019<\/strong>, sentindo a presen\u00e7a da espiritualidade amiga atrav\u00e9s do <strong>\u2018sopro divino\u2019<\/strong> que alcan\u00e7a e toca nossos cora\u00e7\u00f5es em \u2018<strong>sacralidade\u2019<\/strong>, do mesmo modo, quando nos proporcionou a vida&#8230; Cientes de que a <strong>viv\u00eancia espiritual <\/strong>com <strong>miseric\u00f3rdia<\/strong> e<strong> indulg\u00eancia<\/strong> ir\u00e1 nos proporcionar um <strong>autoconhecimento<\/strong> e <strong>expans\u00e3o consciencial<\/strong> de quem <strong>\u2018eusou\u2019<\/strong>.<\/span><\/p>\n<p style=\"text-align: center;\"><span style=\"font-family: 'book antiqua', palatino, serif; font-size: 14pt; color: #000000;\">A boa <strong>Sintonia<\/strong> com a <strong>desidentifica\u00e7\u00e3o do \u2018ego\u2019<\/strong>, desvencilhando-se do plano das <strong>Ilus\u00f5es<\/strong>, nos facultar\u00e1 estarmos mais perceptivos aos <strong>\u2018sinais\u2019<\/strong> que nos proporcionar\u00e1 a <strong>Conex\u00e3o confi\u00e1vel,<\/strong> t\u00e3o necess\u00e1ria para nos sentirmos envolvidos em <strong>prote\u00e7\u00e3o<\/strong>, para nos permitirmos experienciar a vida na totalidade (mat\u00e9ria\/esp\u00edrito) de nossas possibilidades e escolhas, moldadas sempre pelo nosso <strong>car\u00e1ter<\/strong> e <strong>aspira\u00e7\u00e3o<\/strong> em estar experienciando a <strong>amoriza\u00e7\u00e3o<\/strong>: produzir amor, <strong>caridade<\/strong>, elo de <strong>unicidade do \u2018eu\u2019 e Deus<\/strong>.<\/span><\/p>\n<p style=\"text-align: center;\"><span style=\"font-family: 'book antiqua', palatino, serif; font-size: 14pt; color: #000000;\">O <strong>estudo<\/strong> e aprofundamento \u00e0s <strong>quest\u00f5es espirituais<\/strong> nos far\u00e1 sentir imensa <strong>Compaix\u00e3o<\/strong> e Eterna <strong>Gratid\u00e3o a Deus, aos nossos familiares e Ancestrais<\/strong> pelas <strong>m\u00faltiplas b\u00ean\u00e7\u00e3os recebidas<\/strong> a cada momento de infind\u00e1veis oportunidades e possibilidades na <strong>Sincronicidade<\/strong> desse nosso agora em <strong>Multidimensionalidade<\/strong>&#8230; que, sempre \u00e9 e ser\u00e1&#8230; &nbsp;<strong>S\u00f3 por Hoje<\/strong>&#8230;&nbsp;&nbsp;&nbsp;&nbsp;&nbsp; de cada novo alvorecer&#8230; e que assim seja!<\/span><\/p>\n<p>&nbsp;<\/p>\n","protected":false},"excerpt":{"rendered":"<p>VALORES Com \u00c9tica e Moral desenvolvemos a Cristandade em Cristicidade, conforme ensinamentos de nosso Mestre Jesus Cristo. Buscando sempre estar conectados a Espiritualidade Amiga em acato, exercitando a Alteridade e Resili\u00eancia com devo\u00e7\u00e3o e abnega\u00e7\u00e3o. Ao aspirarmos Simplicidade no Aux\u00edlio&hellip; <\/p>\n","protected":false},"author":1,"featured_media":0,"parent":42,"menu_order":3,"comment_status":"closed","ping_status":"closed","template":"","meta":{"om_disable_all_campaigns":false,"ngg_post_thumbnail":0,"_joinchat":[],"footnotes":""},"aioseo_notices":[],"_links":{"self":[{"href":"https:\/\/casasama.org.br\/index.php\/wp-json\/wp\/v2\/pages\/583"}],"collection":[{"href":"https:\/\/casasama.org.br\/index.php\/wp-json\/wp\/v2\/pages"}],"about":[{"href":"https:\/\/casasama.org.br\/index.php\/wp-json\/wp\/v2\/types\/page"}],"author":[{"embeddable":true,"href":"https:\/\/casasama.org.br\/index.php\/wp-json\/wp\/v2\/users\/1"}],"replies":[{"embeddable":true,"href":"https:\/\/casasama.org.br\/index.php\/wp-json\/wp\/v2\/comments?post=583"}],"version-history":[{"count":3,"href":"https:\/\/casasama.org.br\/index.php\/wp-json\/wp\/v2\/pages\/583\/revisions"}],"predecessor-version":[{"id":656,"href":"https:\/\/casasama.org.br\/index.php\/wp-json\/wp\/v2\/pages\/583\/revisions\/656"}],"up":[{"embeddable":true,"href":"https:\/\/casasama.org.br\/index.php\/wp-json\/wp\/v2\/pages\/42"}],"wp:attachment":[{"href":"https:\/\/casasama.org.br\/index.php\/wp-json\/wp\/v2\/media?parent=583"}],"curies":[{"name":"wp","href":"https:\/\/api.w.org\/{rel}","templated":true}]}}