{"id":579,"date":"2017-07-15T15:11:31","date_gmt":"2017-07-15T18:11:31","guid":{"rendered":"https:\/\/casasama.org.br\/?page_id=579"},"modified":"2017-08-21T23:32:42","modified_gmt":"2017-08-22T02:32:42","slug":"missao","status":"publish","type":"page","link":"https:\/\/casasama.org.br\/index.php\/quem-somos\/quem-somos\/missao\/","title":{"rendered":"Miss\u00e3o"},"content":{"rendered":"<p><span style=\"font-family: 'book antiqua', palatino, serif; font-size: 18pt; color: #000000;\"><strong>MISS\u00c3O<\/strong><\/span><\/p>\n<p><span style=\"font-family: 'book antiqua', palatino, serif; font-size: 18pt; color: #000000;\"><strong>&nbsp;&nbsp;&nbsp;&nbsp;&nbsp;&nbsp;&nbsp;&nbsp;&nbsp;&nbsp;&nbsp;&nbsp;&nbsp;&nbsp;&nbsp;&nbsp;&nbsp;&nbsp;&nbsp;&nbsp;&nbsp;&nbsp;&nbsp;&nbsp;&nbsp; <\/strong><strong>S.A.M.A.<\/strong><strong>, <\/strong><strong>\u00e9<\/strong><\/span><\/p>\n<p><span style=\"color: #000000;\">&nbsp;<span style=\"font-family: 'book antiqua', palatino, serif; font-size: 14pt;\"><strong>\u2018<\/strong><strong>S<\/strong><strong>implicidade no <\/strong><strong>A<\/strong><strong>ux\u00edlio em <\/strong><strong>M<\/strong><strong>anifesta\u00e7\u00e3o <\/strong><strong>A<\/strong><strong>morosa\u2019<\/strong><strong>,<\/strong><strong><em> \u201cnosso \u2018Lema\u2019 \u00e0quele que se permitir experienciar com entrega e acato at\u00e9 que seja um padr\u00e3o absorvido, \u2018INSPIRADO\u2019 de cora\u00e7\u00e3o e alma, ou esteja inoculado positivamente em seu DNA para que possa desse modo conhecer alguma(s) Bem Aventuran\u00e7a(s)* e vivenciar o Dharma*\u201d ainda nesta vida&#8230; Existimos para sermos e estarmos resgatando Almas e Esp\u00edritos em despertamento consciencial \u00e0 realidade multidimensional, \u00e0queles que se permitirem Redimir e Regenerar-se a caminho da evolu\u00e7\u00e3o em Reden\u00e7\u00e3o ao Eterno DEUS em B\u00ean\u00e7\u00e3os de Luz renovadoras.<\/em><\/strong><\/span><\/span><\/p>\n<p><span style=\"font-family: 'book antiqua', palatino, serif; font-size: 14pt; color: #000000;\"><strong><em>S.A.M.A. salvaguardando vidas no Multiverso&#8230;\u201d<\/em><\/strong><\/span><\/p>\n<p><span style=\"font-family: 'book antiqua', palatino, serif; font-size: 14pt; color: #000000;\"><strong><em>&nbsp;&nbsp;&nbsp;&nbsp;&nbsp;&nbsp;&nbsp;&nbsp;&nbsp;&nbsp;&nbsp;&nbsp;&nbsp;&nbsp;&nbsp;&nbsp;&nbsp;&nbsp;&nbsp;&nbsp;&nbsp;&nbsp;&nbsp;&nbsp;&nbsp;&nbsp;&nbsp;&nbsp;&nbsp;&nbsp;&nbsp;&nbsp;&nbsp;&nbsp;&nbsp;&nbsp;&nbsp;&nbsp;&nbsp;&nbsp;&nbsp;&nbsp;&nbsp;&nbsp;&nbsp;&nbsp;&nbsp;&nbsp;&nbsp;&nbsp;&nbsp;&nbsp; &nbsp;&nbsp;&nbsp;&nbsp;&nbsp;&nbsp;&nbsp;&nbsp;&nbsp;&nbsp;&nbsp;&nbsp;&nbsp;&nbsp;&nbsp;&nbsp;&nbsp;&nbsp;&nbsp;&nbsp;&nbsp;&nbsp;&nbsp;&nbsp;&nbsp;&nbsp;&nbsp;&nbsp;&nbsp;&nbsp;&nbsp;&nbsp;&nbsp;&nbsp;&nbsp;&nbsp;<\/em><\/strong><strong>&nbsp;&nbsp;&nbsp;&nbsp;&nbsp;&nbsp;Sr. Zafians<\/strong><\/span><\/p>\n<p>&nbsp;<\/p>\n<p>&nbsp;<\/p>\n<p>Sugest\u00e3o: Leia o <strong>Mito ou Alegoria da Caverna de PLAT\u00c3O<\/strong> e entender\u00e1 nossa <strong>MISS\u00c3O<\/strong> de oportunizar despertamento consciencial \u00e0 realidade multidimensional.<\/p>\n<p>Obs.: Em breve, teremos um item \u00e0 parte para quem desejar compreender o Mito ou Alegoria da Caverna de Plat\u00e3o. As palavras com asteriscos t\u00eam explica\u00e7\u00e3o no item <strong>Casa SAMA &#8211; SAMA nosso lema<\/strong>.<\/p>\n","protected":false},"excerpt":{"rendered":"<p>MISS\u00c3O &nbsp;&nbsp;&nbsp;&nbsp;&nbsp;&nbsp;&nbsp;&nbsp;&nbsp;&nbsp;&nbsp;&nbsp;&nbsp;&nbsp;&nbsp;&nbsp;&nbsp;&nbsp;&nbsp;&nbsp;&nbsp;&nbsp;&nbsp;&nbsp;&nbsp; S.A.M.A., \u00e9 &nbsp;\u2018Simplicidade no Aux\u00edlio em Manifesta\u00e7\u00e3o Amorosa\u2019, \u201cnosso \u2018Lema\u2019 \u00e0quele que se permitir experienciar com entrega e acato at\u00e9 que seja um padr\u00e3o absorvido, \u2018INSPIRADO\u2019 de cora\u00e7\u00e3o e alma, ou esteja inoculado positivamente em seu DNA para&hellip; <\/p>\n","protected":false},"author":1,"featured_media":0,"parent":42,"menu_order":1,"comment_status":"closed","ping_status":"closed","template":"","meta":{"om_disable_all_campaigns":false,"ngg_post_thumbnail":0,"_joinchat":[],"footnotes":""},"aioseo_notices":[],"_links":{"self":[{"href":"https:\/\/casasama.org.br\/index.php\/wp-json\/wp\/v2\/pages\/579"}],"collection":[{"href":"https:\/\/casasama.org.br\/index.php\/wp-json\/wp\/v2\/pages"}],"about":[{"href":"https:\/\/casasama.org.br\/index.php\/wp-json\/wp\/v2\/types\/page"}],"author":[{"embeddable":true,"href":"https:\/\/casasama.org.br\/index.php\/wp-json\/wp\/v2\/users\/1"}],"replies":[{"embeddable":true,"href":"https:\/\/casasama.org.br\/index.php\/wp-json\/wp\/v2\/comments?post=579"}],"version-history":[{"count":3,"href":"https:\/\/casasama.org.br\/index.php\/wp-json\/wp\/v2\/pages\/579\/revisions"}],"predecessor-version":[{"id":653,"href":"https:\/\/casasama.org.br\/index.php\/wp-json\/wp\/v2\/pages\/579\/revisions\/653"}],"up":[{"embeddable":true,"href":"https:\/\/casasama.org.br\/index.php\/wp-json\/wp\/v2\/pages\/42"}],"wp:attachment":[{"href":"https:\/\/casasama.org.br\/index.php\/wp-json\/wp\/v2\/media?parent=579"}],"curies":[{"name":"wp","href":"https:\/\/api.w.org\/{rel}","templated":true}]}}