{"id":574,"date":"2017-07-15T15:05:27","date_gmt":"2017-07-15T18:05:27","guid":{"rendered":"https:\/\/casasama.org.br\/?page_id=574"},"modified":"2017-07-15T18:56:32","modified_gmt":"2017-07-15T21:56:32","slug":"valores","status":"publish","type":"page","link":"https:\/\/casasama.org.br\/index.php\/reiki\/valores\/","title":{"rendered":"Valores"},"content":{"rendered":"<p><span style=\"font-family: 'book antiqua', palatino, serif; font-size: 18pt; color: #000000;\"><strong>VALORES<\/strong><\/span><\/p>\n<p>&nbsp;<\/p>\n<ul>\n<li><span style=\"font-family: 'book antiqua', palatino, serif; font-size: 14pt; color: #000000;\"><strong>5 Princ\u00edpios do REIKI&#8230;<\/strong><\/span><\/li>\n<\/ul>\n<p><span style=\"font-family: 'book antiqua', palatino, serif; font-size: 14pt; color: #000000;\"><strong>S\u00f3 por Hoje&#8230; s\u00ea grato as m\u00faltiplas B\u00ean\u00e7\u00e3os que recebes&#8230;<\/strong><\/span><\/p>\n<p><span style=\"font-family: 'book antiqua', palatino, serif; font-size: 14pt; color: #000000;\"><strong>S\u00f3 por Hoje&#8230; n\u00e3o te zangues, nem critiques&#8230;<\/strong><\/span><\/p>\n<p><span style=\"font-family: 'book antiqua', palatino, serif; font-size: 14pt; color: #000000;\"><strong>S\u00f3 por Hoje&#8230; n\u00e3o te preocupes&#8230;<\/strong><\/span><\/p>\n<p><span style=\"font-family: 'book antiqua', palatino, serif; font-size: 14pt; color: #000000;\"><strong>S\u00f3 por Hoje&#8230; faz honestamente o teu trabalho&#8230;<\/strong><\/span><\/p>\n<p><span style=\"font-family: 'book antiqua', palatino, serif; font-size: 14pt; color: #000000;\"><strong>S\u00f3 por Hoje&#8230; respeita o teu semelhante e tudo que vive&#8230;<\/strong><\/span><\/p>\n<p><span style=\"font-family: 'book antiqua', palatino, serif; font-size: 14pt; color: #000000;\"><strong>&nbsp;&nbsp;&nbsp;&nbsp;&nbsp;&nbsp;&nbsp;&nbsp;&nbsp;&nbsp;&nbsp;&nbsp;&nbsp;&nbsp;&nbsp;&nbsp;&nbsp;&nbsp;&nbsp;&nbsp;&nbsp;&nbsp;&nbsp;&nbsp;&nbsp;&nbsp;&nbsp;&nbsp;&nbsp;&nbsp;&nbsp;&nbsp;&nbsp;&nbsp;&nbsp;&nbsp;&nbsp;&nbsp;&nbsp;&nbsp;&nbsp;&nbsp;&nbsp;&nbsp;&nbsp;&nbsp;&nbsp;&nbsp;&nbsp;&nbsp;&nbsp;&nbsp;&nbsp;&nbsp;&nbsp;&nbsp;&nbsp;&nbsp;&nbsp;&nbsp;&nbsp;&nbsp;&nbsp;&nbsp;&nbsp;&nbsp;&nbsp;&nbsp;&nbsp;&nbsp; &#8230; por MIKAO USUI <\/strong><\/span><\/p>\n","protected":false},"excerpt":{"rendered":"<p>VALORES &nbsp; 5 Princ\u00edpios do REIKI&#8230; S\u00f3 por Hoje&#8230; s\u00ea grato as m\u00faltiplas B\u00ean\u00e7\u00e3os que recebes&#8230; S\u00f3 por Hoje&#8230; n\u00e3o te zangues, nem critiques&#8230; S\u00f3 por Hoje&#8230; n\u00e3o te preocupes&#8230; S\u00f3 por Hoje&#8230; faz honestamente o teu trabalho&#8230; S\u00f3 por&hellip; <\/p>\n","protected":false},"author":1,"featured_media":0,"parent":21,"menu_order":3,"comment_status":"closed","ping_status":"closed","template":"","meta":{"om_disable_all_campaigns":false,"ngg_post_thumbnail":0,"_joinchat":[],"footnotes":""},"aioseo_notices":[],"_links":{"self":[{"href":"https:\/\/casasama.org.br\/index.php\/wp-json\/wp\/v2\/pages\/574"}],"collection":[{"href":"https:\/\/casasama.org.br\/index.php\/wp-json\/wp\/v2\/pages"}],"about":[{"href":"https:\/\/casasama.org.br\/index.php\/wp-json\/wp\/v2\/types\/page"}],"author":[{"embeddable":true,"href":"https:\/\/casasama.org.br\/index.php\/wp-json\/wp\/v2\/users\/1"}],"replies":[{"embeddable":true,"href":"https:\/\/casasama.org.br\/index.php\/wp-json\/wp\/v2\/comments?post=574"}],"version-history":[{"count":4,"href":"https:\/\/casasama.org.br\/index.php\/wp-json\/wp\/v2\/pages\/574\/revisions"}],"predecessor-version":[{"id":598,"href":"https:\/\/casasama.org.br\/index.php\/wp-json\/wp\/v2\/pages\/574\/revisions\/598"}],"up":[{"embeddable":true,"href":"https:\/\/casasama.org.br\/index.php\/wp-json\/wp\/v2\/pages\/21"}],"wp:attachment":[{"href":"https:\/\/casasama.org.br\/index.php\/wp-json\/wp\/v2\/media?parent=574"}],"curies":[{"name":"wp","href":"https:\/\/api.w.org\/{rel}","templated":true}]}}