{"id":572,"date":"2017-07-15T15:04:55","date_gmt":"2017-07-15T18:04:55","guid":{"rendered":"https:\/\/casasama.org.br\/?page_id=572"},"modified":"2017-07-15T18:56:03","modified_gmt":"2017-07-15T21:56:03","slug":"visao","status":"publish","type":"page","link":"https:\/\/casasama.org.br\/index.php\/reiki\/visao\/","title":{"rendered":"Vis\u00e3o"},"content":{"rendered":"<p><span style=\"color: #000000; font-family: 'book antiqua', palatino, serif; font-size: 18pt;\"><strong>VIS\u00c3O<\/strong><\/span><\/p>\n<p><span style=\"color: #000000; font-size: 14pt;\"><strong>Somos uma Casa altru\u00edsta que sobrevive da colabora\u00e7\u00e3o de seus membros e dos eventos que realizamos: Pizza Beneficente e de doa\u00e7\u00f5es em esp\u00e9cie. <\/strong><\/span><\/p>\n<p><span style=\"color: #000000; font-size: 14pt;\"><strong>Estamos a cada novo momento e oportunidade, nos desenvolvendo progressivamente e continuamente para nos tornarmos refer\u00eancia em S\u00e3o Jos\u00e9 do Rio Preto e regi\u00e3o como uma<\/strong> <em><span style=\"font-size: 18pt;\"><strong>Casa Filantr\u00f3pica do REIKI<\/strong> &#8230; <strong>S\u00f3 por hoje e a cada novo alvorecer.<\/strong><\/span><\/em><\/span><\/p>\n","protected":false},"excerpt":{"rendered":"<p>VIS\u00c3O Somos uma Casa altru\u00edsta que sobrevive da colabora\u00e7\u00e3o de seus membros e dos eventos que realizamos: Pizza Beneficente e de doa\u00e7\u00f5es em esp\u00e9cie. Estamos a cada novo momento e oportunidade, nos desenvolvendo progressivamente e continuamente para nos tornarmos refer\u00eancia&hellip; <\/p>\n","protected":false},"author":1,"featured_media":0,"parent":21,"menu_order":2,"comment_status":"closed","ping_status":"closed","template":"","meta":{"om_disable_all_campaigns":false,"ngg_post_thumbnail":0,"_joinchat":[],"footnotes":""},"aioseo_notices":[],"_links":{"self":[{"href":"https:\/\/casasama.org.br\/index.php\/wp-json\/wp\/v2\/pages\/572"}],"collection":[{"href":"https:\/\/casasama.org.br\/index.php\/wp-json\/wp\/v2\/pages"}],"about":[{"href":"https:\/\/casasama.org.br\/index.php\/wp-json\/wp\/v2\/types\/page"}],"author":[{"embeddable":true,"href":"https:\/\/casasama.org.br\/index.php\/wp-json\/wp\/v2\/users\/1"}],"replies":[{"embeddable":true,"href":"https:\/\/casasama.org.br\/index.php\/wp-json\/wp\/v2\/comments?post=572"}],"version-history":[{"count":5,"href":"https:\/\/casasama.org.br\/index.php\/wp-json\/wp\/v2\/pages\/572\/revisions"}],"predecessor-version":[{"id":597,"href":"https:\/\/casasama.org.br\/index.php\/wp-json\/wp\/v2\/pages\/572\/revisions\/597"}],"up":[{"embeddable":true,"href":"https:\/\/casasama.org.br\/index.php\/wp-json\/wp\/v2\/pages\/21"}],"wp:attachment":[{"href":"https:\/\/casasama.org.br\/index.php\/wp-json\/wp\/v2\/media?parent=572"}],"curies":[{"name":"wp","href":"https:\/\/api.w.org\/{rel}","templated":true}]}}