{"id":570,"date":"2017-07-15T15:04:28","date_gmt":"2017-07-15T18:04:28","guid":{"rendered":"https:\/\/casasama.org.br\/?page_id=570"},"modified":"2017-07-15T18:55:16","modified_gmt":"2017-07-15T21:55:16","slug":"missao","status":"publish","type":"page","link":"https:\/\/casasama.org.br\/index.php\/reiki\/missao\/","title":{"rendered":"Miss\u00e3o"},"content":{"rendered":"<p><span style=\"font-family: 'book antiqua', palatino, serif; font-size: 24pt; color: #000000;\"><strong>MISS\u00c3O<\/strong><\/span><\/p>\n<p><span style=\"font-family: 'book antiqua', palatino, serif; font-size: 14pt; color: #000000;\"><strong>Oferecer a TERAPIA HOL\u00cdSTICA REIKI a toda e qualquer pessoa que necessite e nos procure, independente da etnia, credo ou motivo pelo qual venha \u00e0 nossa Casa S.A.M.A. \u00c9 da nossa vontade e desejo proporcionar o resgate da esperan\u00e7a, F\u00e9, sa\u00fade e bem-estar, lembrando que o REIKI oferecido em nossa Casa S.A.M.A. \u00e9 GRATUITO e \u00e9 atrav\u00e9s das aplica\u00e7\u00f5es do Reiki que exercitamos a Caridade em Compaix\u00e3o com Acolhimento Respeitoso ao nosso pr\u00f3ximo. Sempre em muita Gratid\u00e3o \u00e0 Deus e a todos, por nos permitir exercitar e sentir as vibra\u00e7\u00f5es fraternais em boa sintonia com nossa Espiritualidade Amiga, desenvolvendo positivamente o altru\u00edsmo em Gratid\u00e3o.<\/strong><\/span><\/p>\n","protected":false},"excerpt":{"rendered":"<p>MISS\u00c3O Oferecer a TERAPIA HOL\u00cdSTICA REIKI a toda e qualquer pessoa que necessite e nos procure, independente da etnia, credo ou motivo pelo qual venha \u00e0 nossa Casa S.A.M.A. \u00c9 da nossa vontade e desejo proporcionar o resgate da esperan\u00e7a,&hellip; <\/p>\n","protected":false},"author":1,"featured_media":0,"parent":21,"menu_order":1,"comment_status":"closed","ping_status":"closed","template":"","meta":{"om_disable_all_campaigns":false,"ngg_post_thumbnail":0,"_joinchat":[],"footnotes":""},"aioseo_notices":[],"_links":{"self":[{"href":"https:\/\/casasama.org.br\/index.php\/wp-json\/wp\/v2\/pages\/570"}],"collection":[{"href":"https:\/\/casasama.org.br\/index.php\/wp-json\/wp\/v2\/pages"}],"about":[{"href":"https:\/\/casasama.org.br\/index.php\/wp-json\/wp\/v2\/types\/page"}],"author":[{"embeddable":true,"href":"https:\/\/casasama.org.br\/index.php\/wp-json\/wp\/v2\/users\/1"}],"replies":[{"embeddable":true,"href":"https:\/\/casasama.org.br\/index.php\/wp-json\/wp\/v2\/comments?post=570"}],"version-history":[{"count":4,"href":"https:\/\/casasama.org.br\/index.php\/wp-json\/wp\/v2\/pages\/570\/revisions"}],"predecessor-version":[{"id":596,"href":"https:\/\/casasama.org.br\/index.php\/wp-json\/wp\/v2\/pages\/570\/revisions\/596"}],"up":[{"embeddable":true,"href":"https:\/\/casasama.org.br\/index.php\/wp-json\/wp\/v2\/pages\/21"}],"wp:attachment":[{"href":"https:\/\/casasama.org.br\/index.php\/wp-json\/wp\/v2\/media?parent=570"}],"curies":[{"name":"wp","href":"https:\/\/api.w.org\/{rel}","templated":true}]}}