{"id":484,"date":"2017-07-10T00:51:37","date_gmt":"2017-07-10T03:51:37","guid":{"rendered":"https:\/\/casasama.org.br\/?page_id=484"},"modified":"2017-07-10T16:54:42","modified_gmt":"2017-07-10T19:54:42","slug":"sao-miguel-arcanjo","status":"publish","type":"page","link":"https:\/\/casasama.org.br\/index.php\/oracoes\/sao-miguel-arcanjo\/","title":{"rendered":"S\u00c3O MIGUEL ARCANJO"},"content":{"rendered":"<p style=\"text-align: center;\"><strong><span style=\"font-family: 'book antiqua', palatino, serif; font-size: 18pt; color: #000000;\">ORA\u00c7\u00c3O: S\u00c3O MIGUEL ARCANJO<\/span><\/strong><\/p>\n<p><img loading=\"lazy\" decoding=\"async\" class=\"size-full wp-image-485 aligncenter\" src=\"https:\/\/casasama.org.br\/wp-content\/uploads\/2017\/07\/S\u00c3O-MIGUEL-ARCANJO.jpg\" alt=\"\" width=\"1000\" height=\"769\" srcset=\"https:\/\/casasama.org.br\/wp-content\/uploads\/2017\/07\/S\u00c3O-MIGUEL-ARCANJO.jpg 1000w, https:\/\/casasama.org.br\/wp-content\/uploads\/2017\/07\/S\u00c3O-MIGUEL-ARCANJO-300x231.jpg 300w, https:\/\/casasama.org.br\/wp-content\/uploads\/2017\/07\/S\u00c3O-MIGUEL-ARCANJO-768x591.jpg 768w\" sizes=\"(max-width: 1000px) 100vw, 1000px\" \/><\/p>\n<p style=\"text-align: center;\"><span style=\"font-size: 18pt; color: #000000;\"><strong>S<span style=\"font-family: 'book antiqua', palatino, serif;\">\u00e3o Miguel Arcanjo, protegei-me no combate! &#8230; em meu dia a dia&#8230;<\/span><\/strong><\/span><\/p>\n<p style=\"text-align: center;\"><span style=\"font-family: 'book antiqua', palatino, serif; font-size: 14pt; color: #000000;\"><strong>Cobri-me com vosso escudo, contra os embustes e ciladas dos esp\u00edritos malignos e perversos; encarnados e desencarnados que desejam me ver fracassar nesta minha encarna\u00e7\u00e3o&#8230; <\/strong><\/span><\/p>\n<p style=\"text-align: center;\"><span style=\"font-family: 'book antiqua', palatino, serif; font-size: 14pt; color: #000000;\"><strong>Ordene-lhe Deus! Instantemente! Ao Pr\u00edncipe da mil\u00edcia Celeste, General de todos os ex\u00e9rcitos em Deus que com o poder de sua espada Michaelina corte todas as malhas de ilus\u00f5es, dissipando todos os v\u00e9us que possam enfraquecer minha convic\u00e7\u00e3o e f\u00e9 em Deus e em meu prop\u00f3sito de vida.<\/strong><\/span><\/p>\n<p style=\"text-align: center;\"><span style=\"font-family: 'book antiqua', palatino, serif; font-size: 14pt; color: #000000;\"><strong>Guardai-me entre os seus! Guardai minha fam\u00edlia! Suplico-te oh S\u00e3o Miguel Arcanjo, afaste de mim, livra-me dos meus desafetos, dos que se consideram meus inimigos e que falseiam simpatia e amizade; e de todas as situa\u00e7\u00f5es duvidosas e de constrangimentos; livra a mim e meus familiares das magias e feiti\u00e7os provenientes dos homens invejosos e dos maus esp\u00edritos; de todo e qualquer tipo de trai\u00e7\u00e3o e perigos ao meu corpo, a minha alma e aos que tanto amo&#8230; <\/strong><\/span><\/p>\n<p style=\"text-align: center;\"><span style=\"font-family: 'book antiqua', palatino, serif; font-size: 14pt; color: #000000;\"><strong>Me conceda! Estar contigo do mesmo modo que tanto desejo estar sob sua guarda em total prote\u00e7\u00e3o e dire\u00e7\u00e3o aos meus passos e minha vida, oh Cristo Miguel!&#8230; <\/strong><\/span><\/p>\n<p style=\"text-align: center;\"><span style=\"font-family: 'book antiqua', palatino, serif; font-size: 14pt; color: #000000;\"><strong>E que Assim Seja e que assim sempre possa ser!&nbsp; <\/strong><\/span><\/p>\n<p style=\"text-align: center;\"><span style=\"font-family: 'book antiqua', palatino, serif; font-size: 14pt; color: #000000;\"><strong>Am\u00e9m!<\/strong><\/span><\/p>\n<p style=\"text-align: center;\">&nbsp;<\/p>\n","protected":false},"excerpt":{"rendered":"<p>ORA\u00c7\u00c3O: S\u00c3O MIGUEL ARCANJO S\u00e3o Miguel Arcanjo, protegei-me no combate! &#8230; em meu dia a dia&#8230; Cobri-me com vosso escudo, contra os embustes e ciladas dos esp\u00edritos malignos e perversos; encarnados e desencarnados que desejam me ver fracassar nesta minha&hellip; <\/p>\n","protected":false},"author":1,"featured_media":0,"parent":284,"menu_order":6,"comment_status":"closed","ping_status":"closed","template":"","meta":{"om_disable_all_campaigns":false,"ngg_post_thumbnail":0,"_joinchat":[],"footnotes":""},"aioseo_notices":[],"_links":{"self":[{"href":"https:\/\/casasama.org.br\/index.php\/wp-json\/wp\/v2\/pages\/484"}],"collection":[{"href":"https:\/\/casasama.org.br\/index.php\/wp-json\/wp\/v2\/pages"}],"about":[{"href":"https:\/\/casasama.org.br\/index.php\/wp-json\/wp\/v2\/types\/page"}],"author":[{"embeddable":true,"href":"https:\/\/casasama.org.br\/index.php\/wp-json\/wp\/v2\/users\/1"}],"replies":[{"embeddable":true,"href":"https:\/\/casasama.org.br\/index.php\/wp-json\/wp\/v2\/comments?post=484"}],"version-history":[{"count":3,"href":"https:\/\/casasama.org.br\/index.php\/wp-json\/wp\/v2\/pages\/484\/revisions"}],"predecessor-version":[{"id":516,"href":"https:\/\/casasama.org.br\/index.php\/wp-json\/wp\/v2\/pages\/484\/revisions\/516"}],"up":[{"embeddable":true,"href":"https:\/\/casasama.org.br\/index.php\/wp-json\/wp\/v2\/pages\/284"}],"wp:attachment":[{"href":"https:\/\/casasama.org.br\/index.php\/wp-json\/wp\/v2\/media?parent=484"}],"curies":[{"name":"wp","href":"https:\/\/api.w.org\/{rel}","templated":true}]}}