{"id":482,"date":"2017-07-10T00:46:57","date_gmt":"2017-07-10T03:46:57","guid":{"rendered":"https:\/\/casasama.org.br\/?page_id=482"},"modified":"2026-03-26T10:28:49","modified_gmt":"2026-03-26T13:28:49","slug":"sao-bento","status":"publish","type":"page","link":"https:\/\/casasama.org.br\/index.php\/oracoes\/sao-bento\/","title":{"rendered":"S\u00c3O BENTO"},"content":{"rendered":"<p style=\"text-align: center;\"><span style=\"font-family: 'book antiqua', palatino, serif; font-size: 18pt; color: #000000;\"><strong>ORA\u00c7\u00c3O A S\u00c3O BENTO<\/strong> <\/span><\/p>\n<p style=\"text-align: center;\"><img loading=\"lazy\" decoding=\"async\" class=\"alignnone size-full wp-image-508\" src=\"https:\/\/casasama.org.br\/wp-content\/uploads\/2017\/07\/WhatsApp-Image-2017-07-10-at-01.38.42.jpeg\" alt=\"\" width=\"252\" height=\"320\" srcset=\"https:\/\/casasama.org.br\/wp-content\/uploads\/2017\/07\/WhatsApp-Image-2017-07-10-at-01.38.42.jpeg 252w, https:\/\/casasama.org.br\/wp-content\/uploads\/2017\/07\/WhatsApp-Image-2017-07-10-at-01.38.42-236x300.jpeg 236w\" sizes=\"(max-width: 252px) 100vw, 252px\" \/><\/p>\n<p style=\"text-align: center;\"><span style=\"font-family: 'book antiqua', palatino, serif; font-size: 14pt; color: #000000;\">Contra esp\u00edritos perversos e de Prote\u00e7\u00e3o contra o inimigo<\/span><\/p>\n<p style=\"text-align: center;\"><span style=\"font-family: 'book antiqua', palatino, serif; font-size: 14pt; color: #000000;\">Em Latim ( + pronuncia correta) e abaixo: Tradu\u00e7\u00e3o em Portugu\u00eas<\/span><\/p>\n<p style=\"text-align: center;\"><span style=\"font-family: 'book antiqua', palatino, serif; font-size: 14pt; color: #000000;\">T\u00edtulo: <strong>Crux Sancti Patris Benedicti (Crus sancti patris benedicti)<\/strong><\/span><br \/>\n<span style=\"font-family: 'book antiqua', palatino, serif; font-size: 14pt; color: #000000;\"> Santa Cruz do Santo Pai Bento<\/span><\/p>\n<p style=\"text-align: center;\"><strong><span style=\"font-family: 'book antiqua', palatino, serif; font-size: 14pt; color: #000000;\">Crux Sacra Sit Mihi Lux (Crus sacra sidemirri lucs)<\/span><\/strong><br \/>\n<span style=\"font-family: 'book antiqua', palatino, serif; font-size: 14pt; color: #000000;\">A Cruz sagrada seja minha Luz<\/span><\/p>\n<p style=\"text-align: center;\"><strong><span style=\"font-family: 'book antiqua', palatino, serif; font-size: 14pt; color: #000000;\">Non Draco Sit Mihi Dux (nom draco sidemirri ducs)<\/span><\/strong><br \/>\n<span style=\"font-family: 'book antiqua', palatino, serif; font-size: 14pt; color: #000000;\">N\u00e3o seja o Drag\u00e3o meu guia<\/span><\/p>\n<p style=\"text-align: center;\"><strong><span style=\"font-family: 'book antiqua', palatino, serif; font-size: 14pt; color: #000000;\">Vade Retro Satana (vade retro satana)<\/span><\/strong><br \/>\n<span style=\"font-family: 'book antiqua', palatino, serif; font-size: 14pt; color: #000000;\">Retira-te Satan\u00e1s<\/span><\/p>\n<p style=\"text-align: center;\"><strong><span style=\"font-family: 'book antiqua', palatino, serif; font-size: 14pt; color: #000000;\">Numquam Suade Mihi Vana (nunkuam suademirri vana)<\/span><\/strong><br \/>\n<span style=\"font-family: 'book antiqua', palatino, serif; font-size: 14pt; color: #000000;\">Nunca me aconselhes coisas v\u00e3s<\/span><\/p>\n<p style=\"text-align: center;\"><strong><span style=\"font-family: 'book antiqua', palatino, serif; font-size: 14pt; color: #000000;\">Sunt Mala Quae Libas (sunte malaq\u00fcae libas)<\/span><\/strong><br \/>\n<span style=\"font-family: 'book antiqua', palatino, serif; font-size: 14pt; color: #000000;\">\u00c9 mal o que tu me ofereces<\/span><\/p>\n<p style=\"text-align: center;\"><strong><span style=\"font-family: 'book antiqua', palatino, serif; font-size: 14pt; color: #000000;\">Ipse Venena Bibas (ipce venena b.i.b.a.s) <\/span><\/strong><br \/>\n<span style=\"font-family: 'book antiqua', palatino, serif; font-size: 14pt; color: #000000;\">Bebe tu mesmo do teu veneno<\/span><br \/>\n<span style=\"font-family: 'book antiqua', palatino, serif; font-size: 14pt; color: #000000;\">Rogai por n\u00f3s bem aventurado S\u00e3o Bento.<\/span><br \/>\n<span style=\"font-family: 'book antiqua', palatino, serif; font-size: 14pt; color: #000000;\">Para que sejamos dignos das promessas de Cristo.<\/span><\/p>\n<p style=\"text-align: center;\"><span style=\"font-family: 'book antiqua', palatino, serif; font-size: 14pt; color: #000000;\">AM\u00c9M!<\/span><\/p>\n<p style=\"text-align: center;\">&nbsp;<\/p>\n<p style=\"text-align: center;\">&#8230;&#8230;&#8230;&#8230;&#8230;&#8230;&#8230;&#8230;&#8230;&#8230;&#8230;&#8230;&#8230;&#8230;&#8230;&#8230;&#8230;&#8230;&#8230;&#8230;&#8230;&#8230;&#8230;&#8230;&#8230;&#8230;&#8230;&#8230;&#8230;&#8230;&#8230;&#8230;&#8230;&#8230;&#8230;&#8230;&#8230;<\/p>\n<p style=\"text-align: center;\"><strong><span style=\"font-family: 'book antiqua', palatino, serif; font-size: 18pt; color: #000000;\">A Ora\u00e7\u00e3o de S\u00e3o Bento<\/span><\/strong><\/p>\n<p style=\"text-align: center;\"><span style=\"font-family: 'book antiqua', palatino, serif; font-size: 14pt; color: #000000;\">Santa Cruz do Pai Bento<\/span><br \/>\n<span style=\"font-family: 'book antiqua', palatino, serif; font-size: 14pt; color: #000000;\">A Cruz sagrada seja minha Luz<\/span><br \/>\n<span style=\"font-family: 'book antiqua', palatino, serif; font-size: 14pt; color: #000000;\">N\u00e3o seja o Drag\u00e3o meu guia<\/span><br \/>\n<span style=\"font-family: 'book antiqua', palatino, serif; font-size: 14pt; color: #000000;\">Retira-te Satan\u00e1s<\/span><br \/>\n<span style=\"font-family: 'book antiqua', palatino, serif; font-size: 14pt; color: #000000;\">Nunca me aconselhes coisas v\u00e3s<\/span><br \/>\n<span style=\"font-family: 'book antiqua', palatino, serif; font-size: 14pt; color: #000000;\">\u00c9 mal o que tu me ofereces<\/span><br \/>\n<span style=\"font-family: 'book antiqua', palatino, serif; font-size: 14pt; color: #000000;\">Bebe tu mesmo do teu veneno<\/span><\/p>\n<p style=\"text-align: center;\">&nbsp;<\/p>\n<p style=\"text-align: center;\"><strong><span style=\"font-family: 'book antiqua', palatino, serif; font-size: 14pt; color: #000000;\">Em latim:<\/span><\/strong><\/p>\n<p style=\"text-align: center;\"><span style=\"font-family: 'book antiqua', palatino, serif; font-size: 14pt; color: #000000;\">Crux Sancti Patris Benedicti<\/span><br \/>\n<span style=\"font-family: 'book antiqua', palatino, serif; font-size: 14pt; color: #000000;\">Crux Sacra Sit Mihi Lux<\/span><br \/>\n<span style=\"font-family: 'book antiqua', palatino, serif; font-size: 14pt; color: #000000;\">Non Draco Sit Mihi Dux<\/span><br \/>\n<span style=\"font-family: 'book antiqua', palatino, serif; font-size: 14pt; color: #000000;\">Vade Retro Satana<\/span><br \/>\n<span style=\"font-family: 'book antiqua', palatino, serif; font-size: 14pt; color: #000000;\">Numquam Suade Mihi Vana<\/span><br \/>\n<span style=\"font-family: 'book antiqua', palatino, serif; font-size: 14pt; color: #000000;\">Sunt Mala Quae Libas<\/span><br \/>\n<span style=\"font-family: 'book antiqua', palatino, serif; font-size: 14pt; color: #000000;\">Ipse Venena Bibas<\/span><\/p>\n<p style=\"text-align: center;\">&nbsp;<\/p>\n<h2 style=\"text-align: center;\"><span style=\"font-family: 'book antiqua', palatino, serif;\">Qual o significado das letras estampadas na Medalha de S\u00e3o Bento<\/span><\/h2>\n<div style=\"width: 480px;\" class=\"wp-video\"><!--[if lt IE 9]><script>document.createElement('video');<\/script><![endif]-->\n<video class=\"wp-video-shortcode\" id=\"video-482-1\" width=\"480\" height=\"360\" preload=\"metadata\" controls=\"controls\"><source type=\"video\/mp4\" src=\"https:\/\/casasama.org.br\/wp-content\/uploads\/2017\/07\/WhatsApp-Video-2017-08-03-at-21.25.17.mp4?_=1\" \/><a href=\"https:\/\/casasama.org.br\/wp-content\/uploads\/2017\/07\/WhatsApp-Video-2017-08-03-at-21.25.17.mp4\">https:\/\/casasama.org.br\/wp-content\/uploads\/2017\/07\/WhatsApp-Video-2017-08-03-at-21.25.17.mp4<\/a><\/video><\/div>\n","protected":false},"excerpt":{"rendered":"<p>ORA\u00c7\u00c3O A S\u00c3O BENTO Contra esp\u00edritos perversos e de Prote\u00e7\u00e3o contra o inimigo Em Latim ( + pronuncia correta) e abaixo: Tradu\u00e7\u00e3o em Portugu\u00eas T\u00edtulo: Crux Sancti Patris Benedicti (Crus sancti patris benedicti) Santa Cruz do Santo Pai Bento Crux&hellip; <\/p>\n","protected":false},"author":1,"featured_media":0,"parent":284,"menu_order":5,"comment_status":"closed","ping_status":"closed","template":"","meta":{"om_disable_all_campaigns":false,"ngg_post_thumbnail":0,"_joinchat":[],"footnotes":""},"aioseo_notices":[],"_links":{"self":[{"href":"https:\/\/casasama.org.br\/index.php\/wp-json\/wp\/v2\/pages\/482"}],"collection":[{"href":"https:\/\/casasama.org.br\/index.php\/wp-json\/wp\/v2\/pages"}],"about":[{"href":"https:\/\/casasama.org.br\/index.php\/wp-json\/wp\/v2\/types\/page"}],"author":[{"embeddable":true,"href":"https:\/\/casasama.org.br\/index.php\/wp-json\/wp\/v2\/users\/1"}],"replies":[{"embeddable":true,"href":"https:\/\/casasama.org.br\/index.php\/wp-json\/wp\/v2\/comments?post=482"}],"version-history":[{"count":8,"href":"https:\/\/casasama.org.br\/index.php\/wp-json\/wp\/v2\/pages\/482\/revisions"}],"predecessor-version":[{"id":922,"href":"https:\/\/casasama.org.br\/index.php\/wp-json\/wp\/v2\/pages\/482\/revisions\/922"}],"up":[{"embeddable":true,"href":"https:\/\/casasama.org.br\/index.php\/wp-json\/wp\/v2\/pages\/284"}],"wp:attachment":[{"href":"https:\/\/casasama.org.br\/index.php\/wp-json\/wp\/v2\/media?parent=482"}],"curies":[{"name":"wp","href":"https:\/\/api.w.org\/{rel}","templated":true}]}}