{"id":432,"date":"2017-07-05T00:35:04","date_gmt":"2017-07-05T03:35:04","guid":{"rendered":"https:\/\/casasama.org.br\/?page_id=432"},"modified":"2017-07-05T00:40:27","modified_gmt":"2017-07-05T03:40:27","slug":"nossa-historia","status":"publish","type":"page","link":"https:\/\/casasama.org.br\/index.php\/quem-somos\/nossa-historia\/","title":{"rendered":"Nossa Hist\u00f3ria"},"content":{"rendered":"<p><span style=\"color: #000000; font-size: 14pt;\">Nossa hist\u00f3ria come\u00e7ou h\u00e1 mais de 10 anos.&nbsp;<\/span><\/p>\n<p><span style=\"color: #000000; font-size: 14pt;\">Quando um grupo de amigos se reunia para levar a t\u00e9cnica de energiza\u00e7\u00e3o com as m\u00e3os \u2013 REIKI \u2013 at\u00e9 a casa de pessoas que precisavam. Pessoas acamadas em Rio Preto e regi\u00e3o recebiam esses atendimentos aos s\u00e1bados, que come\u00e7avam \u00e0s 13h30 e iam, em algumas vezes, at\u00e9 \u00e0s 22h.<\/span><br \/>\n<span style=\"color: #000000; font-size: 14pt;\"> Com o crescimento do n\u00famero de atendimentos, surgiu a necessidade de se estabelecer&nbsp;<span class=\"text_exposed_show\">uma sede f\u00edsica. Assim nasceu a Casa Sama, em junho de 2007. Somos um Educand\u00e1rio Esp\u00edrita e uma ONG Reikiana. Sempre no intuito de oferecer aux\u00edlio, acolhimento ao nosso pr\u00f3ximo (frequentadores, colaboradores e pessoas que buscam ser assistidas).<\/span><\/span><\/p>\n<p><span style=\"font-size: 14pt; color: #000000;\">Informando sempre, nosso interesse em proporcionar a todos: orienta\u00e7\u00f5es e oportunidades de estudo doutrin\u00e1rio. Sendo assim, a qualquer dia, dentro da nossa programa\u00e7\u00e3o semanal, nossa Casa S.A.M.A oportuniza: ora\u00e7\u00f5es, leituras edificantes, estudos, cursos, passe magn\u00e9tico e, dependendo do dia, o Reiki \u2013 Terapia Hol\u00edstica, que \u00e9 oferecido em nossa Casa, gratuitamente. O Reikiano \u00e9 um canal de media\u00e7\u00e3o, preparado e instru\u00eddo na t\u00e9cnica de aplica\u00e7\u00e3o do Reiki.<\/span><\/p>\n<p><span style=\"font-size: 14pt; color: #000000;\">\u00c9 importante compreender que, SOMOS ESP\u00cdRITAS, nas bases do Pentateuco Kardecista e optamos pela Terapia Hol\u00edstica Reiki como meio de presta\u00e7\u00e3o de servi\u00e7o \u00e0 comunidade, ao pr\u00f3ximo, cujo exerc\u00edcio desenvolve cada vez mais, em n\u00f3s, a Compassiva Caridade. Afinal, como afirma de modo determinante a Doutrina Esp\u00edrita: \u201cFora da Caridade n\u00e3o h\u00e1 Salva\u00e7\u00e3o\u201d. \u2013 cap. XV do Evangelho Segundo o Espiritismo, de Allan Kardec.<\/span><\/p>\n<p><span style=\"font-size: 14pt; color: #000000;\">Nossa Casa oferece tamb\u00e9m estudos, oportunidades de desenvolvimento e aprimoramento no caminho do autoconhecimento, Reforma \u00cdntima, conscientiza\u00e7\u00e3o do prop\u00f3sito da vida, desenvolvimento espiritual, buscando vivenciar o \u201ceu sou um com Deus\u201d, no exerc\u00edcio de boa sintonia a manter confi\u00e1vel conex\u00e3o.<\/span><br \/>\n<span style=\"font-size: 14pt; color: #000000;\"> E para tal, o que mais ser\u00e1 preciso? Procurar exercitar, \u201cviver em paz\u201d. Sem Paz, nada se faz!<\/span><\/p>\n","protected":false},"excerpt":{"rendered":"<p>Nossa hist\u00f3ria come\u00e7ou h\u00e1 mais de 10 anos.&nbsp; Quando um grupo de amigos se reunia para levar a t\u00e9cnica de energiza\u00e7\u00e3o com as m\u00e3os \u2013 REIKI \u2013 at\u00e9 a casa de pessoas que precisavam. Pessoas acamadas em Rio Preto e&hellip; <\/p>\n","protected":false},"author":1,"featured_media":0,"parent":38,"menu_order":3,"comment_status":"closed","ping_status":"closed","template":"","meta":{"om_disable_all_campaigns":false,"ngg_post_thumbnail":0,"_joinchat":[],"footnotes":""},"aioseo_notices":[],"_links":{"self":[{"href":"https:\/\/casasama.org.br\/index.php\/wp-json\/wp\/v2\/pages\/432"}],"collection":[{"href":"https:\/\/casasama.org.br\/index.php\/wp-json\/wp\/v2\/pages"}],"about":[{"href":"https:\/\/casasama.org.br\/index.php\/wp-json\/wp\/v2\/types\/page"}],"author":[{"embeddable":true,"href":"https:\/\/casasama.org.br\/index.php\/wp-json\/wp\/v2\/users\/1"}],"replies":[{"embeddable":true,"href":"https:\/\/casasama.org.br\/index.php\/wp-json\/wp\/v2\/comments?post=432"}],"version-history":[{"count":4,"href":"https:\/\/casasama.org.br\/index.php\/wp-json\/wp\/v2\/pages\/432\/revisions"}],"predecessor-version":[{"id":437,"href":"https:\/\/casasama.org.br\/index.php\/wp-json\/wp\/v2\/pages\/432\/revisions\/437"}],"up":[{"embeddable":true,"href":"https:\/\/casasama.org.br\/index.php\/wp-json\/wp\/v2\/pages\/38"}],"wp:attachment":[{"href":"https:\/\/casasama.org.br\/index.php\/wp-json\/wp\/v2\/media?parent=432"}],"curies":[{"name":"wp","href":"https:\/\/api.w.org\/{rel}","templated":true}]}}