{"id":426,"date":"2017-07-04T17:31:13","date_gmt":"2017-07-04T20:31:13","guid":{"rendered":"https:\/\/casasama.org.br\/?page_id=426"},"modified":"2017-07-04T17:31:13","modified_gmt":"2017-07-04T20:31:13","slug":"pentateuco-kardecista-e-outros","status":"publish","type":"page","link":"https:\/\/casasama.org.br\/index.php\/reunioes-e-cursos\/reunioes\/pentateuco-kardecista-e-outros\/","title":{"rendered":"Pentateuco Kardecista e outros"},"content":{"rendered":"<p style=\"text-align: center;\"><span style=\"font-family: 'book antiqua', palatino, serif; font-size: 18pt; color: #000000;\">As TER\u00c7AS FEIRAS das 20:00 \u00e0s 21:30 h.<\/span><\/p>\n<p style=\"text-align: center;\">&nbsp;<\/p>\n<p style=\"text-align: center;\"><span style=\"font-family: 'book antiqua', palatino, serif; font-size: 18pt; color: #000000;\">Aguardem, p\u00e1gina em Constru\u00e7\u00e3o.<\/span><\/p>\n","protected":false},"excerpt":{"rendered":"<p>As TER\u00c7AS FEIRAS das 20:00 \u00e0s 21:30 h. &nbsp; Aguardem, p\u00e1gina em Constru\u00e7\u00e3o.<\/p>\n","protected":false},"author":1,"featured_media":0,"parent":372,"menu_order":2,"comment_status":"closed","ping_status":"closed","template":"","meta":{"om_disable_all_campaigns":false,"ngg_post_thumbnail":0,"_joinchat":[],"footnotes":""},"aioseo_notices":[],"_links":{"self":[{"href":"https:\/\/casasama.org.br\/index.php\/wp-json\/wp\/v2\/pages\/426"}],"collection":[{"href":"https:\/\/casasama.org.br\/index.php\/wp-json\/wp\/v2\/pages"}],"about":[{"href":"https:\/\/casasama.org.br\/index.php\/wp-json\/wp\/v2\/types\/page"}],"author":[{"embeddable":true,"href":"https:\/\/casasama.org.br\/index.php\/wp-json\/wp\/v2\/users\/1"}],"replies":[{"embeddable":true,"href":"https:\/\/casasama.org.br\/index.php\/wp-json\/wp\/v2\/comments?post=426"}],"version-history":[{"count":1,"href":"https:\/\/casasama.org.br\/index.php\/wp-json\/wp\/v2\/pages\/426\/revisions"}],"predecessor-version":[{"id":427,"href":"https:\/\/casasama.org.br\/index.php\/wp-json\/wp\/v2\/pages\/426\/revisions\/427"}],"up":[{"embeddable":true,"href":"https:\/\/casasama.org.br\/index.php\/wp-json\/wp\/v2\/pages\/372"}],"wp:attachment":[{"href":"https:\/\/casasama.org.br\/index.php\/wp-json\/wp\/v2\/media?parent=426"}],"curies":[{"name":"wp","href":"https:\/\/api.w.org\/{rel}","templated":true}]}}