{"id":413,"date":"2017-07-04T17:21:35","date_gmt":"2017-07-04T20:21:35","guid":{"rendered":"https:\/\/casasama.org.br\/?page_id=413"},"modified":"2017-07-04T17:22:10","modified_gmt":"2017-07-04T20:22:10","slug":"reiki","status":"publish","type":"page","link":"https:\/\/casasama.org.br\/index.php\/reunioes-e-cursos\/cursos\/reiki\/","title":{"rendered":"Reiki"},"content":{"rendered":"<p style=\"text-align: center;\"><span style=\"color: #000000; font-family: 'book antiqua', palatino, serif; font-size: 18pt;\">Aguardem, P\u00e1gina em Constru\u00e7\u00e3o.<\/span><\/p>\n","protected":false},"excerpt":{"rendered":"<p>Aguardem, P\u00e1gina em Constru\u00e7\u00e3o.<\/p>\n","protected":false},"author":1,"featured_media":0,"parent":375,"menu_order":1,"comment_status":"closed","ping_status":"closed","template":"","meta":{"om_disable_all_campaigns":false,"ngg_post_thumbnail":0,"_joinchat":[],"footnotes":""},"aioseo_notices":[],"_links":{"self":[{"href":"https:\/\/casasama.org.br\/index.php\/wp-json\/wp\/v2\/pages\/413"}],"collection":[{"href":"https:\/\/casasama.org.br\/index.php\/wp-json\/wp\/v2\/pages"}],"about":[{"href":"https:\/\/casasama.org.br\/index.php\/wp-json\/wp\/v2\/types\/page"}],"author":[{"embeddable":true,"href":"https:\/\/casasama.org.br\/index.php\/wp-json\/wp\/v2\/users\/1"}],"replies":[{"embeddable":true,"href":"https:\/\/casasama.org.br\/index.php\/wp-json\/wp\/v2\/comments?post=413"}],"version-history":[{"count":2,"href":"https:\/\/casasama.org.br\/index.php\/wp-json\/wp\/v2\/pages\/413\/revisions"}],"predecessor-version":[{"id":415,"href":"https:\/\/casasama.org.br\/index.php\/wp-json\/wp\/v2\/pages\/413\/revisions\/415"}],"up":[{"embeddable":true,"href":"https:\/\/casasama.org.br\/index.php\/wp-json\/wp\/v2\/pages\/375"}],"wp:attachment":[{"href":"https:\/\/casasama.org.br\/index.php\/wp-json\/wp\/v2\/media?parent=413"}],"curies":[{"name":"wp","href":"https:\/\/api.w.org\/{rel}","templated":true}]}}