{"id":380,"date":"2017-07-04T16:59:12","date_gmt":"2017-07-04T19:59:12","guid":{"rendered":"https:\/\/casasama.org.br\/?page_id=380"},"modified":"2017-07-04T17:17:12","modified_gmt":"2017-07-04T20:17:12","slug":"cancer","status":"publish","type":"page","link":"https:\/\/casasama.org.br\/index.php\/reunioes-e-cursos\/atendimento-especializado\/cancer\/","title":{"rendered":"C\u00e2ncer"},"content":{"rendered":"<p style=\"text-align: center;\"><span style=\"font-family: 'book antiqua', palatino, serif; font-size: 18pt; color: #000000;\">&#8220;Independe do &nbsp;grau &nbsp;e caracter\u00edsticas da enfermidade&#8221;<\/span><\/p>\n<p style=\"text-align: center;\"><span style=\"font-family: 'book antiqua', palatino, serif; font-size: 18pt; color: #000000;\">Aguardem, P\u00e1gina em Constru\u00e7\u00e3o.<\/span><\/p>\n<p>&nbsp;<\/p>\n","protected":false},"excerpt":{"rendered":"<p>&#8220;Independe do &nbsp;grau &nbsp;e caracter\u00edsticas da enfermidade&#8221; Aguardem, P\u00e1gina em Constru\u00e7\u00e3o. &nbsp;<\/p>\n","protected":false},"author":1,"featured_media":0,"parent":365,"menu_order":1,"comment_status":"closed","ping_status":"closed","template":"","meta":{"om_disable_all_campaigns":false,"ngg_post_thumbnail":0,"_joinchat":[],"footnotes":""},"aioseo_notices":[],"_links":{"self":[{"href":"https:\/\/casasama.org.br\/index.php\/wp-json\/wp\/v2\/pages\/380"}],"collection":[{"href":"https:\/\/casasama.org.br\/index.php\/wp-json\/wp\/v2\/pages"}],"about":[{"href":"https:\/\/casasama.org.br\/index.php\/wp-json\/wp\/v2\/types\/page"}],"author":[{"embeddable":true,"href":"https:\/\/casasama.org.br\/index.php\/wp-json\/wp\/v2\/users\/1"}],"replies":[{"embeddable":true,"href":"https:\/\/casasama.org.br\/index.php\/wp-json\/wp\/v2\/comments?post=380"}],"version-history":[{"count":4,"href":"https:\/\/casasama.org.br\/index.php\/wp-json\/wp\/v2\/pages\/380\/revisions"}],"predecessor-version":[{"id":410,"href":"https:\/\/casasama.org.br\/index.php\/wp-json\/wp\/v2\/pages\/380\/revisions\/410"}],"up":[{"embeddable":true,"href":"https:\/\/casasama.org.br\/index.php\/wp-json\/wp\/v2\/pages\/365"}],"wp:attachment":[{"href":"https:\/\/casasama.org.br\/index.php\/wp-json\/wp\/v2\/media?parent=380"}],"curies":[{"name":"wp","href":"https:\/\/api.w.org\/{rel}","templated":true}]}}