{"id":359,"date":"2017-07-04T12:47:45","date_gmt":"2017-07-04T15:47:45","guid":{"rendered":"https:\/\/casasama.org.br\/?page_id=359"},"modified":"2017-07-04T12:48:24","modified_gmt":"2017-07-04T15:48:24","slug":"a-grande-invocacao","status":"publish","type":"page","link":"https:\/\/casasama.org.br\/index.php\/oracoes\/a-grande-invocacao\/","title":{"rendered":"A GRANDE INVOCA\u00c7\u00c3O"},"content":{"rendered":"<p><img loading=\"lazy\" decoding=\"async\" class=\"alignnone size-full wp-image-294\" src=\"https:\/\/casasama.org.br\/wp-content\/uploads\/2017\/07\/cropped-LOGO-SAMA-Jesus-Marca-Dagua-1.png\" alt=\"\" width=\"1500\" height=\"389\" srcset=\"https:\/\/casasama.org.br\/wp-content\/uploads\/2017\/07\/cropped-LOGO-SAMA-Jesus-Marca-Dagua-1.png 1500w, https:\/\/casasama.org.br\/wp-content\/uploads\/2017\/07\/cropped-LOGO-SAMA-Jesus-Marca-Dagua-1-300x78.png 300w, https:\/\/casasama.org.br\/wp-content\/uploads\/2017\/07\/cropped-LOGO-SAMA-Jesus-Marca-Dagua-1-768x199.png 768w, https:\/\/casasama.org.br\/wp-content\/uploads\/2017\/07\/cropped-LOGO-SAMA-Jesus-Marca-Dagua-1-1024x266.png 1024w\" sizes=\"(max-width: 1500px) 100vw, 1500px\" \/><\/p>\n<p style=\"text-align: center;\"><span style=\"color: #000000; font-family: 'book antiqua', palatino, serif; font-size: 24pt;\"><strong>A Grande Invoca\u00e7\u00e3o<\/strong><\/span><\/p>\n<p style=\"text-align: center;\"><span style=\"color: #000000; font-size: 12pt;\"><em>Do ponto de Luz na Mente de Deus,<\/em><\/span><\/p>\n<p style=\"text-align: center;\"><span style=\"color: #000000; font-size: 12pt;\"><em>flua Luz \u00e0s mentes dos homens.<\/em><\/span><\/p>\n<p style=\"text-align: center;\"><span style=\"color: #000000; font-size: 12pt;\"><em>Des\u00e7a a Luz sobre a Terra.<\/em><\/span><\/p>\n<p style=\"text-align: center;\">&nbsp;<\/p>\n<p style=\"text-align: center;\"><span style=\"color: #000000; font-size: 12pt;\"><em>Do ponto de Amor no Cora\u00e7\u00e3o de Deus,<\/em><\/span><\/p>\n<p style=\"text-align: center;\"><span style=\"color: #000000; font-size: 12pt;\"><em>flua Amor aos cora\u00e7\u00f5es dos homens.<\/em><\/span><\/p>\n<p style=\"text-align: center;\"><span style=\"color: #000000; font-size: 12pt;\"><em>Que a Consci\u00eancia&nbsp; Cr\u00edstica volte \u00e0 Terra, volte Cristo \u00e0 Terra.<\/em><\/span><\/p>\n<p style=\"text-align: center;\">&nbsp;<\/p>\n<p style=\"text-align: center;\"><span style=\"color: #000000; font-size: 12pt;\"><em>Do centro onde a Vontade e o Poder de Deus \u00e9 conhecido,<\/em><\/span><\/p>\n<p style=\"text-align: center;\"><span style=\"color: #000000; font-size: 12pt;\"><em>guie o Prop\u00f3sito \u00e0s pequenas vontades dos homens;<\/em><\/span><\/p>\n<p style=\"text-align: center;\"><span style=\"color: #000000; font-size: 12pt;\"><em>o Prop\u00f3sito que os Mestres conhecem e a que servem.<\/em><\/span><\/p>\n<p style=\"text-align: center;\">&nbsp;<\/p>\n<p style=\"text-align: center;\"><span style=\"color: #000000; font-size: 12pt;\"><em>Do centro a que chamamos a ra\u00e7a dos homens,<\/em><\/span><\/p>\n<p style=\"text-align: center;\"><span style=\"color: #000000; font-size: 12pt;\"><em>cumpra-se o Plano de Amor e Luz.<\/em><\/span><\/p>\n<p style=\"text-align: center;\"><span style=\"color: #000000; font-size: 12pt;\"><em>E feche-se, murando a porta onde se encontra o mal.<\/em><\/span><\/p>\n<p style=\"text-align: center;\">&nbsp;<\/p>\n<p style=\"text-align: center;\"><span style=\"color: #000000; font-size: 12pt;\"><em>Que a Luz, o Amor e o Poder<\/em><\/span><\/p>\n<p style=\"text-align: center;\"><span style=\"color: #000000; font-size: 12pt;\"><em>restabele\u00e7am o Plano de Divino sobre a Terra.<\/em><\/span><\/p>\n<p style=\"text-align: center;\"><span style=\"color: #000000; font-size: 12pt;\"><em>Hoje e por toda a Eternidade.<\/em><\/span><\/p>\n<p style=\"text-align: center;\"><span style=\"color: #000000; font-size: 12pt;\"><em>Que assim seja e assim sempre possa ser.<\/em><\/span><\/p>\n<p style=\"text-align: center;\"><span style=\"color: #000000;\"><span style=\"font-size: 12pt;\"><em>&nbsp;<\/em><\/span><\/span><\/p>\n<p style=\"text-align: center;\"><span style=\"color: #000000; font-size: 12pt;\"><em>Am\u00e9m, Am\u00e9m, Am\u00e9m.<\/em><\/span><\/p>\n<p style=\"text-align: center;\"><span style=\"color: #000000;\"><span style=\"font-size: 12pt;\"><strong><em><u>Obs.:<\/u><\/em><\/strong><\/span><span style=\"font-size: 12pt;\"><em>O 1\u00ba. Am\u00e9m: uma das m\u00e3os ou as duas m\u00e3os sobre a Gl\u00e2ndula Timo;<\/em><\/span><\/span><\/p>\n<p style=\"text-align: center;\"><span style=\"color: #000000; font-size: 12pt;\"><em>O 2\u00ba.Am\u00e9m: uma das m\u00e3os ou as duas m\u00e3os sobre o Terceiro Olho;<\/em><\/span><\/p>\n<p style=\"text-align: center;\"><span style=\"color: #000000; font-size: 12pt;\"><em>O 3\u00ba.Am\u00e9m: uma das m\u00e3os ou as duas m\u00e3os sobre a cabe\u00e7a, como quem sente e protege a chama violeta flamejando no seu chakra coroa.<\/em><\/span><\/p>\n<p style=\"text-align: center;\"><span style=\"color: #000000;\"><span style=\"font-size: 12pt;\"><em>Esta ora\u00e7\u00e3o foi canalizada em 1954 no Tibete e j\u00e1 foi traduzida para mais de 70 l\u00ednguas, entre idiomas e dialetos. Atualmente esta ora\u00e7\u00e3o \u00e9 considerada uma ora\u00e7\u00e3o mundial e n\u00e3o sect\u00e1ria. Fa\u00e7a regularmente e se permita sentir envolvido pela for\u00e7a desta ora\u00e7\u00e3o.<\/em><\/span><\/span><\/p>\n<p style=\"text-align: center;\"><span style=\"color: #000000;\"><span style=\"font-size: 12pt;\"><em>SAUDA\u00c7\u00d5ES CR\u00cdSTICAS<\/em><\/span><\/span><\/p>\n<p style=\"text-align: center;\"><span style=\"color: #000000; font-size: 12pt;\"><em>S.A.M.A.<\/em><\/span><\/p>\n","protected":false},"excerpt":{"rendered":"<p>A Grande Invoca\u00e7\u00e3o Do ponto de Luz na Mente de Deus, flua Luz \u00e0s mentes dos homens. Des\u00e7a a Luz sobre a Terra. &nbsp; Do ponto de Amor no Cora\u00e7\u00e3o de Deus, flua Amor aos cora\u00e7\u00f5es dos homens. Que a&hellip; <\/p>\n","protected":false},"author":1,"featured_media":0,"parent":284,"menu_order":4,"comment_status":"closed","ping_status":"closed","template":"","meta":{"om_disable_all_campaigns":false,"ngg_post_thumbnail":0,"_joinchat":[],"footnotes":""},"aioseo_notices":[],"_links":{"self":[{"href":"https:\/\/casasama.org.br\/index.php\/wp-json\/wp\/v2\/pages\/359"}],"collection":[{"href":"https:\/\/casasama.org.br\/index.php\/wp-json\/wp\/v2\/pages"}],"about":[{"href":"https:\/\/casasama.org.br\/index.php\/wp-json\/wp\/v2\/types\/page"}],"author":[{"embeddable":true,"href":"https:\/\/casasama.org.br\/index.php\/wp-json\/wp\/v2\/users\/1"}],"replies":[{"embeddable":true,"href":"https:\/\/casasama.org.br\/index.php\/wp-json\/wp\/v2\/comments?post=359"}],"version-history":[{"count":2,"href":"https:\/\/casasama.org.br\/index.php\/wp-json\/wp\/v2\/pages\/359\/revisions"}],"predecessor-version":[{"id":361,"href":"https:\/\/casasama.org.br\/index.php\/wp-json\/wp\/v2\/pages\/359\/revisions\/361"}],"up":[{"embeddable":true,"href":"https:\/\/casasama.org.br\/index.php\/wp-json\/wp\/v2\/pages\/284"}],"wp:attachment":[{"href":"https:\/\/casasama.org.br\/index.php\/wp-json\/wp\/v2\/media?parent=359"}],"curies":[{"name":"wp","href":"https:\/\/api.w.org\/{rel}","templated":true}]}}