{"id":355,"date":"2017-07-04T12:44:59","date_gmt":"2017-07-04T15:44:59","guid":{"rendered":"https:\/\/casasama.org.br\/?page_id=355"},"modified":"2017-07-04T12:46:50","modified_gmt":"2017-07-04T15:46:50","slug":"pai-nosso-brasil","status":"publish","type":"page","link":"https:\/\/casasama.org.br\/index.php\/oracoes\/pai-nosso-brasil\/","title":{"rendered":"PAI NOSSO BRASIL"},"content":{"rendered":"<p style=\"text-align: center;\"><img loading=\"lazy\" decoding=\"async\" class=\"alignnone size-full wp-image-294\" src=\"https:\/\/casasama.org.br\/wp-content\/uploads\/2017\/07\/cropped-LOGO-SAMA-Jesus-Marca-Dagua-1.png\" alt=\"\" width=\"1500\" height=\"389\" srcset=\"https:\/\/casasama.org.br\/wp-content\/uploads\/2017\/07\/cropped-LOGO-SAMA-Jesus-Marca-Dagua-1.png 1500w, https:\/\/casasama.org.br\/wp-content\/uploads\/2017\/07\/cropped-LOGO-SAMA-Jesus-Marca-Dagua-1-300x78.png 300w, https:\/\/casasama.org.br\/wp-content\/uploads\/2017\/07\/cropped-LOGO-SAMA-Jesus-Marca-Dagua-1-768x199.png 768w, https:\/\/casasama.org.br\/wp-content\/uploads\/2017\/07\/cropped-LOGO-SAMA-Jesus-Marca-Dagua-1-1024x266.png 1024w\" sizes=\"(max-width: 1500px) 100vw, 1500px\" \/><\/p>\n<p style=\"text-align: center;\"><span style=\"font-family: 'book antiqua', palatino, serif; font-size: 18pt; color: #000000;\"><strong><u>PAI NOSSO para O NOSSO BRASIL<\/u><\/strong><\/span><\/p>\n<p><u><\/u><span style=\"color: #000000; font-size: 12pt; font-family: 'book antiqua', palatino, serif;\"><em>(OBS: Esta ora\u00e7\u00e3o \u00e9 uma adapta\u00e7\u00e3o da ora\u00e7\u00e3o Pai Nosso para a Quaresma; Para este per\u00edodo de transi\u00e7\u00e3o e adversidades que o nosso Pa\u00eds e o nosso Povo vem atravessando; poder\u00e1 ser feito em qualquer hor\u00e1rio)<\/em><\/span><\/p>\n<p><span style=\"color: #000000; font-size: 12pt; font-family: 'book antiqua', palatino, serif;\"><em>&nbsp;<\/em><\/span><\/p>\n<p><span style=\"color: #000000; font-size: 12pt; font-family: 'book antiqua', palatino, serif;\">Pai Nosso para o Nosso Brasil, o Grande Criador C\u00f3smico Divino,<\/span><\/p>\n<p><span style=\"color: #000000; font-size: 12pt; font-family: 'book antiqua', palatino, serif;\">Que vossa luz irradie e vibre e, acima de tudo, pacifique suavize os cora\u00e7\u00f5es de todos os brasileiros, de todos os seres do nosso orbe Terra, agora! Neste nosso santo e sagrado momento&#8230;<\/span><\/p>\n<p><span style=\"color: #000000; font-size: 12pt; font-family: 'book antiqua', palatino, serif;\">Que possamos esculpir novos espa\u00e7os dentro de cada um de n\u00f3s com vossa Presen\u00e7a Eu Sou;<\/span><\/p>\n<p><span style=\"color: #000000; font-size: 12pt; font-family: 'book antiqua', palatino, serif;\">Que possamos fortalecer a nossa Mente Cr\u00edstica para que possamos prover o fruto da nossa miss\u00e3o neste mundo neste momento de vida, neste nosso&nbsp;<strong>Brasil<\/strong>&#8230;<\/span><\/p>\n<p><span style=\"color: #000000; font-size: 12pt; font-family: 'book antiqua', palatino, serif;\">Que n\u00f3s possamos agir de acordo com os Efl\u00favios da Vossa Consci\u00eancia e de acordo com o desejo maior da nossa Presen\u00e7a Eu Sou para em n\u00f3s realizar os \u2018frutos\u2019.<\/span><\/p>\n<p><span style=\"color: #000000; font-size: 12pt; font-family: 'book antiqua', palatino, serif;\">Que todos n\u00f3s possamos ser providos com a Grande Sabedoria Infinita;<\/span><\/p>\n<p><span style=\"color: #000000; font-size: 12pt; font-family: 'book antiqua', palatino, serif;\">Que todos n\u00f3s possamos compartilhar em cada ser as necessidades que crescem e florescem em todos os cora\u00e7\u00f5es.<\/span><\/p>\n<p><span style=\"color: #000000; font-size: 12pt; font-family: 'book antiqua', palatino, serif;\">Pai Eterno! Ajudai-nos, durante este momento o povo do nosso&nbsp;<strong>Brasil<\/strong>,&nbsp;<strong>a desfazer os n\u00f3s de todos os fios emaranhados do nosso destino e do destino sagrado do nosso Brasil.<\/strong><\/span><\/p>\n<p><span style=\"color: #000000; font-size: 12pt; font-family: 'book antiqua', palatino, serif;\">Ajudai-nos mais uma vez&nbsp;<strong>a unir nossos cora\u00e7\u00f5es na verdade.<\/strong><\/span><\/p>\n<p><span style=\"color: #000000; font-size: 12pt; font-family: 'book antiqua', palatino, serif;\">Que possamos&nbsp;<strong>libertar outras pessoas ou manifesta\u00e7\u00f5es que n\u00e3o mais perten\u00e7am \u00e0s nossas vidas e ao destino sagrado de nosso Brasil.<\/strong><\/span><\/p>\n<p><span style=\"color: #000000; font-size: 12pt; font-family: 'book antiqua', palatino, serif;\">Que possamos&nbsp;<strong>libertar fios&nbsp;<\/strong>que estejam presos por enganos passados;&nbsp;<strong>resultantes de nossa Permissividade a Toda \u2018Ilus\u00e3o\u2019 ou por nossa Ignor\u00e2ncia ou Descaso;<\/strong><\/span><\/p>\n<p><span style=\"color: #000000; font-size: 12pt; font-family: 'book antiqua', palatino, serif;\"><strong>Que vidas passadas sejam transmutadas e perdoadas;<\/strong><\/span><\/p>\n<p><span style=\"color: #000000; font-size: 12pt; font-family: 'book antiqua', palatino, serif;\">E que, neste momento n\u00f3s povo do&nbsp;<strong>Brasil<\/strong>, possamos todos vibrar na Energia da Luz.<\/span><\/p>\n<p><span style=\"color: #000000; font-size: 12pt; font-family: 'book antiqua', palatino, serif;\">D`US Pai! D\u00b4US M\u00e3e! D\u00b4US Filho Cr\u00edstico!<\/span><\/p>\n<p><span style=\"color: #000000; font-size: 12pt; font-family: 'book antiqua', palatino, serif;\">Que possamos&nbsp;<strong>estar e permanecer em \u201cSintonia\u201d com esta sua \u201cLuz\u201d Criadora, Benfazeja, Renovadora&#8230; Transmutadora&#8230;<\/strong><\/span><\/p>\n<p><span style=\"color: #000000; font-size: 12pt; font-family: 'book antiqua', palatino, serif;\">Para \u201c<strong>Jamais\u201d virmos a ser \u2018seduzidos\u2019&nbsp;<\/strong>pelas energias que nos distanciam de Toda Sua Luz e de nossa Natureza Divina, em Gl\u00f3ria como filhos Prediletos e Eleitos em Deus.<\/span><\/p>\n<p><span style=\"color: #000000; font-size: 12pt; font-family: 'book antiqua', palatino, serif;\">E para que possamos nos manter comprometidos hoje e sempre como brasileiros, filhos desta na\u00e7\u00e3o, destinada a ser Cora\u00e7\u00e3o do Mundo, P\u00e1tria do Evangelho.<\/span><\/p>\n<p><span style=\"color: #000000; font-size: 12pt; font-family: 'book antiqua', palatino, serif;\">E que possamos nos manter em Humildade e Simplicidade para servirmos ao prop\u00f3sito de nos tornarmos Instrumentos de Toda Sua Vontade a n\u00f3s mesmos e ao nosso pr\u00f3ximo, ao nosso Brasil como mediadores de Tua Luz&#8230;<\/span><\/p>\n<p><span style=\"color: #000000; font-size: 12pt; font-family: 'book antiqua', palatino, serif;\">Para que Irmanados possamos transcender em Consci\u00eancia e Luz&#8230;<\/span><\/p>\n<p><span style=\"color: #000000; font-size: 12pt; font-family: 'book antiqua', palatino, serif;\"><strong>Iluminando Todas as oportunidades e escolhas de cada nosso momento presente,&nbsp;<\/strong>atraindo assim o potencial da Co-cria\u00e7\u00e3o, o nosso Legado Cr\u00edstico,&nbsp;<strong>Regenerar e Evoluir, miss\u00e3o de cada um de n\u00f3s, de Toda a nossa Humanidade para uma nova vida em n\u00f3s&#8230; Agora!!!<\/strong><\/span><\/p>\n<p><span style=\"color: #000000; font-size: 12pt; font-family: 'book antiqua', palatino, serif;\">Oh! Grande C\u00edrculo da Eternidade!<\/span><\/p>\n<p><span style=\"color: #000000; font-size: 12pt; font-family: 'book antiqua', palatino, serif;\">Oh! Grande Abund\u00e2ncia Infinita!<\/span><\/p>\n<p><span style=\"color: #000000; font-size: 12pt; font-family: 'book antiqua', palatino, serif;\">Oh! Grande Farta Prosperidade!<\/span><\/p>\n<p><span style=\"color: #000000; font-size: 12pt; font-family: 'book antiqua', palatino, serif;\">Que possamos refletir Vosso poder Senhor nosso D\u00b4US!<\/span><\/p>\n<p><span style=\"color: #000000; font-size: 12pt; font-family: 'book antiqua', palatino, serif;\">Oh! Grande Forma da Cria\u00e7\u00e3o,<\/span><\/p>\n<p><span style=\"color: #000000; font-size: 12pt; font-family: 'book antiqua', palatino, serif;\">Oh! Grande Realiza\u00e7\u00e3o,<\/span><\/p>\n<p><span style=\"color: #000000; font-size: 12pt; font-family: 'book antiqua', palatino, serif;\">Oh! Grande Alfa de Luz,<\/span><\/p>\n<p><span style=\"color: #000000; font-size: 12pt; font-family: 'book antiqua', palatino, serif;\">Que venha o Dharma em luz e toda Plenitude em Consci\u00eancia, Sa\u00fade, Sabedoria&#8230; em Ben\u00e7\u00e3os de Luz!<\/span><\/p>\n<p><span style=\"color: #000000; font-size: 12pt; font-family: 'book antiqua', palatino, serif;\">Que possamos nos unir e, juntos, possamos todos nos tornar a Unicidade no Ciclo Cr\u00edstico em IESCHOUAH Cristos JESUS, Mestre de nossa Vida, &#8230; e que nossa vida uma vez mais seja \u201cGRATID\u00c3O\u201d<\/span><\/p>\n<p><span style=\"color: #000000; font-size: 12pt; font-family: 'book antiqua', palatino, serif;\">E que Assim seja! Que Assim Sempre possa \u2018ser\u2019!<\/span><\/p>\n<p><span style=\"color: #000000; font-size: 12pt; font-family: 'book antiqua', palatino, serif;\">Em Un\u00edssono com o D`US Vivo de nosso Cora\u00e7\u00e3o, protegendo o nosso Brasil e todo seu povo.<\/span><\/p>\n<p><span style=\"color: #000000; font-size: 12pt; font-family: 'book antiqua', palatino, serif;\">\u00c1mem! \u00c1mem! \u00c1mem! \u00c1mem! \u00c1mem!<\/span><\/p>\n","protected":false},"excerpt":{"rendered":"<p>PAI NOSSO para O NOSSO BRASIL (OBS: Esta ora\u00e7\u00e3o \u00e9 uma adapta\u00e7\u00e3o da ora\u00e7\u00e3o Pai Nosso para a Quaresma; Para este per\u00edodo de transi\u00e7\u00e3o e adversidades que o nosso Pa\u00eds e o nosso Povo vem atravessando; poder\u00e1 ser feito em&hellip; <\/p>\n","protected":false},"author":1,"featured_media":0,"parent":284,"menu_order":3,"comment_status":"closed","ping_status":"closed","template":"","meta":{"om_disable_all_campaigns":false,"ngg_post_thumbnail":0,"_joinchat":[],"footnotes":""},"aioseo_notices":[],"_links":{"self":[{"href":"https:\/\/casasama.org.br\/index.php\/wp-json\/wp\/v2\/pages\/355"}],"collection":[{"href":"https:\/\/casasama.org.br\/index.php\/wp-json\/wp\/v2\/pages"}],"about":[{"href":"https:\/\/casasama.org.br\/index.php\/wp-json\/wp\/v2\/types\/page"}],"author":[{"embeddable":true,"href":"https:\/\/casasama.org.br\/index.php\/wp-json\/wp\/v2\/users\/1"}],"replies":[{"embeddable":true,"href":"https:\/\/casasama.org.br\/index.php\/wp-json\/wp\/v2\/comments?post=355"}],"version-history":[{"count":3,"href":"https:\/\/casasama.org.br\/index.php\/wp-json\/wp\/v2\/pages\/355\/revisions"}],"predecessor-version":[{"id":358,"href":"https:\/\/casasama.org.br\/index.php\/wp-json\/wp\/v2\/pages\/355\/revisions\/358"}],"up":[{"embeddable":true,"href":"https:\/\/casasama.org.br\/index.php\/wp-json\/wp\/v2\/pages\/284"}],"wp:attachment":[{"href":"https:\/\/casasama.org.br\/index.php\/wp-json\/wp\/v2\/media?parent=355"}],"curies":[{"name":"wp","href":"https:\/\/api.w.org\/{rel}","templated":true}]}}