{"id":345,"date":"2017-07-04T12:37:16","date_gmt":"2017-07-04T15:37:16","guid":{"rendered":"https:\/\/casasama.org.br\/?page_id=345"},"modified":"2017-07-05T17:06:48","modified_gmt":"2017-07-05T20:06:48","slug":"bem-aventuranca","status":"publish","type":"page","link":"https:\/\/casasama.org.br\/index.php\/oracoes\/bem-aventuranca\/","title":{"rendered":"BEM-AVENTURAN\u00c7A"},"content":{"rendered":"<h3 style=\"text-align: center;\"><em><span style=\"font-family: 'arial black', sans-serif; color: #0000ff;\">Primeira Ora\u00e7\u00e3o canalizada pelos m\u00e9diuns de nossa Casa S.A.M.A. (2008)<\/span><\/em><\/h3>\n<p><img loading=\"lazy\" decoding=\"async\" class=\"alignnone size-full wp-image-294\" src=\"https:\/\/casasama.org.br\/wp-content\/uploads\/2017\/07\/cropped-LOGO-SAMA-Jesus-Marca-Dagua-1.png\" alt=\"\" width=\"1500\" height=\"389\" srcset=\"https:\/\/casasama.org.br\/wp-content\/uploads\/2017\/07\/cropped-LOGO-SAMA-Jesus-Marca-Dagua-1.png 1500w, https:\/\/casasama.org.br\/wp-content\/uploads\/2017\/07\/cropped-LOGO-SAMA-Jesus-Marca-Dagua-1-300x78.png 300w, https:\/\/casasama.org.br\/wp-content\/uploads\/2017\/07\/cropped-LOGO-SAMA-Jesus-Marca-Dagua-1-768x199.png 768w, https:\/\/casasama.org.br\/wp-content\/uploads\/2017\/07\/cropped-LOGO-SAMA-Jesus-Marca-Dagua-1-1024x266.png 1024w\" sizes=\"(max-width: 1500px) 100vw, 1500px\" \/><\/p>\n<h3 style=\"text-align: center;\"><strong style=\"color: #000000; font-family: 'book antiqua', palatino, serif; font-size: 18pt;\">ORA\u00c7\u00c3O da BEM-AVENTURAN\u00c7A<\/strong><\/h3>\n<p style=\"text-align: center;\"><span style=\"font-family: 'book antiqua', palatino, serif; font-size: 18pt; color: #000000;\"><strong><img loading=\"lazy\" decoding=\"async\" class=\"alignnone size-full wp-image-16 alignright\" src=\"https:\/\/casasama.org.br\/wp-content\/uploads\/2017\/01\/LOGO-80x80.png\" alt=\"\" width=\"80\" height=\"68\"><\/strong><\/span><\/p>\n<p style=\"text-align: center;\"><span style=\"color: #000000;\"><strong>Reconcilia\u00e7\u00e3o com todo nosso Antepassado e Energias Ancestrais<\/strong><\/span><\/p>\n<p style=\"text-align: center;\"><span style=\"color: #000000;\"><strong>(de nossos EU\u2019s, de todas nossas vidas)<\/strong><\/span><\/p>\n<p style=\"text-align: center;\"><span style=\"color: #000000;\"><strong>Inten\u00e7\u00e3o: dilui\u00e7\u00e3o ou t\u00e9rmino de nosso karma e poss\u00edvel entrada em nosso Alfa de LUZ \u2013 Dharma<\/strong><\/span><\/p>\n<p><span style=\"color: #000000; font-size: 12pt;\"><strong>3x ADONAN ANTEVANARA JERIHOM T\u2019S\u00c1<\/strong><\/span><\/p>\n<p><span style=\"color: #000000; font-size: 12pt;\">DEUS PAI\/M\u00c3E CRIADOR, MANTENEDOR E RENOVADOR DE TODAS AS COISAS, POR SUA TRINA MANIFESTA\u00c7\u00c3O:&nbsp;&nbsp;&nbsp;&nbsp;&nbsp;&nbsp;&nbsp;&nbsp;&nbsp;&nbsp;&nbsp;&nbsp;&nbsp;&nbsp;<\/span><\/p>\n<p><span style=\"color: #000000; font-size: 12pt;\">METATRON, A LUZ CRIADORA;<\/span><\/p>\n<p><span style=\"color: #000000; font-size: 12pt;\">MELCKITZEDEK, O VERBO DIVINO;<\/span><\/p>\n<p><span style=\"color: #000000; font-size: 12pt;\">MICKHAEL, A JUSTI\u00c7A E A SABEDORIA DIVINA POR TODO O MOVIMENTO MANTENEDOR DO OF\u00cdCIO CR\u00cdSTICO POR IESCHOUAH&#8230;<\/span><\/p>\n<p><span style=\"color: #000000; font-size: 12pt;\">CONCEDA-ME EM MINHA P\u00c1LIDA EXPRESS\u00c3O, SINTONIA COM A SUA DIVINDADE PARA ROGAR MINHAS S\u00daPLICAS.<\/span><\/p>\n<p><span style=\"color: #000000; font-size: 12pt;\">EU (nome completo), PE\u00c7O PERD\u00c3O E LIBERTA\u00c7\u00c3O \u00c0 TODOS OS MEUS ANTEPASSADOS, SEJAM ELES LIGADOS AOS LA\u00c7OS CONSAGU\u00cdNEOS OU POR AFINIDADE DE JORNADA, MAS PRINCIPALMENTE AOS ANTEPASSADOS DERIVADOS DE MEU PR\u00d3PRIO ESP\u00cdRITO, DE MINHA M\u00d4NADA.<\/span><\/p>\n<p><span style=\"color: #000000; font-size: 12pt;\">QUE TODO MAL PRATICADO, QUER SEJA: F\u00cdSICO, MORAL, MENTAL, EMOCIONAL, SEXUAL, FINANCEIRO E ESPIRITUAL&#8230;<\/span><\/p>\n<p><span style=\"color: #000000; font-size: 12pt;\">QUE O SENHOR MEU DEUS, ME CONCEDA, DE ALGUMA FORMA, A DILUI\u00c7\u00c3O DO MAL FEITO E A RECONCIALIA\u00c7\u00c3O ENERG\u00c9TICA COM TODAS ESTAS ALMAS, ESP\u00cdRITOS, SERES, COM TODO O UNIVERSO CR\u00cdSTICO, PARA QUE TODO O MAL POSSA SER APAGADO E DESINTEGRADO, EM NOME DA MISERIC\u00d3RDIA DIVINA DE IESCHOUAH.<\/span><\/p>\n<p><span style=\"color: #000000; font-size: 12pt;\"><strong>3x ADONAN ANTEVANARA JERIHOM T\u2019S\u00c1<\/strong><\/span><\/p>\n<p><span style=\"color: #000000; font-size: 12pt;\">QUE MEU \u2018SER\u2019 PRESENTE SEJA RENOVADO E REDIMIDO PELO SANGUE E CORPO DE CHRISTUS, E O FOGO DO ESP\u00cdRITO SANTO DIVINO, POSSA ENTRAR EM MEU \u2018SER\u2019 E PURIFIC\u00c1-LO, LIBERTAR A MIM MESMO, TODOS OS MEUS EU\u2019S E A TODO AQUELE QUE EM ALGUM MOMENTO EU MAGOEI OU GEREI ALGUM TIPO DE ILUS\u00c3O OU PREJU\u00cdZO, QUE ELES ATINJAM A PAZ E A BEM-AVENTURAN\u00c7A, EM SEUS DIAS, EM SUA CAMINHADA.<\/span><\/p>\n<p><span style=\"color: #000000; font-size: 12pt;\">QUE TODOS SEJAM E ESTEJAM LIBERTOS EM SEUS RESSENTIMENTOS E DAS M\u00c1S LEMBRAN\u00c7AS. \u00c9 MEU DESEJO QUE SEJAM LIVRES COMPLETAMENTE E TOTALMENTE SE FOR SUA VONTADE SENHOR MEU DEUS.<\/span><\/p>\n<p><span style=\"color: #000000; font-size: 12pt;\">E AOS QUE ME MAGOARAM, E GERARAM ILUS\u00c3O OU PREJU\u00cdZO EM MEUS DIAS, ME AJUDE SENHOR MEU DEUS A ME LIBERTAR DELES, E A ME LIBERTAR DOS MAUS MOMENTOS E M\u00c1S LEMBRAN\u00c7AS.<\/span><\/p>\n<p><span style=\"color: #000000; font-size: 12pt;\">QUE SEJA REFEITA MINHA POSTURA MENTAL EM PAZ, AMOR E LUZ; SE O SENHOR ASSIM DESEJAR E PERMITIR SENHOR MEU DEUS, PARA QUE EU POSSA ME RESGATAR COM TODO MEU ANTEPASSADO CR\u00cdSTICO E COM TODA A ENERGIA ANCESTRAL DE MINHA VIDA, DE MINHA ALMA, E DE TODO ESTE ESPA\u00c7O\/TEMPO EM CHRISTUS JESUS, PELA CONSCI\u00caNCIA CR\u00cdSTICA (TOTALIT\u00c1RIA) EM IESCHOUAH.&nbsp; MANTENEDORA DE TODO OF\u00cdCIO CR\u00cdSTICO NA FREQU\u00caNCIA DA MENTE CRIADORA DE TODA LUZ!!!&#8230;<\/span><\/p>\n<p><span style=\"color: #000000; font-size: 12pt;\">ME CONCEDA, SENHOR MEU DEUS, A GRA\u00c7A DE PODER ESTAR EM HARMONIA COM TODO O MEU ANTEPASSADO E COM MEUS ANCESTRAIS EM TOTAL REINTEGRA\u00c7\u00c3O E HUMILDE INTERA\u00c7\u00c3O.<\/span><\/p>\n<p><span style=\"color: #000000; font-size: 12pt;\">NESTE MOMENTO EU, (nome completo) AGRADE\u00c7O, DE TODO O MEU \u2018SER\u2019, COM MINHA ALMA DE JOELHOS E MEU CORA\u00c7\u00c3O LIGADO A TI, SENHOR MEU DEUS. ME ENTREGO, ME RENDO \u00c0S TUAS M\u00c3OS, PARA QUE EU POSSA SER INSTRUMENTO REAL, DE TUA VONTADE E QUE ASSIM POSSA SER POR TEMPO INDETERMINADO, PORQUE JESUS J\u00c1 \u00c9 O MESTRE DA MINHA VIDA, E EU LHE SOU INFINITAMENTE GRATO(A) \u00c0 VIDA QUE ME CONCEDESTE.<\/span><\/p>\n<p><span style=\"color: #000000; font-size: 12pt;\">EM GRATID\u00c3O, FA\u00c7A EM MIM CUMPRIR A SUA VONTADE, SENHOR MEU DEUS!!!<\/span><\/p>\n<p><span style=\"color: #000000; font-size: 12pt;\">AM\u00c9M! AM\u00c9M! AM\u00c9M! AM\u00c9M! AM\u00c9M!<\/span><\/p>\n<p><span style=\"font-size: 12pt;\"><strong><span style=\"color: #000000;\">3x ADONAN ANTEVANARA JERIHOM T\u2019S\u00c1<\/span><\/strong><\/span><\/p>\n<table width=\"100%\">\n<tbody>\n<tr>\n<td><span style=\"color: #000000;\"><strong>Obs.:<\/strong>&nbsp;<strong>Para alcan\u00e7ar um objetivo, uma \u2018inten\u00e7\u00e3o\u2019, voc\u00ea poder\u00e1 repetir esta ora\u00e7\u00e3o por 40 dias seguidos, em qualquer hor\u00e1rio ou por 7 dias seguidos sempre no mesmo hor\u00e1rio (dia ou noite). Caso perca algum dia, dever\u00e1 recome\u00e7ar a sequ\u00eancia das ora\u00e7\u00f5es, sempre de modo ininterrupto.<\/strong><\/span><\/td>\n<\/tr>\n<\/tbody>\n<\/table>\n<p>&nbsp;<\/p>\n","protected":false},"excerpt":{"rendered":"<p>Primeira Ora\u00e7\u00e3o canalizada pelos m\u00e9diuns de nossa Casa S.A.M.A. (2008) ORA\u00c7\u00c3O da BEM-AVENTURAN\u00c7A Reconcilia\u00e7\u00e3o com todo nosso Antepassado e Energias Ancestrais (de nossos EU\u2019s, de todas nossas vidas) Inten\u00e7\u00e3o: dilui\u00e7\u00e3o ou t\u00e9rmino de nosso karma e poss\u00edvel entrada em nosso&hellip; <\/p>\n","protected":false},"author":1,"featured_media":0,"parent":284,"menu_order":1,"comment_status":"closed","ping_status":"closed","template":"","meta":{"om_disable_all_campaigns":false,"ngg_post_thumbnail":0,"_joinchat":[],"footnotes":""},"aioseo_notices":[],"_links":{"self":[{"href":"https:\/\/casasama.org.br\/index.php\/wp-json\/wp\/v2\/pages\/345"}],"collection":[{"href":"https:\/\/casasama.org.br\/index.php\/wp-json\/wp\/v2\/pages"}],"about":[{"href":"https:\/\/casasama.org.br\/index.php\/wp-json\/wp\/v2\/types\/page"}],"author":[{"embeddable":true,"href":"https:\/\/casasama.org.br\/index.php\/wp-json\/wp\/v2\/users\/1"}],"replies":[{"embeddable":true,"href":"https:\/\/casasama.org.br\/index.php\/wp-json\/wp\/v2\/comments?post=345"}],"version-history":[{"count":5,"href":"https:\/\/casasama.org.br\/index.php\/wp-json\/wp\/v2\/pages\/345\/revisions"}],"predecessor-version":[{"id":466,"href":"https:\/\/casasama.org.br\/index.php\/wp-json\/wp\/v2\/pages\/345\/revisions\/466"}],"up":[{"embeddable":true,"href":"https:\/\/casasama.org.br\/index.php\/wp-json\/wp\/v2\/pages\/284"}],"wp:attachment":[{"href":"https:\/\/casasama.org.br\/index.php\/wp-json\/wp\/v2\/media?parent=345"}],"curies":[{"name":"wp","href":"https:\/\/api.w.org\/{rel}","templated":true}]}}