{"id":21,"date":"2017-01-11T23:28:53","date_gmt":"2017-01-12T02:28:53","guid":{"rendered":"https:\/\/casasama.org.br\/?page_id=21"},"modified":"2024-03-03T19:14:38","modified_gmt":"2024-03-03T22:14:38","slug":"reiki","status":"publish","type":"page","link":"https:\/\/casasama.org.br\/index.php\/reiki\/","title":{"rendered":"Reiki"},"content":{"rendered":"\n<p>&nbsp;<\/p>\n<h2 style=\"text-align: center;\"><strong>Reiki no Minist\u00e9rio do Trabalho e Oficialmente no SUS<\/strong><\/h2>\n<p>&nbsp;<\/p>\n\n\n<p><img loading=\"lazy\" decoding=\"async\" class=\"wp-image-831 size-full alignleft\" src=\"https:\/\/casasama.org.br\/wp-content\/uploads\/2024\/03\/reiki-sus.png\" alt=\"\" width=\"498\" height=\"446\" srcset=\"https:\/\/casasama.org.br\/wp-content\/uploads\/2024\/03\/reiki-sus.png 498w, https:\/\/casasama.org.br\/wp-content\/uploads\/2024\/03\/reiki-sus-300x269.png 300w\" sizes=\"(max-width: 498px) 100vw, 498px\" \/><\/p>\n<p><a href=\"https:\/\/docs.google.com\/forms\/d\/e\/1FAIpQLSdv2ho1Ic60x4HoiZz0G9sOkehSAdAlqbGRc3T3ajA68ClXzg\/viewform?usp=sf_link\"><img loading=\"lazy\" decoding=\"async\" class=\"wp-image-847 alignright\" src=\"https:\/\/casasama.org.br\/wp-content\/uploads\/2024\/03\/Solicitacao-de-Reiki.png\" alt=\"\" width=\"449\" height=\"449\" srcset=\"https:\/\/casasama.org.br\/wp-content\/uploads\/2024\/03\/Solicitacao-de-Reiki.png 1080w, https:\/\/casasama.org.br\/wp-content\/uploads\/2024\/03\/Solicitacao-de-Reiki-300x300.png 300w, https:\/\/casasama.org.br\/wp-content\/uploads\/2024\/03\/Solicitacao-de-Reiki-1024x1024.png 1024w, https:\/\/casasama.org.br\/wp-content\/uploads\/2024\/03\/Solicitacao-de-Reiki-150x150.png 150w, https:\/\/casasama.org.br\/wp-content\/uploads\/2024\/03\/Solicitacao-de-Reiki-768x768.png 768w\" sizes=\"(max-width: 449px) 100vw, 449px\" \/><\/a><\/p>\n<p>&nbsp;<\/p>\n<p>&nbsp;<\/p>\n<p>&nbsp;<\/p>\n<p>&nbsp;<\/p>\n<p>&nbsp;<\/p>\n<p>&nbsp;<\/p>\n<p>&nbsp;<\/p>\n<p>&nbsp;<\/p>\n<p>&nbsp;<\/p>\n<p>&nbsp;<\/p>\n<p>&nbsp;<\/p>\n<p>&nbsp;<\/p>\n<p><span style=\"font-family: 'book antiqua', palatino, serif; font-size: 14pt; color: #000000;\"><em><strong><span style=\"font-size: 18pt;\">REIKI<\/span><\/strong><\/em> &nbsp;\u00e9 uma &nbsp;Sistema Milenar de Harmoniza\u00e7\u00e3o Energ\u00e9tica que foi redescoberto por MIKAO USUI &nbsp;no final do s\u00e9culo XIX, que conseguiu decodific\u00e1-lo \u00e0 forma que se aplica atualmente. E somente nos meados do \u00b4seculo XX que come\u00e7ou a ser divulgado lentamente e \u00e9 importante destacar dois grandes Mestres em Reiki que foram de fundamental import\u00e2ncia para que o REIKI chegasse aos nossos dias: &nbsp;o Dr. Chujiro Hayashi que foi um dos tr\u00eas importantes oficiais da Marinha que Usui iniciou &nbsp;Mestre, sendo ele respons\u00e1vel pela difus\u00e3o da t\u00e9cnica, e tendo iniciado Mestra, Hawoyo Takata, que trouxe o Reiki para o Ocidente, a contra-gosto de algumas camadas sociais japonesas que n\u00e3o queriam que essa t\u00e9cnica sa\u00edsse do Jap\u00e3o. E desse modo no final do s\u00e9culo XX O Reiki se propagava por todo Ocidente.<\/span><\/p>\n<p>&nbsp;<\/p>\n<p>&nbsp;<\/p>\n<p><span style=\"font-family: 'book antiqua', palatino, serif; font-size: 14pt; color: #000000;\">Reiki \u00e9 uma t\u00e9cnica da terapia Hol\u00edstica acess\u00edvel a qualquer pessoa: beb\u00eas, crian\u00e7as e adultos, incluindo animais e plantas. Ocorre pela fluidez energ\u00e9tica atrav\u00e9s da \u2018imposi\u00e7\u00e3o das m\u00e3os\u2019; de modo natural e humanista, sempre com muito respeito e compaix\u00e3o.<\/span><\/p>\n<p>&nbsp;<\/p>\n<p><img loading=\"lazy\" decoding=\"async\" class=\"alignnone size-full wp-image-558\" src=\"https:\/\/casasama.org.br\/wp-content\/uploads\/2017\/01\/009.jpg\" alt=\"\" width=\"2284\" height=\"568\" srcset=\"https:\/\/casasama.org.br\/wp-content\/uploads\/2017\/01\/009.jpg 2284w, https:\/\/casasama.org.br\/wp-content\/uploads\/2017\/01\/009-300x75.jpg 300w, https:\/\/casasama.org.br\/wp-content\/uploads\/2017\/01\/009-768x191.jpg 768w, https:\/\/casasama.org.br\/wp-content\/uploads\/2017\/01\/009-1024x255.jpg 1024w\" sizes=\"(max-width: 2284px) 100vw, 2284px\" \/><\/p>\n<p>&nbsp;<\/p>\n<p><strong><span style=\"font-family: 'book antiqua', palatino, serif; font-size: 18pt; color: #000000;\">Hist\u00f3ria do Reiki<\/span><\/strong><\/p>\n<p><span style=\"font-family: 'book antiqua', palatino, serif; font-size: 14pt; color: #000000;\">Reiki foi redescoberto no final do s\u00e9culo XIX por Mikao Usui, professor de Teologia Crist\u00e3 na Universidade de Dashina. Questionado por seus alunos do por qu\u00ea n\u00e3o se curava mais com as m\u00e3os como no tempo de Jesus Cristo; Mikao n\u00e3o sabendo responder com presteza, decide se afastar da fun\u00e7\u00e3o de professor para investigar a respeito. Foram aproximadamente 10 anos de pesquisa por v\u00e1rios pa\u00edses, entre eles: E.U.A; China; \u00cdndia e outros. Foi no Tibete que encontrou manuscritos com estranhos s\u00edmbolos sem nenhuma informa\u00e7\u00e3o ou explica\u00e7\u00e3o a respeito. Ent\u00e3o resolve meditar em total jejum na montanha sagrada Kuryama, pr\u00f3xima de Kyoto onde ocorre sua sintonia com as energias Reiki e somente no 21\u00ba. dia, canaliza todas as informa\u00e7\u00f5es necess\u00e1rias, para a pr\u00e1tica do Reiki pelas imposi\u00e7\u00f5es das m\u00e3os e Reiki a dist\u00e2ncia.<\/span><\/p>\n<p>&nbsp;<\/p>\n<p><span style=\"font-family: 'book antiqua', palatino, serif; font-size: 18pt; color: #000000;\"><strong>Sobre o Reiki<\/strong><\/span><\/p>\n<p><span style=\"font-family: georgia, palatino, serif; font-size: 14pt; color: #000000;\">Reiki uma palavra Japonesa que significa \u2018Energia Vital Universal\u2019 ou \u2018Energia Vital do Universo\u2019. Sendo que \u2018Rei\u2019 = Energia sutil que permeia todas as coisas; animados e inanimados; e \u2018Ki\u2019 = energia vital individualizada, esta presente em todos os organismos vivos.<\/span><\/p>\n<p><span style=\"font-family: georgia, palatino, serif; font-size: 14pt; color: #000000;\">Objetivo: Restabelecer, restaurar, harmonizar, organizar e ativar todos os nossos sistemas org\u00e2nicos e energ\u00e9ticos; focando bem estar e sa\u00fade.<\/span><\/p>\n<p>&nbsp;<\/p>\n<p><span style=\"font-family: 'book antiqua', palatino, serif; font-size: 14pt; color: #000000;\"><strong>O REIKI<\/strong> nos acessa com facilidade porque somos energia! Embora ainda exista muitas pessoas neste atual s\u00e9culo XXI, que n\u00e3o consigam entender ou aceitar essa realidade j\u00e1 constatada cientificamente. Mas \u00e9 fato que tudo que existe a n\u00edvel material \u00e9 um padr\u00e3o energ\u00e9tico da diversidade de ser: s\u00f3lido, liquido, gasoso, plasm\u00e1tico&#8230; <\/span><br><span style=\"font-family: 'book antiqua', palatino, serif; font-size: 14pt; color: #000000;\">Ent\u00e3o o REIKI que \u00e9 pura energia e por ser um sistema natural de harmoniza\u00e7\u00e3o e reposi\u00e7\u00e3o energ\u00e9tica que mant\u00e9m e recupera a sa\u00fade por potencializar nosso organismo atrav\u00e9s da imposi\u00e7\u00e3o de m\u00e3os sobre partes e pontos do corpo. E esse processo acontece pelo Reiki, por ser este, energia pura do universo, e n\u00e3o polarizada, inteligente por si mesmo, e que atua onde e como se fizer necess\u00e1rio, independente da inten\u00e7\u00e3o do Reikiano ou do receptor, o assistido.<\/span><\/p>\n<p><span style=\"font-family: 'book antiqua', palatino, serif; font-size: 14pt; color: #000000;\">Por se servir e fazer uso de uma energia de alta freq\u00fc\u00eancia, &#8220;Rei&#8221;, proveniente de dimens\u00f5es superiores, aspecto espiritual, o \u201cdivino\u201d. Estas energias espirituais que atuam no indiv\u00edduo buscando dissolver a causa de seus males e ampliando sua consci\u00eancia, funcionam como instrumento de transforma\u00e7\u00e3o de energias nocivas, em ben\u00e9ficas. E por isso pode mediar a \u2018cura\u2019, por proporcionar: desbloqueios energ\u00e9ticos; a purifica\u00e7\u00e3o de meios densificados, e fortalecer o ser humano a se tornar apto perante aos desafios de cada dia e \u00e0s exig\u00eancias da transforma\u00e7\u00e3o, que possa desejar para si. <\/span><\/p>\n<p><span style=\"font-family: 'book antiqua', palatino, serif; font-size: 14pt; color: #000000;\">\u2018Rei\u2019 \u00e9 a energia primordial segundo a f\u00edsica moderna, de onde os nossos \u00e1tomos se originam. &#8220;Ki&#8221; \u00e9 a energia polarizada (positivo\/negativo), esta energia existe em todo meio que exista mat\u00e9ria manifesta e inclusive em nosso corpo, por isso o bem-estar ao receber Reiki. A energia Rei movimento os \u00e1tomos gerando um campo de alta frequ\u00eancia e pot\u00eancia energ\u00e9tica que organiza, movimenta e equilibra a energia Ki, e desse modo compreendemos o nome Reiki, da energia Reiki como Energia Vital Universal, a energia que sempre ir\u00e1 nos beneficiar e interagir com tudo que vibra em n\u00f3s, neste plano dimensional e outros planos sutis, bem como o plano dos desencarnados.<\/span><\/p>\n<p>&nbsp;<\/p>\n<p style=\"text-align: justify;\"><span style=\"color: #000000;\"><img loading=\"lazy\" decoding=\"async\" class=\"size-full wp-image-29 aligncenter\" src=\"https:\/\/casasama.org.br\/wp-content\/uploads\/2017\/01\/img_reiki.jpg\" alt=\"img_reiki\" width=\"579\" height=\"274\" srcset=\"https:\/\/casasama.org.br\/wp-content\/uploads\/2017\/01\/img_reiki.jpg 579w, https:\/\/casasama.org.br\/wp-content\/uploads\/2017\/01\/img_reiki-300x142.jpg 300w\" sizes=\"(max-width: 579px) 100vw, 579px\" \/><\/span><\/p>\n<p style=\"text-align: justify;\">&nbsp;<\/p>\n<p style=\"text-align: justify;\"><img loading=\"lazy\" decoding=\"async\" class=\"alignnone size-full wp-image-557\" src=\"https:\/\/casasama.org.br\/wp-content\/uploads\/2017\/01\/008.jpg\" alt=\"\" width=\"1762\" height=\"574\" srcset=\"https:\/\/casasama.org.br\/wp-content\/uploads\/2017\/01\/008.jpg 1762w, https:\/\/casasama.org.br\/wp-content\/uploads\/2017\/01\/008-300x98.jpg 300w, https:\/\/casasama.org.br\/wp-content\/uploads\/2017\/01\/008-768x250.jpg 768w, https:\/\/casasama.org.br\/wp-content\/uploads\/2017\/01\/008-1024x334.jpg 1024w\" sizes=\"(max-width: 1762px) 100vw, 1762px\" \/><\/p>\n<p style=\"text-align: justify;\">&nbsp;<\/p>\n<p style=\"text-align: justify;\"><span style=\"font-family: georgia, palatino, serif; font-size: 14pt; color: #000000;\">Padr\u00f5es \u00c9ticos do Reiki: Simplicidade e praticidade; Rompe tempo e espa\u00e7o; Hol\u00edstico; Sem polaridade e seguro; Expans\u00e3o da Consci\u00eancia; Sem conota\u00e7\u00e3o religiosa ou credos; N\u00e3o desgasta o terapeuta; Auto-tratamento; Sem diagn\u00f3stico; Beneficia todo ser vivo; N\u00e3o fica obsoleto; N\u00e3o \u00e9 invasor, sempre muito respeitoso (n\u00e3o \u00e9 necess\u00e1rio despir-se); Complementar a todo e qualquer tratamento; N\u00e3o substitui tratamento M\u00e9dico Convencional; Reconhecido pelo Minist\u00e9rio do Trabalho como profiss\u00e3o, recebendo o c\u00f3digo 8690-9\/01 pela CONCLA; Tamb\u00e9m reconhecido pelo minist\u00e9rio da Sa\u00fade e pela OMS- Organiza\u00e7\u00e3o Mundial da Sa\u00fade.<\/span><\/p>\n<p><span style=\"font-family: 'book antiqua', palatino, serif; font-size: 14pt; color: #000000;\">No dia 27 de mar\u00e7o de 2017, uma Portaria do Minist\u00e9rio da Sa\u00fade foi publicada no Di\u00e1rio Oficial da Uni\u00e3o (Portaria 849), incluindo o Reiki como uma pr\u00e1tica integrativa na \u201cTabela de Procedimentos\u201d oferecidos pelo Sistema \u00danico de Sa\u00fade (SUS), na categoria de \u201ca\u00e7\u00f5es de promo\u00e7\u00e3o e preven\u00e7\u00e3o em sa\u00fade\u201d<\/span><\/p>\n<p>&nbsp;<\/p>\n<p><span style=\"font-family: 'book antiqua', palatino, serif; font-size: 18pt; color: #000000;\"><strong>A \u00c9tica Reikiana<\/strong><\/span><\/p>\n<p><span style=\"font-family: georgia, palatino, serif; font-size: 14pt; color: #000000;\">A \u00c9tica Reikiana preza o livre-arb\u00edtrio do indiv\u00edduo: devemos aplicar Reiki somente em quem desejar receber, ou se estiver muito enfermo, pela solicita\u00e7\u00e3o de terceiros. Todo reikiano deve buscar, antes da aplica\u00e7\u00e3o: assepsia f\u00edsica, mental, emocional e espiritual. O importante \u00e9 manter-se ligado ao grande vazio, manter em profundo sil\u00eancio mental, escutando apenas seu cora\u00e7\u00e3o; em um exerc\u00edcio constante de auto-supera\u00e7\u00e3o e disciplina. Caso n\u00e3o consiga serenar sua mente, sugerimos ao reikiano que permane\u00e7a focado nos pensamentos positivistas ou se mantenha em ora\u00e7\u00e3o de acordo com sua f\u00e9 ou cren\u00e7a.<\/span><\/p>\n<p><span style=\"color: #000000; font-family: 'book antiqua', palatino, serif; font-size: 14pt;\">Mikao Usui, no in\u00edcio do trabalho com o Reiki, percebeu que no processo de cura \u00e9 importante tamb\u00e9m, a mudan\u00e7a da postura mental e de comportamento do indiv\u00edduo, para manter um padr\u00e3o energ\u00e9tico saud\u00e1vel. Por isso ele instituiu cinco preceitos a serem postos em pr\u00e1tica diariamente.<\/span><\/p>\n<p>&nbsp;<\/p>\n<p><span style=\"font-family: georgia, palatino, serif; font-size: 14pt; color: #000000;\"><strong><img loading=\"lazy\" decoding=\"async\" class=\"alignnone size-full wp-image-568\" src=\"https:\/\/casasama.org.br\/wp-content\/uploads\/2017\/01\/5-principios.jpg\" alt=\"\" width=\"2502\" height=\"1432\" srcset=\"https:\/\/casasama.org.br\/wp-content\/uploads\/2017\/01\/5-principios.jpg 2502w, https:\/\/casasama.org.br\/wp-content\/uploads\/2017\/01\/5-principios-300x172.jpg 300w, https:\/\/casasama.org.br\/wp-content\/uploads\/2017\/01\/5-principios-768x440.jpg 768w, https:\/\/casasama.org.br\/wp-content\/uploads\/2017\/01\/5-principios-1024x586.jpg 1024w\" sizes=\"(max-width: 2502px) 100vw, 2502px\" \/><\/strong><\/span><\/p>\n<p style=\"padding-left: 30px;\"><span style=\"color: #000000;\">&nbsp;<\/span><\/p>\n<h2><span style=\"font-size: 18pt;\"><strong><span style=\"font-family: 'book antiqua', palatino, serif; color: #000000;\">Como se tornar um Reikiano?<\/span><\/strong><\/span><\/h2>\n<p><span style=\"font-family: 'book antiqua', palatino, serif; font-size: 14pt; color: #000000;\">J\u00e1 \u00e9 sabido que para ser tornar um Reikiano \u00e9 preciso passar por um semin\u00e1rio de \u2018Sintoniza\u00e7\u00e3o das Energias REIKI\u2019 onde cada participante recebe informa\u00e7\u00f5es, orienta\u00e7\u00f5es e treinamentos de como aplicar Reiki e agir como um Reikiano; sendo \u2018iniciado\u2019 nesta pr\u00e1tica.<\/span><\/p>\n<p><span style=\"font-family: 'book antiqua', palatino, serif; font-size: 14pt; color: #000000;\">O Reiki ajuda voc\u00ea a se ajudar. o &#8220;Reikiano&#8221; \u00e9 apenas um canal transmissor de energia treinado para \u201cservir\u201d a si mesmo e tudo que vive&#8230; com o devido respeito e adequa\u00e7\u00e3o necess\u00e1ria de quem entende, que tudo que vive \u00e9 oriundo e pertinente a uma Fonte Superior, Deus, causa primeira de todas as coisas. <\/span><\/p>\n<p><span style=\"font-family: 'book antiqua', palatino, serif; font-size: 14pt; color: #000000;\">A t\u00e9cnica pode ser aprendida por qualquer pessoa, sem limite de idade, mas desde que tenha uma vontade verdadeira de servir ao prop\u00f3sito; e independente de sua cren\u00e7a ou religi\u00e3o. Para ser um Reikiano N\u00e3o basta, adquirir o conhecimento em livros e muito menos pela INTERNET, N\u00c3O EXISTE INICIA\u00c7\u00c3O VIA ONLIE.: \u00c9 preciso passar por uma s\u00e9rie de harmoniza\u00e7\u00f5es (ativa\u00e7\u00f5es) ministradas por um Mestre em Reiki qualificado. A nossa m\u00e1 alimenta\u00e7\u00e3o, m\u00e1 respira\u00e7\u00e3o, ang\u00fastia, depress\u00e3o, pensamentos negativos, estresse di\u00e1rio e os problemas heredit\u00e1rios criam bloqueios nos centros energ\u00e9ticos &#8211; os chackras &#8211; impedindo o fluxo da for\u00e7a vital atrav\u00e9s do organismo. Por isso que orientamos N\u00c3O BASTA passar por uma INICIA\u00c7\u00c3O para se Considerar UM REIKIANO!<\/span><\/p>\n<p><span style=\"font-family: 'book antiqua', palatino, serif; font-size: 14pt; color: #000000;\">Em outras palavras, \u00e9 preciso investir em nosso autoconhecimento, se aprofundar no conhecimento e t\u00e9cnica do Sistema Reiki e desenvolver o Amor Incondicional pelo pr\u00f3ximo, afinal qual seria a raz\u00e3o de nos submetermos a uma inicia\u00e7\u00e3o, a sintoniza\u00e7\u00e3o do Reiki se n\u00e3o for para \u2018servir\u2019 ao pr\u00f3ximo? A principal li\u00e7\u00e3o que o Mestre Jesus Cristo veio nos trazer foram ensinamentos sobre o amor, compaix\u00e3o, e respeito a \u2018dor\u2019 do outro. Os evangelhos est\u00e3o cheios de relatos de curas milagrosas realizadas por Jesus Cristo em muita compaix\u00e3o, e atrav\u00e9s da imposi\u00e7\u00e3o de m\u00e3os &#8211; &#8220;E a virtude do Senhor estava em suas m\u00e3os, para curar &#8221; (Lc 5, 17).<\/span><\/p>\n<p><span style=\"font-family: 'book antiqua', palatino, serif; font-size: 14pt; color: #000000;\">Em nossa Casa S.A.M.A. o REIK I- Terapia Hol\u00edstica, \u00e9 oferecido \u00e0 comunidade GRATUITAMENTE; como ferramenta de presta\u00e7\u00e3o de servi\u00e7o ao pr\u00f3ximo, Sempre de modo \u2018GRATUITO\u2019, o que permite que pessoas de religi\u00f5es distintas venham receb\u00ea-lo, em nosso exerc\u00edcio de comprometimento com a Caridade, Afinal a Doutrina Esp\u00edrita \u00e9 determinante em afirmar: \u201c&#8230; fora da Caridade n\u00e3o h\u00e1 Salva\u00e7\u00e3o &#8230;\u201d (cap\u00edtulo 15 ou XV \u2013 do Evangelho segundo o Espiritismo). Entendemos por Caridade todo gesto fraterno e verdadeiro em prol do pr\u00f3ximo independente de etnia, credo; procurando acolher quem nos procura em sua \u2018dor\u2019, com Ahimsa como dizia Gandhi: Ahimsa \u00e9 uma palavra em s\u00e2nscrito que significa basicamente \u201cn\u00e3o ferir\u201d. \u00c9 comumente traduzida como \u201cn\u00e3o viol\u00eancia\u201d. Estamos buscando em nossa Casa S.A.M.A.= \u201cSimplicidade no Aux\u00edlio em Manifesta\u00e7\u00e3o Amorosa\u201d, o exerc\u00edcio da fraternidade e da Paz renovadora entre os Homens e tudo que vive. Fazendo a nossa parte perante os des\u00edgnios da evolu\u00e7\u00e3o&#8230; Vivermos em Paz, Amor, com muito Respeito e quem sabe em \u201cIrmandade\u201d&#8230;<\/span><\/p>\n<p>&nbsp;<\/p>\n<h2 style=\"text-align: center;\">&nbsp;<img loading=\"lazy\" decoding=\"async\" class=\"alignnone size-full wp-image-566\" src=\"https:\/\/casasama.org.br\/wp-content\/uploads\/2017\/01\/beneficios.jpg\" alt=\"\" width=\"639\" height=\"917\" srcset=\"https:\/\/casasama.org.br\/wp-content\/uploads\/2017\/01\/beneficios.jpg 639w, https:\/\/casasama.org.br\/wp-content\/uploads\/2017\/01\/beneficios-209x300.jpg 209w\" sizes=\"(max-width: 639px) 100vw, 639px\" \/><br>&nbsp;<\/h2>\n<p style=\"text-align: center;\"><span style=\"font-family: 'book antiqua', palatino, serif; font-size: 18pt; color: #000000;\"><strong>ATITUDES E SENTIMENTOS QUE DEVEM SEMPRE SER EVITADOS: <\/strong><\/span><\/p>\n<p style=\"text-align: center;\"><span style=\"font-family: 'book antiqua', palatino, serif; font-size: 18pt; color: #000000;\"><strong>O REIKI SEMPRE SER\u00c1 UM GRANDE AUX\u00cdLIO!<\/strong><\/span><\/p>\n<p style=\"text-align: center;\"><span style=\"font-family: 'book antiqua', palatino, serif; font-size: 12pt; color: #000000;\">Mas \u00e9 importante estarmos em vigil\u00e2ncia para n\u00e3o nos tornarmos vulner\u00e1veis as energias negativas da vida.<\/span><\/p>\n<p style=\"text-align: center;\"><img loading=\"lazy\" decoding=\"async\" class=\"alignnone size-full wp-image-560\" src=\"https:\/\/casasama.org.br\/wp-content\/uploads\/2017\/01\/WhatsApp-Image-2017-07-12-at-10.10.55.jpeg\" alt=\"\" width=\"671\" height=\"196\" srcset=\"https:\/\/casasama.org.br\/wp-content\/uploads\/2017\/01\/WhatsApp-Image-2017-07-12-at-10.10.55.jpeg 671w, https:\/\/casasama.org.br\/wp-content\/uploads\/2017\/01\/WhatsApp-Image-2017-07-12-at-10.10.55-300x88.jpeg 300w\" sizes=\"(max-width: 671px) 100vw, 671px\" \/><\/p>\n<p style=\"text-align: center;\">&nbsp;<\/p>\n<p style=\"text-align: center;\"><span style=\"color: #008000;\"><sup><span style=\"font-size: 24pt;\"><em><span style=\"font-family: 'book antiqua', palatino, serif;\"><strong>AMBULAT\u00d3RIO do REIKI: &nbsp;<\/strong><\/span><\/em><\/span><\/sup><\/span><\/p>\n<p style=\"text-align: center;\"><span style=\"color: #008000;\"><sup><span style=\"font-size: 24pt;\"><em><span style=\"font-family: 'book antiqua', palatino, serif;\"><strong>REIKI PRESENCIAL e REIKI \u00c0 DIST\u00c2NCIA<\/strong><\/span><\/em><\/span><\/sup><\/span><\/p>\n<h2><span style=\"font-family: 'book antiqua', palatino, serif; font-size: 18pt; color: #000000;\">Hor\u00e1rios de atendimento<\/span><\/h2>\n<h2><span style=\"font-family: georgia, palatino, serif; font-size: 14pt; color: #000000;\">Ambulat\u00f3rio gratuito e aberto \u00e0 toda a comunidade&nbsp; (Presencial e \u00e0 Dist\u00e2ncia)&nbsp;<\/span><\/h2>\n<p style=\"padding-left: 30px;\">&nbsp;<\/p>\n<p><span style=\"font-family: georgia, palatino, serif; font-size: 14pt; color: #000000;\"><strong>Informa\u00e7\u00f5es adicionais<\/strong><\/span><\/p>\n<p><span style=\"font-family: georgia, palatino, serif; font-size: 14pt; color: #000000;\">N\u00e3o h\u00e1 nenhuma contraindica\u00e7\u00e3o, mas ao reikiano \u00e9 exigido boa-vontade e seguran\u00e7a consciente de quem realiza a pr\u00e1tica. Sabemos que ao iniciar a aplica\u00e7\u00e3o, o primeiro a receber a energia Reiki \u00e9 o pr\u00f3prio reikiano e na sequ\u00eancia o paciente em quest\u00e3o. Esta energia \u00e9 automaticamente ajustada de acordo com a necessidade do indiv\u00edduo, por isso, jamais busque controlar o Reiki mentalmente. Renda-se ao procedimento natural e todos ser\u00e3o infinitamente contidos em suas ben\u00e9fices.<\/span><\/p>\n<p><span style=\"font-family: georgia, palatino, serif; font-size: 14pt; color: #000000;\">Gratid\u00e3o Mikao Usui pelo seu legado.<\/span><\/p>","protected":false},"excerpt":{"rendered":"<p>&nbsp; Reiki no Minist\u00e9rio do Trabalho e Oficialmente no SUS &nbsp; &nbsp; &nbsp; &nbsp; &nbsp; &nbsp; &nbsp; &nbsp; &nbsp; &nbsp; &nbsp; &nbsp; &nbsp; REIKI &nbsp;\u00e9 uma &nbsp;Sistema Milenar de Harmoniza\u00e7\u00e3o Energ\u00e9tica que foi redescoberto por MIKAO USUI &nbsp;no final do&hellip; <\/p>\n","protected":false},"author":1,"featured_media":0,"parent":0,"menu_order":4,"comment_status":"closed","ping_status":"closed","template":"","meta":{"om_disable_all_campaigns":false,"ngg_post_thumbnail":0,"_joinchat":[],"footnotes":""},"aioseo_notices":[],"_links":{"self":[{"href":"https:\/\/casasama.org.br\/index.php\/wp-json\/wp\/v2\/pages\/21"}],"collection":[{"href":"https:\/\/casasama.org.br\/index.php\/wp-json\/wp\/v2\/pages"}],"about":[{"href":"https:\/\/casasama.org.br\/index.php\/wp-json\/wp\/v2\/types\/page"}],"author":[{"embeddable":true,"href":"https:\/\/casasama.org.br\/index.php\/wp-json\/wp\/v2\/users\/1"}],"replies":[{"embeddable":true,"href":"https:\/\/casasama.org.br\/index.php\/wp-json\/wp\/v2\/comments?post=21"}],"version-history":[{"count":37,"href":"https:\/\/casasama.org.br\/index.php\/wp-json\/wp\/v2\/pages\/21\/revisions"}],"predecessor-version":[{"id":879,"href":"https:\/\/casasama.org.br\/index.php\/wp-json\/wp\/v2\/pages\/21\/revisions\/879"}],"wp:attachment":[{"href":"https:\/\/casasama.org.br\/index.php\/wp-json\/wp\/v2\/media?parent=21"}],"curies":[{"name":"wp","href":"https:\/\/api.w.org\/{rel}","templated":true}]}}