{"id":11,"date":"2017-01-11T23:14:02","date_gmt":"2017-01-12T02:14:02","guid":{"rendered":"https:\/\/casasama.org.br\/?page_id=11"},"modified":"2026-04-03T12:43:15","modified_gmt":"2026-04-03T15:43:15","slug":"home","status":"publish","type":"page","link":"https:\/\/casasama.org.br\/","title":{"rendered":"Home"},"content":{"rendered":"<h5 style=\"text-align: center;\"><strong>\u201cVoc\u00ea n\u00e3o est\u00e1 sozinho.\u201d<\/strong><\/h5>\n<h6 style=\"text-align: center;\"><strong>\u201cA Casa Sama est\u00e1 aqui para te acolher e auxiliar espiritualmente.\u201d<\/strong>\u201c<a href=\"https:\/\/wa.me\/5517981001944?text=Ol\u00e1,%20como%20podemos%20te%20ajudar?\"><img loading=\"lazy\" decoding=\"async\" class=\"wp-image-928 aligncenter\" src=\"https:\/\/casasama.org.br\/wp-content\/uploads\/2026\/04\/Bota-Whatsapp-Casa-S.A.M.A.-2.png\" alt=\"\" width=\"204\" height=\"68\" srcset=\"https:\/\/casasama.org.br\/wp-content\/uploads\/2026\/04\/Bota-Whatsapp-Casa-S.A.M.A.-2.png 900w, https:\/\/casasama.org.br\/wp-content\/uploads\/2026\/04\/Bota-Whatsapp-Casa-S.A.M.A.-2-300x100.png 300w, https:\/\/casasama.org.br\/wp-content\/uploads\/2026\/04\/Bota-Whatsapp-Casa-S.A.M.A.-2-768x256.png 768w\" sizes=\"(max-width: 204px) 100vw, 204px\" \/><\/a><\/h6>\n<p>&nbsp;<\/p>\n<h6 style=\"text-align: center;\"><a href=\"https:\/\/docs.google.com\/forms\/d\/e\/1FAIpQLSdv2ho1Ic60x4HoiZz0G9sOkehSAdAlqbGRc3T3ajA68ClXzg\/viewform?usp=sf_link\"><img loading=\"lazy\" decoding=\"async\" class=\"size-full wp-image-934 aligncenter\" src=\"https:\/\/casasama.org.br\/wp-content\/uploads\/2026\/04\/botao-solicitacao.png\" alt=\"\" width=\"210\" height=\"280\"><\/a><strong>&#8220;Equilibre sua energia e sinta o bem-estar onde quer que voc\u00ea esteja.&#8221;<\/strong><\/h6>\n<p style=\"text-align: center;\"><a href=\"https:\/\/docs.google.com\/forms\/d\/e\/1FAIpQLSfJ50NY8qSRfyCaiWL3pg8gPaBhHWXQfoU09Nv3adZ1z41sRw\/viewform?usp=header\"><img loading=\"lazy\" decoding=\"async\" class=\"size-full wp-image-935 aligncenter\" src=\"https:\/\/casasama.org.br\/wp-content\/uploads\/2026\/04\/2.png\" alt=\"\" width=\"210\" height=\"280\"><\/a><strong><span style=\"color: #333333; font-size: 20px; text-align: center;\">&#8220;N\u00f3s nos unimos a voc\u00ea em f\u00e9. Deixe aqui suas inten\u00e7\u00f5es e preces.&#8221;<\/span><\/strong><\/p>\n<h6 style=\"text-align: center;\"><img loading=\"lazy\" decoding=\"async\" class=\"size-full wp-image-937 aligncenter\" src=\"https:\/\/casasama.org.br\/wp-content\/uploads\/2026\/04\/4.png\" alt=\"\" width=\"210\" height=\"280\"><em><strong><span style=\"color: #993366;\">EM BREVE<\/span><\/strong><\/em>&nbsp;<\/h6>\n<h6 style=\"text-align: center;\"><strong> &nbsp; &#8220;Transforme seu ambiente em um espa\u00e7o de luz e serenidade em fam\u00edlia.&#8221;<\/strong><\/h6>\n<h6 style=\"text-align: center;\"><img loading=\"lazy\" decoding=\"async\" class=\"size-full wp-image-936 aligncenter\" src=\"https:\/\/casasama.org.br\/wp-content\/uploads\/2026\/04\/3.png\" alt=\"\" width=\"210\" height=\"280\"><em><strong><span style=\"color: #993366;\">EM BREVE<\/span><\/strong><\/em><\/h6>\n<h6 style=\"text-align: center;\"><strong>&#8220;Aprofunde seus conhecimentos e ilumine sua jornada espiritual.&#8221;<\/strong><\/h6>\n<p>&nbsp;<\/p>\n<h6 style=\"text-align: center;\"><a href=\"https:\/\/api.whatsapp.com\/send\/?phone=5517981001944&amp;text=Ol%C3%A1%2C+desejo+agendar+uma+sess%C3%A3o+de+Reiki+na+Casa+SAMA%21&amp;type=phone_number&amp;app_absent=0\"><img loading=\"lazy\" decoding=\"async\" class=\"size-full wp-image-945 aligncenter\" src=\"https:\/\/casasama.org.br\/wp-content\/uploads\/2026\/04\/botao-solicitacao-2.png\" alt=\"\" width=\"210\" height=\"280\"><\/a><strong>&#8220;Agende sua sess\u00e3o e permita-se um momento de paz, cura e renova\u00e7\u00e3o em nosso espa\u00e7o.&#8221;<\/strong><\/h6>\n<p>&nbsp;<\/p>\n<p>&nbsp;<\/p>\n<h6 style=\"text-align: center;\"><img loading=\"lazy\" decoding=\"async\" class=\"size-full wp-image-939 aligncenter\" src=\"https:\/\/casasama.org.br\/wp-content\/uploads\/2026\/04\/botao-solicitacao-1.png\" alt=\"\" width=\"210\" height=\"280\"><strong>&#8220;Seu gesto de amor transforma vidas. Ajude-nos a continuar nossa miss\u00e3o.&#8221;<\/strong><\/h6>\n<h6 style=\"text-align: center;\"><strong>Chave Pix Casa S.A.M.A.&nbsp; &nbsp; &nbsp;17981001944<\/strong><\/h6>\n<p>&nbsp;<\/p>\n<p>&nbsp;<\/p>\n<p>&nbsp;<\/p>\n<h5 style=\"text-align: center;\"><strong>&#8220;Os Esp\u00edritos anunciam que chegaram os tempos marcados pela Provid\u00eancia para uma manifesta\u00e7\u00e3o universal e que, sendo eles os ministros de Deus e os agentes de sua vontade, t\u00eam por miss\u00e3o instruir e esclarecer os homens, abrindo uma nova era para a regenera\u00e7\u00e3o da Humanidade.&#8221;<\/strong><\/h5>\n<h5 style=\"text-align: center;\"><strong> Allan Kardec (O Livro dos Esp\u00edritos \u2013 Proleg\u00f4menos)<\/strong><\/h5>\n<p>&nbsp;<\/p>\n<p>&nbsp;<\/p>\n<p>&nbsp;<\/p>\n<p>&nbsp;<\/p>\n<h5 style=\"text-align: center;\">&nbsp;<\/h5>\n","protected":false},"excerpt":{"rendered":"<p>\u201cVoc\u00ea n\u00e3o est\u00e1 sozinho.\u201d \u201cA Casa Sama est\u00e1 aqui para te acolher e auxiliar espiritualmente.\u201d\u201c &nbsp; &#8220;Equilibre sua energia e sinta o bem-estar onde quer que voc\u00ea esteja.&#8221; &#8220;N\u00f3s nos unimos a voc\u00ea em f\u00e9. Deixe aqui suas inten\u00e7\u00f5es e&hellip; <\/p>\n","protected":false},"author":1,"featured_media":0,"parent":0,"menu_order":1,"comment_status":"closed","ping_status":"closed","template":"","meta":{"om_disable_all_campaigns":false,"ngg_post_thumbnail":0,"_joinchat":[],"footnotes":""},"aioseo_notices":[],"_links":{"self":[{"href":"https:\/\/casasama.org.br\/index.php\/wp-json\/wp\/v2\/pages\/11"}],"collection":[{"href":"https:\/\/casasama.org.br\/index.php\/wp-json\/wp\/v2\/pages"}],"about":[{"href":"https:\/\/casasama.org.br\/index.php\/wp-json\/wp\/v2\/types\/page"}],"author":[{"embeddable":true,"href":"https:\/\/casasama.org.br\/index.php\/wp-json\/wp\/v2\/users\/1"}],"replies":[{"embeddable":true,"href":"https:\/\/casasama.org.br\/index.php\/wp-json\/wp\/v2\/comments?post=11"}],"version-history":[{"count":30,"href":"https:\/\/casasama.org.br\/index.php\/wp-json\/wp\/v2\/pages\/11\/revisions"}],"predecessor-version":[{"id":952,"href":"https:\/\/casasama.org.br\/index.php\/wp-json\/wp\/v2\/pages\/11\/revisions\/952"}],"wp:attachment":[{"href":"https:\/\/casasama.org.br\/index.php\/wp-json\/wp\/v2\/media?parent=11"}],"curies":[{"name":"wp","href":"https:\/\/api.w.org\/{rel}","templated":true}]}}